{"id":7288,"date":"2020-12-06T19:57:52","date_gmt":"2020-12-06T18:57:52","guid":{"rendered":"http:\/\/www.caudete.org\/ayuntamiento\/?page_id=7288"},"modified":"2024-06-21T19:20:27","modified_gmt":"2024-06-21T17:20:27","slug":"biblioteca-secciones","status":"publish","type":"page","link":"https:\/\/www.caudete.org\/ayuntamiento\/biblioteca-secciones\/","title":{"rendered":"Biblioteca &#8211; Secciones"},"content":{"rendered":"<h2 style=\"text-align: justify;\">Hemeroteca<\/h2>\n<p style=\"text-align: justify;\">Esta es la secci\u00f3n de la biblioteca donde se guardan, de forma organizada, colecciones de publicaciones seriadas destinadas a servir al p\u00fablico en general.<br \/>\nEst\u00e1 situada a la entrada de la Biblioteca, y tiene 8 puestos de consulta y lectura.<\/p>\n<p style=\"text-align: justify;\">La colecci\u00f3n est\u00e1 formada por m\u00e1s de 70 t\u00edtulos. Hay una gran variedad de t\u00edtulos de revistas y publicaciones peri\u00f3dicas.<\/p>\n<p style=\"text-align: justify;\">El tipo de fondos que es posible encontrar:<\/p>\n<ul>\n<li style=\"text-align: justify;\">Diarios y boletines oficiales, tambi\u00e9n accesibles en los siguientes enlaces:\n<ul>\n<li><a href=\"http:\/\/www.boe.es\" target=\"_blank\" rel=\"noopener noreferrer nofollow\">Bolet\u00edn Oficial del Estado<\/a><\/li>\n<li><a href=\"http:\/\/www.jccm.es\/cgi-bin\/docm.php3\" target=\"_blank\" rel=\"noopener noreferrer nofollow\">Bolet\u00edn Oficial de Castilla-La Mancha<\/a><\/li>\n<li><a href=\"http:\/\/www.dipualba.es\" target=\"_blank\" rel=\"noopener noreferrer nofollow\">Bolet\u00edn Oficial de la Provincia de Albacete<\/a><\/li>\n<\/ul>\n<\/li>\n<li style=\"text-align: justify;\">Prensa. Tenemos prensa nacional, regional, y local. En la sala de hemeroteca s\u00f3lo tenemos la prensa del mes en curso, los meses anteriores se conservan en el dep\u00f3sito de publicaciones peri\u00f3dicas.<\/li>\n<li style=\"text-align: justify;\">Revistas. \u00c9stas son de libre acceso, y est\u00e1n ordenadas alfab\u00e9ticamente por el t\u00edtulo y han sido seleccionadas teniendo en cuenta las necesidades informativas de los usuarios. Las revistas en curso no se prestan.<\/li>\n<\/ul>\n<p style=\"text-align: justify;\">Para satisfacer las necesidades de los m\u00e1s peque\u00f1os, en la sala infantil contamos con revistas infantiles, con t\u00edtulos como las revistas Okapi y Caracola, dirigidas a satisfacer al p\u00fablico infantil.<\/p>\n<h2 style=\"text-align: justify;\">Secci\u00f3n Infantil<\/h2>\n<p style=\"text-align: justify;\">Los libros de esta secci\u00f3n est\u00e1n destinados a los lectores hasta 14 a\u00f1os. Los ni\u00f1os menores de 5 a\u00f1os podr\u00e1n hacer uso de este servicios acompa\u00f1ados de una persona adulta. Los libros infantiles se organizan por g\u00e9neros y dentro de \u00e9stos por distintivos de color que indican la edad recomendada para su lectura.<\/p>\n<p style=\"text-align: justify;\">Adem\u00e1s, la sala cuenta con una colecci\u00f3n de libros organizados por grandes bloques de materias. As\u00ed como la correspondiente colecci\u00f3n de referencia infantil y juvenil.<\/p>\n<p>&nbsp;<\/p>\n<table style=\"width: 100%;\" cellspacing=\"2\" cellpadding=\"2\" border=\"1\">\n<tbody>\n<tr>\n<td>Libros Infantiles<\/td>\n<td>Color del tejuelo<\/td>\n<\/tr>\n<tr>\n<td>Libros de im\u00e1genes<\/p>\n<p>De 0 a 5 a\u00f1os<\/td>\n<td style=\"background-color: #e8e120;\">Amarillo<\/td>\n<\/tr>\n<tr>\n<td>De 6 a 8 a\u00f1os<\/td>\n<td style=\"background-color: #26bd4b;\">Verde<\/td>\n<\/tr>\n<tr>\n<td>De 9 a 12 a\u00f1os<\/td>\n<td style=\"background-color: #e31045;\">Rojo<\/td>\n<\/tr>\n<tr>\n<td>De 12 a 14 a\u00f1os<\/td>\n<td style=\"background-color: #4a67f7;\">Azul<\/td>\n<\/tr>\n<\/tbody>\n<\/table>\n<p>&nbsp;<\/p>\n<h2>Secci\u00f3n Juvenil<\/h2>\n<p style=\"text-align: justify;\">Libros<br \/>\nInfantiles Color<br \/>\ndel tejuelo<br \/>\nLibros de im\u00e1genes<\/p>\n<p style=\"text-align: justify;\">De 0 a 5 a\u00f1os Amarillo<br \/>\nDe 6 a 8 a\u00f1os Verde<br \/>\nDe 9 a 12 a\u00f1os Rojo<br \/>\nDe 12 a 14 a\u00f1os Azul<\/p>\n<h2 style=\"text-align: justify;\">Secci\u00f3n Juvenil<\/h2>\n<p style=\"text-align: justify;\">Los t\u00edtulos de colecciones juveniles de narrativa (de 12 a 14 a\u00f1os) est\u00e1n agrupadas formando la secci\u00f3n de narrativa juvenil, agrupadas por el apellido del autor. Esta secci\u00f3n pretende tener localizables y m\u00e1s accesibes estos libros para el p\u00fablico joven. Contamos, entre otras, con las colecciones de las principales editoriales, y los t\u00edtulos m\u00e1s interesantes.<\/p>\n<h2 style=\"text-align: justify;\">Secci\u00f3n Mediateca<\/h2>\n<p style=\"text-align: justify;\">Esta secci\u00f3n es una de las m\u00e1s recientes y cuenta con varios apartados como Fonoteca, Videoteca, Mediateca, y Ordenadores con acceso a Internet:<\/p>\n<p style=\"text-align: justify;\">Secci\u00f3n Fonoteca, con la m\u00fasica en soporte CD agrupada por diferentes g\u00e9neros:, Bandas sonoras de pel\u00edculas, Grabaciones Infantiles, Nuevas M\u00fasicas, Chill Out, M\u00fasica Popular, Flamenco, Boleros, Canci\u00f3n espa\u00f1ola, Pop-Rock Nacional e Internacional, Hip-Hop, Jazz, Blues, M\u00fasica electr\u00f3nica, Zarzuela, \u00d3pera, M\u00fasica Cl\u00e1sica y Villancicos.<\/p>\n<p style=\"text-align: justify;\">Secci\u00f3n Videoteca, con multitud de pel\u00edculas en DVD, ordenada en diferentes g\u00e9neros: Cine-Drama, Cine-Hist\u00f3rico, Cine-Mudo, Cine-Musical, Cine-B\u00e9lico, Cine-Terror, Cine-Comedia, Cine-Rom\u00e1ntico, Cine-Acci\u00f3n, Cine-Suspense, Cine-Negro, Cine-Aventuras, Cine-Oeste, Cine-Ciencia-ficci\u00f3n, y los g\u00e9neros Cine-Juvenil y Cine-Animaci\u00f3n que est\u00e1n situados junto a la sala Infantil. Adem\u00e1s existe una amplia variedad de documentales organizados por materias seg\u00fan la Clasificacion de la CDU.<\/p>\n<p style=\"text-align: justify;\">Secci\u00f3n Recursos electr\u00f3nicos, con cd-rom y dvd-rom de programas y juegos, ordenados por la clasificaci\u00f3n CDU ( por materias), seg\u00fan su tem\u00e1tica.<\/p>\n<p style=\"text-align: justify;\">El uso de este servicio est\u00e1 limitado a socios con el carn\u00e9 de adulto,( mayores de 14 a\u00f1os ) y el pr\u00e9stamo de cualquier t\u00edtulo ser\u00e1 de 7 d\u00edas.<\/p>\n<p style=\"text-align: justify;\">Hay un servicio en sala para la audici\u00f3n de los Cd&#8217;s previa petici\u00f3n al personal de la biblioteca. El tiempo m\u00e1ximo de audici\u00f3n en sala ser\u00e1 de 1 hora.<\/p>\n<h2 style=\"text-align: justify;\">Secci\u00f3n Acceso a Internet<\/h2>\n<p style=\"text-align: justify;\">Existen 7 puestos inform\u00e1ticos con hardware y software de \u00faltima generaci\u00f3n para la navegaci\u00f3n mediante una l\u00ednea ADSL PREMIUM que da una velocidad y rendimiento para la navegaci\u00f3n muy por encima de lo habitual. Estos puestos tambi\u00e9n cuentan con monitores de 17 pulgadas para un c\u00f3modo y correcto visionado.<\/p>\n<p style=\"text-align: justify;\">Estos puestos est\u00e1n distribuidos en:<\/p>\n<p style=\"text-align: justify;\">1 puesto infantil, para menores de 14 a\u00f1os<\/p>\n<p style=\"text-align: justify;\">5 puestos de adultos<\/p>\n<p style=\"text-align: justify;\">1 puesto de consulta r\u00e1pida<\/p>\n<p style=\"text-align: justify;\">Secci\u00f3n de Obras de Referencia<\/p>\n<p style=\"text-align: justify;\">En esta secci\u00f3n se encuentran todas las obras de referencia: diccionarios, enciclopedias, atlas, anuarios, manuales, es decir, todo lo necesario para la b\u00fasqueda puntual de informaci\u00f3n y la realizaci\u00f3n de trabajos acad\u00e9micos.<\/p>\n<h2 style=\"text-align: justify;\">Secci\u00f3n Adultos<\/h2>\n<p style=\"text-align: justify;\">En la sala principal tenemos la secci\u00f3n de Narrativa de Adultos, donde se encuentran de forma diferenciada subg\u00e9neros de narrativa como: Novela Rom\u00e1ntica, Novela Hist\u00f3rica, Novela de Intriga y Suspense, Novela de terror, Novela Negra,Novela fant\u00e1stica, Novela de aventuras y Novela realista. Adem\u00e1s tenemos una comicteca para adultos junto a esta secci\u00f3n.<\/p>\n<p style=\"text-align: justify;\">En la sala de Adultos, se encuentran en estanter\u00edas de libre acceso los libros de materia, ordenados por la clasificaci\u00f3n de la CDU en grandes bloques de materias. Adem\u00e1s aqu\u00ed tambi\u00e9n encontramos las Biograf\u00edas y las obras de Teatro Y Poes\u00eda.<\/p>\n<h2 style=\"text-align: justify;\">Secci\u00f3n Local<\/h2>\n<p style=\"text-align: justify;\">Esta secci\u00f3n est\u00e1 situada en una planta superior sobre la sala de adultos.<\/p>\n<p style=\"text-align: justify;\">La secci\u00f3n local contiene los fondos sobre temas y autores locales, provinciales y regionales.<\/p>\n<h2 style=\"text-align: justify;\">Sala de estudio<\/h2>\n<p style=\"text-align: justify;\">A disposici\u00f3n de todos los usuarios se encuentra disponible una zona de estudio con capacidad para 8 personas. Estos puestos son de tipo individual y est\u00e1n situados en la zona m\u00e1s apartada para evitar cualquier tipo de molestia.<\/p>\n<p style=\"text-align: justify;\">Los usuarios que deseen hace uso de estas instalaciones deber\u00e1n entregar el carnet de usuario en el mostrador de la Biblioteca<\/p>\n<h2 style=\"text-align: justify;\">Zona de consulta bibliogr\u00e1fica (OPAC)<\/h2>\n<p style=\"text-align: justify;\">A disposici\u00f3n de los usuarios existe un puesto para la consulta r\u00e1pida de cualquier fondo bibliogr\u00e1fico, donde se proporciona tanto la localizaci\u00f3n de este documento como su disponibilidad actual.<\/p>\n<p>Adem\u00e1s nuestro cat\u00e1logo esta accdesible a trav\u00e9s de internet, ya que hemos entrado en la red de Bibliotecas de Castilla La Mancha y puedes consultar nuestro fondo desde la p\u00e1gina web de la red, <a href=\"http:\/\/reddebibliotecas.jccm.es\" target=\"_blank\" rel=\"noopener noreferrer nofollow\">http:\/\/reddebibliotecas.jccm.es<\/a>. Si a\u00fan as\u00ed no encuentra el documento, consulta al personal de la biblioteca.<\/p>\n<p>&nbsp;<\/p>\n<p><strong>Enlaces relacionados<\/strong><\/p>\n<p><a href=\"http:\/\/www.facebook.com\/pages\/Biblioteca-P%C3%BAblica-Municipal-Ana-Mar%C3%ADa-Matute\/256819264363250\" target=\"_blank\" rel=\"noopener noreferrer nofollow\">S\u00edguenos en facebook<\/a><\/p>\n<p>&nbsp;<\/p>\n","protected":false},"excerpt":{"rendered":"<p>Hemeroteca Esta es la secci\u00f3n de la biblioteca donde se guardan, de forma organizada, colecciones de publicaciones seriadas destinadas a servir al p\u00fablico en general. Est\u00e1 situada a la entrada de la Biblioteca, y tiene 8 puestos de consulta y lectura. La colecci\u00f3n est\u00e1 formada por m\u00e1s de 70 t\u00edtulos. Hay una gran variedad de &hellip;<\/p>\n","protected":false},"author":1,"featured_media":0,"parent":0,"menu_order":0,"comment_status":"closed","ping_status":"closed","template":"","meta":{"ngg_post_thumbnail":0,"footnotes":""},"categories":[105],"tags":[],"class_list":["post-7288","page","type-page","status-publish","hentry","category-biblioteca"],"yoast_head":"<!-- This site is optimized with the Yoast SEO plugin v27.5 - https:\/\/yoast.com\/product\/yoast-seo-wordpress\/ -->\n<title>Biblioteca - Secciones - MI Ayuntamiento de Caudete<\/title>\n<meta name=\"description\" content=\"P\u00e1gina Oficial del Ayuntamiento de Caudete (Albacete)\" \/>\n<meta name=\"robots\" content=\"index, follow, max-snippet:-1, max-image-preview:large, max-video-preview:-1\" \/>\n<link rel=\"canonical\" href=\"https:\/\/www.caudete.org\/ayuntamiento\/biblioteca-secciones\/\" \/>\n<meta property=\"og:locale\" content=\"es_ES\" \/>\n<meta property=\"og:type\" content=\"article\" \/>\n<meta property=\"og:title\" content=\"Biblioteca - Secciones - MI Ayuntamiento de Caudete\" \/>\n<meta property=\"og:description\" content=\"P\u00e1gina Oficial del Ayuntamiento de Caudete (Albacete)\" \/>\n<meta property=\"og:url\" content=\"https:\/\/www.caudete.org\/ayuntamiento\/biblioteca-secciones\/\" \/>\n<meta property=\"og:site_name\" content=\"MI Ayuntamiento de Caudete\" \/>\n<meta property=\"article:publisher\" content=\"https:\/\/www.facebook.com\/ayuntamientocaudete\/\" \/>\n<meta property=\"article:modified_time\" content=\"2024-06-21T17:20:27+00:00\" \/>\n<meta name=\"twitter:card\" content=\"summary_large_image\" \/>\n<meta name=\"twitter:label1\" content=\"Tiempo de lectura\" \/>\n\t<meta name=\"twitter:data1\" content=\"5 minutos\" \/>\n<script type=\"application\/ld+json\" class=\"yoast-schema-graph\">{\"@context\":\"https:\\\/\\\/schema.org\",\"@graph\":[{\"@type\":\"WebPage\",\"@id\":\"https:\\\/\\\/www.caudete.org\\\/ayuntamiento\\\/biblioteca-secciones\\\/\",\"url\":\"https:\\\/\\\/www.caudete.org\\\/ayuntamiento\\\/biblioteca-secciones\\\/\",\"name\":\"Biblioteca - Secciones - MI Ayuntamiento de Caudete\",\"isPartOf\":{\"@id\":\"https:\\\/\\\/www.caudete.org\\\/ayuntamiento\\\/#website\"},\"datePublished\":\"2020-12-06T18:57:52+00:00\",\"dateModified\":\"2024-06-21T17:20:27+00:00\",\"description\":\"P\u00e1gina Oficial del Ayuntamiento de Caudete (Albacete)\",\"breadcrumb\":{\"@id\":\"https:\\\/\\\/www.caudete.org\\\/ayuntamiento\\\/biblioteca-secciones\\\/#breadcrumb\"},\"inLanguage\":\"es\",\"potentialAction\":[{\"@type\":\"ReadAction\",\"target\":[\"https:\\\/\\\/www.caudete.org\\\/ayuntamiento\\\/biblioteca-secciones\\\/\"]}]},{\"@type\":\"BreadcrumbList\",\"@id\":\"https:\\\/\\\/www.caudete.org\\\/ayuntamiento\\\/biblioteca-secciones\\\/#breadcrumb\",\"itemListElement\":[{\"@type\":\"ListItem\",\"position\":1,\"name\":\"Inicio\",\"item\":\"https:\\\/\\\/www.caudete.org\\\/ayuntamiento\\\/\"},{\"@type\":\"ListItem\",\"position\":2,\"name\":\"Biblioteca &#8211; Secciones\"}]},{\"@type\":\"WebSite\",\"@id\":\"https:\\\/\\\/www.caudete.org\\\/ayuntamiento\\\/#website\",\"url\":\"https:\\\/\\\/www.caudete.org\\\/ayuntamiento\\\/\",\"name\":\"MI Ayuntamiento de Caudete\",\"description\":\"P\u00e1gina Oficial del MI Ayuntamiento de Caudete\",\"potentialAction\":[{\"@type\":\"SearchAction\",\"target\":{\"@type\":\"EntryPoint\",\"urlTemplate\":\"https:\\\/\\\/www.caudete.org\\\/ayuntamiento\\\/?s={search_term_string}\"},\"query-input\":{\"@type\":\"PropertyValueSpecification\",\"valueRequired\":true,\"valueName\":\"search_term_string\"}}],\"inLanguage\":\"es\"}]}<\/script>\n<!-- \/ Yoast SEO plugin. -->","yoast_head_json":{"title":"Biblioteca - Secciones - MI Ayuntamiento de Caudete","description":"P\u00e1gina Oficial del Ayuntamiento de Caudete (Albacete)","robots":{"index":"index","follow":"follow","max-snippet":"max-snippet:-1","max-image-preview":"max-image-preview:large","max-video-preview":"max-video-preview:-1"},"canonical":"https:\/\/www.caudete.org\/ayuntamiento\/biblioteca-secciones\/","og_locale":"es_ES","og_type":"article","og_title":"Biblioteca - Secciones - MI Ayuntamiento de Caudete","og_description":"P\u00e1gina Oficial del Ayuntamiento de Caudete (Albacete)","og_url":"https:\/\/www.caudete.org\/ayuntamiento\/biblioteca-secciones\/","og_site_name":"MI Ayuntamiento de Caudete","article_publisher":"https:\/\/www.facebook.com\/ayuntamientocaudete\/","article_modified_time":"2024-06-21T17:20:27+00:00","twitter_card":"summary_large_image","twitter_misc":{"Tiempo de lectura":"5 minutos"},"schema":{"@context":"https:\/\/schema.org","@graph":[{"@type":"WebPage","@id":"https:\/\/www.caudete.org\/ayuntamiento\/biblioteca-secciones\/","url":"https:\/\/www.caudete.org\/ayuntamiento\/biblioteca-secciones\/","name":"Biblioteca - Secciones - MI Ayuntamiento de Caudete","isPartOf":{"@id":"https:\/\/www.caudete.org\/ayuntamiento\/#website"},"datePublished":"2020-12-06T18:57:52+00:00","dateModified":"2024-06-21T17:20:27+00:00","description":"P\u00e1gina Oficial del Ayuntamiento de Caudete (Albacete)","breadcrumb":{"@id":"https:\/\/www.caudete.org\/ayuntamiento\/biblioteca-secciones\/#breadcrumb"},"inLanguage":"es","potentialAction":[{"@type":"ReadAction","target":["https:\/\/www.caudete.org\/ayuntamiento\/biblioteca-secciones\/"]}]},{"@type":"BreadcrumbList","@id":"https:\/\/www.caudete.org\/ayuntamiento\/biblioteca-secciones\/#breadcrumb","itemListElement":[{"@type":"ListItem","position":1,"name":"Inicio","item":"https:\/\/www.caudete.org\/ayuntamiento\/"},{"@type":"ListItem","position":2,"name":"Biblioteca &#8211; Secciones"}]},{"@type":"WebSite","@id":"https:\/\/www.caudete.org\/ayuntamiento\/#website","url":"https:\/\/www.caudete.org\/ayuntamiento\/","name":"MI Ayuntamiento de Caudete","description":"P\u00e1gina Oficial del MI Ayuntamiento de Caudete","potentialAction":[{"@type":"SearchAction","target":{"@type":"EntryPoint","urlTemplate":"https:\/\/www.caudete.org\/ayuntamiento\/?s={search_term_string}"},"query-input":{"@type":"PropertyValueSpecification","valueRequired":true,"valueName":"search_term_string"}}],"inLanguage":"es"}]}},"_links":{"self":[{"href":"https:\/\/www.caudete.org\/ayuntamiento\/wp-json\/wp\/v2\/pages\/7288","targetHints":{"allow":["GET"]}}],"collection":[{"href":"https:\/\/www.caudete.org\/ayuntamiento\/wp-json\/wp\/v2\/pages"}],"about":[{"href":"https:\/\/www.caudete.org\/ayuntamiento\/wp-json\/wp\/v2\/types\/page"}],"author":[{"embeddable":true,"href":"https:\/\/www.caudete.org\/ayuntamiento\/wp-json\/wp\/v2\/users\/1"}],"replies":[{"embeddable":true,"href":"https:\/\/www.caudete.org\/ayuntamiento\/wp-json\/wp\/v2\/comments?post=7288"}],"version-history":[{"count":6,"href":"https:\/\/www.caudete.org\/ayuntamiento\/wp-json\/wp\/v2\/pages\/7288\/revisions"}],"predecessor-version":[{"id":7304,"href":"https:\/\/www.caudete.org\/ayuntamiento\/wp-json\/wp\/v2\/pages\/7288\/revisions\/7304"}],"wp:attachment":[{"href":"https:\/\/www.caudete.org\/ayuntamiento\/wp-json\/wp\/v2\/media?parent=7288"}],"wp:term":[{"taxonomy":"category","embeddable":true,"href":"https:\/\/www.caudete.org\/ayuntamiento\/wp-json\/wp\/v2\/categories?post=7288"},{"taxonomy":"post_tag","embeddable":true,"href":"https:\/\/www.caudete.org\/ayuntamiento\/wp-json\/wp\/v2\/tags?post=7288"}],"curies":[{"name":"wp","href":"https:\/\/api.w.org\/{rel}","templated":true}]}}