{"id":7823,"date":"2020-12-08T12:42:48","date_gmt":"2020-12-08T11:42:48","guid":{"rendered":"http:\/\/www.caudete.org\/ayuntamiento\/?page_id=7823"},"modified":"2020-12-08T14:08:04","modified_gmt":"2020-12-08T13:08:04","slug":"escuela-municipal-de-musica-y-danza-presentacion","status":"publish","type":"page","link":"https:\/\/www.caudete.org\/ayuntamiento\/escuela-municipal-de-musica-y-danza-presentacion\/","title":{"rendered":"Escuela Municipal de M\u00fasica y Danza &#8211; Presentaci\u00f3n"},"content":{"rendered":"<p><img fetchpriority=\"high\" decoding=\"async\" class=\"aligncenter size-full wp-image-7824\" src=\"http:\/\/www.caudete.org\/ayuntamiento\/wp-content\/uploads\/2020\/12\/musica-esc.jpg\" alt=\"\" width=\"538\" height=\"316\" srcset=\"https:\/\/www.caudete.org\/ayuntamiento\/wp-content\/uploads\/2020\/12\/musica-esc.jpg 538w, https:\/\/www.caudete.org\/ayuntamiento\/wp-content\/uploads\/2020\/12\/musica-esc-300x176.jpg 300w\" sizes=\"(max-width: 538px) 100vw, 538px\" \/><\/p>\n<p style=\"text-align: justify;\">La Escuela de M\u00fasica y Danza es un servicio municipal que abarca la mayor diversidad de ciudadanos, edades, situaciones econ\u00f3micas, intereses, necesidades musicales variadas, etc., y ofrece una ense\u00f1anza educativa y cultural eminentemente &#8220;pr\u00e1ctica&#8221; y lleva la difusi\u00f3n y el gusto por la M\u00fasica.<\/p>\n<p style=\"text-align: justify;\">En la Escuela de M\u00fasica y Danza de Caudete nos preocupamos por detectar las &#8220;capacidades precoces&#8221;, a la vez que ofrecemos una ense\u00f1anza a aficionados (ni\u00f1os, adolescentes, adultos, etc.), con una amplia y variada oferta la cual adem\u00e1s de despertar capacidades profesionales, persigue la formaci\u00f3n integral.<\/p>\n<p style=\"text-align: justify;\">La finalidad de los estudios en la Escuela Municipal de M\u00fasica y Danza de Caudete es promover y perfeccionar la afici\u00f3n musical entre la poblaci\u00f3n, la iniciaci\u00f3n y formaci\u00f3n pr\u00e1ctica en m\u00fasica y\/o danza enfocado a personas de cualquier edad, as\u00ed como afianzar el desarrollo personal y el bienestar para aquellas personas que demuestren las aptitudes, habilidades y motivaci\u00f3n necesarias para continuar los estudios profesionales.<\/p>\n<p style=\"text-align: justify;\"><strong>LA CONSEJER\u00cdA DE EDUCACI\u00d3N, CULTURA Y DEPORTES AUTORIZA A LA ESCUELA MUNICIPAL DE M\u00daSICA Y DANZA DE CAUDETE PARA PODER IMPARTIR Y CERTIFICAR LAS ENSE\u00d1ANZAS ELEMENTALES DE M\u00daSICA<\/strong><\/p>\n<p style=\"text-align: justify;\">El pasado 14 de Mayo de 2013, la Consejer\u00eda de Educaci\u00f3n, Cultura y Deportes, estim\u00f3 que la Escuela Municipal de M\u00fasica y Danza de Caudete cumple con los requisitos establecidos en la Orden de 21 de julio de 2008. Esos requisitos son los siguientes:<\/p>\n<p>\u2022 Requisitos del profesorado que imparte las ense\u00f1anzas, conforme a lo establecido en el Decreto 30\/2002, Decreto 75\/2007, y en el art\u00edculo 96 de la Ley Org\u00e1nica 2\/2006 de Educaci\u00f3n<\/p>\n<p>\u2022 Requisitos de las especialidades instrumentales.<\/p>\n<p>\u2022 De evaluaci\u00f3n del Alumnado<\/p>\n<p>\u2022 Requisitos de objetivos, contenidos, criterios de evaluaci\u00f3n, competencias espec\u00edficas, programaciones did\u00e1cticas y m\u00e9todos de trabajo,<\/p>\n<p>\u2022 Ratios en las especialidades instrumentales, Lenguaje Musical y Coro,<\/p>\n<p>\u2022 Y coordinaci\u00f3n de actuaci\u00f3n con el conservatorio de referencia, que es el Conservatorio de M\u00fasica y Danza de Almansa,<\/p>\n<p>Por todo el cumplimiento de estos requisitos, la Consejer\u00eda de Educaci\u00f3n, Cultura y Deportes autoriza a la Escuela Municipal de M\u00fasica y Danza de Caudete, para poder&nbsp;<strong>impartir y certificarlas Ense\u00f1anzas Elementales <\/strong>de &nbsp;las especialidades de: Flauta, Saxof\u00f3n, Clarinete, Oboe, Trompa, Trompeta, Tromb\u00f3n, Tuba, Percusi\u00f3n, Viol\u00edn, Viola, Violoncello, Contrabajo, Guitarra y Piano. Es decir, en todas las especialidades instrumentales que se ofertan en la Escuela. Esta autorizaci\u00f3n certifica la calidad de la ense\u00f1anza que se est\u00e1 ofreciendo actualmente en la Escuela Municipal de M\u00fasica y Danza de Caudete.<\/p>\n<p style=\"text-align: justify;\">A partir del curso 2012\/2013, todos los alumnos que tengan aprobadas todas las asignaturas de Ense\u00f1anzas Elementales de M\u00fasica, recibir\u00e1n su Certificado Oficial de Ense\u00f1anzas Elementales, como se emite en cualquier Conservatorio. Consideramos que es un \u00e9xito, ya que los alumnos de nuestra Escuela van a poder obtener su certificado sin necesidad de salir de Caudete; un logro para la Escuela, y en definitiva para todo el pueblo de Caudete.<\/p>\n<p><small>Tfno\/Fax: 96 582 79 48<br \/>\nPaseo Luis Golf, 4 &#8211; Caudete &#8211; Albacete<\/small><\/p>\n","protected":false},"excerpt":{"rendered":"<p>La Escuela de M\u00fasica y Danza es un servicio municipal que abarca la mayor diversidad de ciudadanos, edades, situaciones econ\u00f3micas, intereses, necesidades musicales variadas, etc., y ofrece una ense\u00f1anza educativa y cultural eminentemente &#8220;pr\u00e1ctica&#8221; y lleva la difusi\u00f3n y el gusto por la M\u00fasica. En la Escuela de M\u00fasica y Danza de Caudete nos preocupamos &hellip;<\/p>\n","protected":false},"author":1,"featured_media":7824,"parent":0,"menu_order":0,"comment_status":"closed","ping_status":"closed","template":"","meta":{"ngg_post_thumbnail":0,"footnotes":""},"categories":[111],"tags":[],"class_list":["post-7823","page","type-page","status-publish","has-post-thumbnail","hentry","category-escuela-municipal-de-musica-y-danza"],"yoast_head":"<!-- This site is optimized with the Yoast SEO plugin v27.5 - https:\/\/yoast.com\/product\/yoast-seo-wordpress\/ -->\n<title>Escuela Municipal de M\u00fasica y Danza - Presentaci\u00f3n - MI Ayuntamiento de Caudete<\/title>\n<meta name=\"description\" content=\"P\u00e1gina Oficial del Ayuntamiento de Caudete (Albacete)\" \/>\n<meta name=\"robots\" content=\"index, follow, max-snippet:-1, max-image-preview:large, max-video-preview:-1\" \/>\n<link rel=\"canonical\" href=\"https:\/\/www.caudete.org\/ayuntamiento\/escuela-municipal-de-musica-y-danza-presentacion\/\" \/>\n<meta property=\"og:locale\" content=\"es_ES\" \/>\n<meta property=\"og:type\" content=\"article\" \/>\n<meta property=\"og:title\" content=\"Escuela Municipal de M\u00fasica y Danza - Presentaci\u00f3n - MI Ayuntamiento de Caudete\" \/>\n<meta property=\"og:description\" content=\"P\u00e1gina Oficial del Ayuntamiento de Caudete (Albacete)\" \/>\n<meta property=\"og:url\" content=\"https:\/\/www.caudete.org\/ayuntamiento\/escuela-municipal-de-musica-y-danza-presentacion\/\" \/>\n<meta property=\"og:site_name\" content=\"MI Ayuntamiento de Caudete\" \/>\n<meta property=\"article:publisher\" content=\"https:\/\/www.facebook.com\/ayuntamientocaudete\/\" \/>\n<meta property=\"article:modified_time\" content=\"2020-12-08T13:08:04+00:00\" \/>\n<meta property=\"og:image\" content=\"https:\/\/www.caudete.org\/ayuntamiento\/wp-content\/uploads\/2020\/12\/musica-esc.jpg\" \/>\n\t<meta property=\"og:image:width\" content=\"538\" \/>\n\t<meta property=\"og:image:height\" content=\"316\" \/>\n\t<meta property=\"og:image:type\" content=\"image\/jpeg\" \/>\n<meta name=\"twitter:card\" content=\"summary_large_image\" \/>\n<meta name=\"twitter:label1\" content=\"Tiempo de lectura\" \/>\n\t<meta name=\"twitter:data1\" content=\"3 minutos\" \/>\n<script type=\"application\/ld+json\" class=\"yoast-schema-graph\">{\"@context\":\"https:\\\/\\\/schema.org\",\"@graph\":[{\"@type\":\"WebPage\",\"@id\":\"https:\\\/\\\/www.caudete.org\\\/ayuntamiento\\\/escuela-municipal-de-musica-y-danza-presentacion\\\/\",\"url\":\"https:\\\/\\\/www.caudete.org\\\/ayuntamiento\\\/escuela-municipal-de-musica-y-danza-presentacion\\\/\",\"name\":\"Escuela Municipal de M\u00fasica y Danza - Presentaci\u00f3n - MI Ayuntamiento de Caudete\",\"isPartOf\":{\"@id\":\"https:\\\/\\\/www.caudete.org\\\/ayuntamiento\\\/#website\"},\"primaryImageOfPage\":{\"@id\":\"https:\\\/\\\/www.caudete.org\\\/ayuntamiento\\\/escuela-municipal-de-musica-y-danza-presentacion\\\/#primaryimage\"},\"image\":{\"@id\":\"https:\\\/\\\/www.caudete.org\\\/ayuntamiento\\\/escuela-municipal-de-musica-y-danza-presentacion\\\/#primaryimage\"},\"thumbnailUrl\":\"https:\\\/\\\/www.caudete.org\\\/ayuntamiento\\\/wp-content\\\/uploads\\\/2020\\\/12\\\/musica-esc.jpg\",\"datePublished\":\"2020-12-08T11:42:48+00:00\",\"dateModified\":\"2020-12-08T13:08:04+00:00\",\"description\":\"P\u00e1gina Oficial del Ayuntamiento de Caudete (Albacete)\",\"breadcrumb\":{\"@id\":\"https:\\\/\\\/www.caudete.org\\\/ayuntamiento\\\/escuela-municipal-de-musica-y-danza-presentacion\\\/#breadcrumb\"},\"inLanguage\":\"es\",\"potentialAction\":[{\"@type\":\"ReadAction\",\"target\":[\"https:\\\/\\\/www.caudete.org\\\/ayuntamiento\\\/escuela-municipal-de-musica-y-danza-presentacion\\\/\"]}]},{\"@type\":\"ImageObject\",\"inLanguage\":\"es\",\"@id\":\"https:\\\/\\\/www.caudete.org\\\/ayuntamiento\\\/escuela-municipal-de-musica-y-danza-presentacion\\\/#primaryimage\",\"url\":\"https:\\\/\\\/www.caudete.org\\\/ayuntamiento\\\/wp-content\\\/uploads\\\/2020\\\/12\\\/musica-esc.jpg\",\"contentUrl\":\"https:\\\/\\\/www.caudete.org\\\/ayuntamiento\\\/wp-content\\\/uploads\\\/2020\\\/12\\\/musica-esc.jpg\",\"width\":538,\"height\":316},{\"@type\":\"BreadcrumbList\",\"@id\":\"https:\\\/\\\/www.caudete.org\\\/ayuntamiento\\\/escuela-municipal-de-musica-y-danza-presentacion\\\/#breadcrumb\",\"itemListElement\":[{\"@type\":\"ListItem\",\"position\":1,\"name\":\"Inicio\",\"item\":\"https:\\\/\\\/www.caudete.org\\\/ayuntamiento\\\/\"},{\"@type\":\"ListItem\",\"position\":2,\"name\":\"Escuela Municipal de M\u00fasica y Danza &#8211; Presentaci\u00f3n\"}]},{\"@type\":\"WebSite\",\"@id\":\"https:\\\/\\\/www.caudete.org\\\/ayuntamiento\\\/#website\",\"url\":\"https:\\\/\\\/www.caudete.org\\\/ayuntamiento\\\/\",\"name\":\"MI Ayuntamiento de Caudete\",\"description\":\"P\u00e1gina Oficial del MI Ayuntamiento de Caudete\",\"potentialAction\":[{\"@type\":\"SearchAction\",\"target\":{\"@type\":\"EntryPoint\",\"urlTemplate\":\"https:\\\/\\\/www.caudete.org\\\/ayuntamiento\\\/?s={search_term_string}\"},\"query-input\":{\"@type\":\"PropertyValueSpecification\",\"valueRequired\":true,\"valueName\":\"search_term_string\"}}],\"inLanguage\":\"es\"}]}<\/script>\n<!-- \/ Yoast SEO plugin. -->","yoast_head_json":{"title":"Escuela Municipal de M\u00fasica y Danza - Presentaci\u00f3n - MI Ayuntamiento de Caudete","description":"P\u00e1gina Oficial del Ayuntamiento de Caudete (Albacete)","robots":{"index":"index","follow":"follow","max-snippet":"max-snippet:-1","max-image-preview":"max-image-preview:large","max-video-preview":"max-video-preview:-1"},"canonical":"https:\/\/www.caudete.org\/ayuntamiento\/escuela-municipal-de-musica-y-danza-presentacion\/","og_locale":"es_ES","og_type":"article","og_title":"Escuela Municipal de M\u00fasica y Danza - Presentaci\u00f3n - MI Ayuntamiento de Caudete","og_description":"P\u00e1gina Oficial del Ayuntamiento de Caudete (Albacete)","og_url":"https:\/\/www.caudete.org\/ayuntamiento\/escuela-municipal-de-musica-y-danza-presentacion\/","og_site_name":"MI Ayuntamiento de Caudete","article_publisher":"https:\/\/www.facebook.com\/ayuntamientocaudete\/","article_modified_time":"2020-12-08T13:08:04+00:00","og_image":[{"width":538,"height":316,"url":"https:\/\/www.caudete.org\/ayuntamiento\/wp-content\/uploads\/2020\/12\/musica-esc.jpg","type":"image\/jpeg"}],"twitter_card":"summary_large_image","twitter_misc":{"Tiempo de lectura":"3 minutos"},"schema":{"@context":"https:\/\/schema.org","@graph":[{"@type":"WebPage","@id":"https:\/\/www.caudete.org\/ayuntamiento\/escuela-municipal-de-musica-y-danza-presentacion\/","url":"https:\/\/www.caudete.org\/ayuntamiento\/escuela-municipal-de-musica-y-danza-presentacion\/","name":"Escuela Municipal de M\u00fasica y Danza - Presentaci\u00f3n - MI Ayuntamiento de Caudete","isPartOf":{"@id":"https:\/\/www.caudete.org\/ayuntamiento\/#website"},"primaryImageOfPage":{"@id":"https:\/\/www.caudete.org\/ayuntamiento\/escuela-municipal-de-musica-y-danza-presentacion\/#primaryimage"},"image":{"@id":"https:\/\/www.caudete.org\/ayuntamiento\/escuela-municipal-de-musica-y-danza-presentacion\/#primaryimage"},"thumbnailUrl":"https:\/\/www.caudete.org\/ayuntamiento\/wp-content\/uploads\/2020\/12\/musica-esc.jpg","datePublished":"2020-12-08T11:42:48+00:00","dateModified":"2020-12-08T13:08:04+00:00","description":"P\u00e1gina Oficial del Ayuntamiento de Caudete (Albacete)","breadcrumb":{"@id":"https:\/\/www.caudete.org\/ayuntamiento\/escuela-municipal-de-musica-y-danza-presentacion\/#breadcrumb"},"inLanguage":"es","potentialAction":[{"@type":"ReadAction","target":["https:\/\/www.caudete.org\/ayuntamiento\/escuela-municipal-de-musica-y-danza-presentacion\/"]}]},{"@type":"ImageObject","inLanguage":"es","@id":"https:\/\/www.caudete.org\/ayuntamiento\/escuela-municipal-de-musica-y-danza-presentacion\/#primaryimage","url":"https:\/\/www.caudete.org\/ayuntamiento\/wp-content\/uploads\/2020\/12\/musica-esc.jpg","contentUrl":"https:\/\/www.caudete.org\/ayuntamiento\/wp-content\/uploads\/2020\/12\/musica-esc.jpg","width":538,"height":316},{"@type":"BreadcrumbList","@id":"https:\/\/www.caudete.org\/ayuntamiento\/escuela-municipal-de-musica-y-danza-presentacion\/#breadcrumb","itemListElement":[{"@type":"ListItem","position":1,"name":"Inicio","item":"https:\/\/www.caudete.org\/ayuntamiento\/"},{"@type":"ListItem","position":2,"name":"Escuela Municipal de M\u00fasica y Danza &#8211; Presentaci\u00f3n"}]},{"@type":"WebSite","@id":"https:\/\/www.caudete.org\/ayuntamiento\/#website","url":"https:\/\/www.caudete.org\/ayuntamiento\/","name":"MI Ayuntamiento de Caudete","description":"P\u00e1gina Oficial del MI Ayuntamiento de Caudete","potentialAction":[{"@type":"SearchAction","target":{"@type":"EntryPoint","urlTemplate":"https:\/\/www.caudete.org\/ayuntamiento\/?s={search_term_string}"},"query-input":{"@type":"PropertyValueSpecification","valueRequired":true,"valueName":"search_term_string"}}],"inLanguage":"es"}]}},"_links":{"self":[{"href":"https:\/\/www.caudete.org\/ayuntamiento\/wp-json\/wp\/v2\/pages\/7823","targetHints":{"allow":["GET"]}}],"collection":[{"href":"https:\/\/www.caudete.org\/ayuntamiento\/wp-json\/wp\/v2\/pages"}],"about":[{"href":"https:\/\/www.caudete.org\/ayuntamiento\/wp-json\/wp\/v2\/types\/page"}],"author":[{"embeddable":true,"href":"https:\/\/www.caudete.org\/ayuntamiento\/wp-json\/wp\/v2\/users\/1"}],"replies":[{"embeddable":true,"href":"https:\/\/www.caudete.org\/ayuntamiento\/wp-json\/wp\/v2\/comments?post=7823"}],"version-history":[{"count":2,"href":"https:\/\/www.caudete.org\/ayuntamiento\/wp-json\/wp\/v2\/pages\/7823\/revisions"}],"predecessor-version":[{"id":7850,"href":"https:\/\/www.caudete.org\/ayuntamiento\/wp-json\/wp\/v2\/pages\/7823\/revisions\/7850"}],"wp:featuredmedia":[{"embeddable":true,"href":"https:\/\/www.caudete.org\/ayuntamiento\/wp-json\/wp\/v2\/media\/7824"}],"wp:attachment":[{"href":"https:\/\/www.caudete.org\/ayuntamiento\/wp-json\/wp\/v2\/media?parent=7823"}],"wp:term":[{"taxonomy":"category","embeddable":true,"href":"https:\/\/www.caudete.org\/ayuntamiento\/wp-json\/wp\/v2\/categories?post=7823"},{"taxonomy":"post_tag","embeddable":true,"href":"https:\/\/www.caudete.org\/ayuntamiento\/wp-json\/wp\/v2\/tags?post=7823"}],"curies":[{"name":"wp","href":"https:\/\/api.w.org\/{rel}","templated":true}]}}