{"id":7826,"date":"2020-12-08T13:25:13","date_gmt":"2020-12-08T12:25:13","guid":{"rendered":"http:\/\/www.caudete.org\/ayuntamiento\/?page_id=7826"},"modified":"2024-06-21T19:19:56","modified_gmt":"2024-06-21T17:19:56","slug":"biblioteca-recomendaciones","status":"publish","type":"page","link":"https:\/\/www.caudete.org\/ayuntamiento\/biblioteca-recomendaciones\/","title":{"rendered":"Biblioteca &#8211; Recomendaciones"},"content":{"rendered":"<h2 style=\"text-align: justify;\">RECOMENDACIONES DE LA BIBLIOTECA PARA OCTUBRE\/NOVIEMBRE 2011<\/h2>\n<p style=\"text-align: justify;\">&nbsp;<\/p>\n<p style=\"text-align: justify;\"><strong>\u201cJUEGO DE TRONOS\u201d, de George R.R. Martin<\/strong><\/p>\n<p style=\"text-align: justify;\">Tras el largo verano, el invierno se acerca a los Siete Reinos. Lord Eddard Stark, se\u00f1or de Invernalia, deja sus dominios para unirse a la corte de su amigo el rey Robert Baratheon, llamado el Usurpador, hombre d\u00edscolo y otrora guerrero audaz cuyas mayores aficiones son comer, beber y engendrar bastardos. Eddard Stark ocupar\u00e1 el cargo de Mano del Rey e intentar\u00e1 desentra\u00f1ar una mara\u00f1a de intrigas que pondr\u00e1 en peligro su vida y la de todos los suyos.<br \/>\nEn un mundo cuyas estaciones pueden durar decenios y en el que retazos de una magia inmemorial y olvidada surgen en los rincones m\u00e1s sombr\u00edos y maravillosos, la traici\u00f3n y la lealtad, la compasi\u00f3n y la sed de venganza, el amor y el poder hacen del juego de tronos una poderosa trampa que atrapar\u00e1 en sus fauces a los personajes&#8230; y al lector.<\/p>\n<p style=\"text-align: justify;\">&#8211; Si te interesa lo encontraras en la secci\u00f3n de narrativa fant\u00e1stica de adultos.<\/p>\n<p style=\"text-align: justify;\">&nbsp;<\/p>\n<p style=\"text-align: justify;\"><strong>\u201cEL ARTE DE VOLAR\u201d, de Antonio Altarriba y Kim<\/strong><\/p>\n<p style=\"text-align: justify;\">Partiendo de la historia de su propio padre, Altarriba saca lo mejor de su buen hacer narrativo y Kim demuestra, m\u00e1s y mejor que en ninguna otra de sus obras, que es uno de nuestros grandes dibujantes. El relato, extraordinariamente conmovedor, no da respiro al lector no s\u00f3lo por los acontecimientos narrados -los m\u00e1s decisivos de nuestro siglo XX- sino por la intensidad con la que son presentados. Estamos ante una obra magistral que da cuenta de la Historia y que, sin lugar a dudas, har\u00e1 Historia.<\/p>\n<p style=\"text-align: justify;\">&#8211; Si te interesa lo encontraras en la secci\u00f3n de c\u00f3mics de adultos.<\/p>\n<p style=\"text-align: justify;\">&nbsp;<\/p>\n<p style=\"text-align: justify;\"><strong>\u201cEL VALS LENTO DE LAS TORTUGAS\u201d, de Katherine Pancol<\/strong><\/p>\n<p style=\"text-align: justify;\">Este libro es como una borrasca en medio de la vida\u2026 El beso abrasador de aquel al que nunca debimos besar\u2026 Un abrazo que es refugio o muerte\u2026 Un hombre inquietante pero encantador\u2026 Una mujer que tiembla y espera ardientemente\u2026 Un hombre que miente\u2026Una mujer que cree dirigir el baile pero que ha perdido el paso\u2026 Dos adolescentes m\u00e1s enterados que los mayores\u2026 Un hombre que juega a resucitar\u2026 Un padre all\u00e1 arriba, entre las estrellas, musitando al o\u00eddo de su hija\u2026 Un perro tan feo que nos apartamos de su lado\u2026<br \/>\nPersonajes que avanzan tercamente. Como peque\u00f1as tortugas obstinadas. Que aprenden a bailar lentamente, lentamente. En un mundo demasiado r\u00e1pido, demasiado violento.<\/p>\n<p style=\"text-align: justify;\">&#8211; Si te interesa lo encontraras en la secci\u00f3n de narrativa realista de adultos.<\/p>\n<p style=\"text-align: justify;\">&nbsp;<\/p>\n<p style=\"text-align: justify;\"><strong>\u201cEL JARDIN OLVIDADO\u201d, de Kate Morton<\/strong><\/p>\n<p style=\"text-align: justify;\">En v\u00edsperas de la Primera Guerra Mundial, una ni\u00f1a es abandonada en un barco con destino a Australia. Una misteriosa mujer llamada la Autora ha prometido cuidar de ella, pero la Autora desaparece sin dejar rastro\u2026Un terrible secreto sale a la luz\u2026<br \/>\nEn la noche de su veinti\u00fan cumplea\u00f1os, Nell O\u2019Connor descubre que es adoptada, lo que cambiar\u00e1 su vida para siempre. D\u00e9cadas m\u00e1s tarde, se embarca en la b\u00fasqueda de la verdad de sus antepasados que la lleva a la ventosa costa de Cornualles. Una misteriosa herencia que llega en el siglo XXI\u2026<br \/>\nA la muerte de Nell, su nieta Casandra recibe una inesperada herencia: una caba\u00f1a y su olvidado jard\u00edn en las tierras de Cornualles que es conocido por la gente por los secretos que estos esconden. Aqu\u00ed es donde Casandra descubrir\u00e1 finalmente la verdad sobre la familia y resolver\u00e1 el misterio, que se remonta un siglo, de una ni\u00f1a desaparecida.<\/p>\n<p style=\"text-align: justify;\">&#8211; Si te interesa lo encontraras en la secci\u00f3n de narrativa intriga y suspense de adultos.<\/p>\n<p style=\"text-align: justify;\">&nbsp;<\/p>\n<p style=\"text-align: justify;\"><strong>\u201cAFRICANUS, EL HIJO DEL CONSUL\u201d, de Santiago Posteguillo<\/strong><\/p>\n<p style=\"text-align: justify;\">Africanus el hijo del C\u00f3nsul es el primero libro de la trilog\u00eda de Santiago Posteguillo sobre Publio Cornelio Escipi\u00f3n, el \u00fanico general romano que fue capaz de derrotar en el campo de batalla al genial estratega cartagin\u00e9s An\u00edbal, uno de los m\u00e1s famosos generales de la historia y el que fuera recordado con pavor por los romanos durante muchas generaciones. Africanus (y el resto de la trilog\u00eda que continua con Las Legiones Malditas) no es un libro cualquiera, es una novela hist\u00f3rica que nos introduce en la Roma de la \u00e9poca desde todos los puntos de vista, batallas, teatro, vida familiar, religi\u00f3n y nos empapa de ambiente romano hasta la m\u00e9dula.<\/p>\n<p style=\"text-align: justify;\">&#8211; Si te interesa lo encontraras en la secci\u00f3n de narrativa hist\u00f3rica de adultos.<\/p>\n<p style=\"text-align: justify;\">&nbsp;<\/p>\n","protected":false},"excerpt":{"rendered":"<p>RECOMENDACIONES DE LA BIBLIOTECA PARA OCTUBRE\/NOVIEMBRE 2011 &nbsp; \u201cJUEGO DE TRONOS\u201d, de George R.R. Martin Tras el largo verano, el invierno se acerca a los Siete Reinos. Lord Eddard Stark, se\u00f1or de Invernalia, deja sus dominios para unirse a la corte de su amigo el rey Robert Baratheon, llamado el Usurpador, hombre d\u00edscolo y otrora &hellip;<\/p>\n","protected":false},"author":1,"featured_media":0,"parent":0,"menu_order":0,"comment_status":"closed","ping_status":"closed","template":"","meta":{"ngg_post_thumbnail":0,"footnotes":""},"categories":[105],"tags":[],"class_list":["post-7826","page","type-page","status-publish","hentry","category-biblioteca"],"yoast_head":"<!-- This site is optimized with the Yoast SEO plugin v27.5 - https:\/\/yoast.com\/product\/yoast-seo-wordpress\/ -->\n<title>Biblioteca - Recomendaciones - MI Ayuntamiento de Caudete<\/title>\n<meta name=\"description\" content=\"P\u00e1gina Oficial del Ayuntamiento de Caudete (Albacete)\" \/>\n<meta name=\"robots\" content=\"index, follow, max-snippet:-1, max-image-preview:large, max-video-preview:-1\" \/>\n<link rel=\"canonical\" href=\"https:\/\/www.caudete.org\/ayuntamiento\/biblioteca-recomendaciones\/\" \/>\n<meta property=\"og:locale\" content=\"es_ES\" \/>\n<meta property=\"og:type\" content=\"article\" \/>\n<meta property=\"og:title\" content=\"Biblioteca - Recomendaciones - MI Ayuntamiento de Caudete\" \/>\n<meta property=\"og:description\" content=\"P\u00e1gina Oficial del Ayuntamiento de Caudete (Albacete)\" \/>\n<meta property=\"og:url\" content=\"https:\/\/www.caudete.org\/ayuntamiento\/biblioteca-recomendaciones\/\" \/>\n<meta property=\"og:site_name\" content=\"MI Ayuntamiento de Caudete\" \/>\n<meta property=\"article:publisher\" content=\"https:\/\/www.facebook.com\/ayuntamientocaudete\/\" \/>\n<meta property=\"article:modified_time\" content=\"2024-06-21T17:19:56+00:00\" \/>\n<meta name=\"twitter:card\" content=\"summary_large_image\" \/>\n<meta name=\"twitter:label1\" content=\"Tiempo de lectura\" \/>\n\t<meta name=\"twitter:data1\" content=\"4 minutos\" \/>\n<script type=\"application\/ld+json\" class=\"yoast-schema-graph\">{\"@context\":\"https:\\\/\\\/schema.org\",\"@graph\":[{\"@type\":\"WebPage\",\"@id\":\"https:\\\/\\\/www.caudete.org\\\/ayuntamiento\\\/biblioteca-recomendaciones\\\/\",\"url\":\"https:\\\/\\\/www.caudete.org\\\/ayuntamiento\\\/biblioteca-recomendaciones\\\/\",\"name\":\"Biblioteca - Recomendaciones - MI Ayuntamiento de Caudete\",\"isPartOf\":{\"@id\":\"https:\\\/\\\/www.caudete.org\\\/ayuntamiento\\\/#website\"},\"datePublished\":\"2020-12-08T12:25:13+00:00\",\"dateModified\":\"2024-06-21T17:19:56+00:00\",\"description\":\"P\u00e1gina Oficial del Ayuntamiento de Caudete (Albacete)\",\"breadcrumb\":{\"@id\":\"https:\\\/\\\/www.caudete.org\\\/ayuntamiento\\\/biblioteca-recomendaciones\\\/#breadcrumb\"},\"inLanguage\":\"es\",\"potentialAction\":[{\"@type\":\"ReadAction\",\"target\":[\"https:\\\/\\\/www.caudete.org\\\/ayuntamiento\\\/biblioteca-recomendaciones\\\/\"]}]},{\"@type\":\"BreadcrumbList\",\"@id\":\"https:\\\/\\\/www.caudete.org\\\/ayuntamiento\\\/biblioteca-recomendaciones\\\/#breadcrumb\",\"itemListElement\":[{\"@type\":\"ListItem\",\"position\":1,\"name\":\"Inicio\",\"item\":\"https:\\\/\\\/www.caudete.org\\\/ayuntamiento\\\/\"},{\"@type\":\"ListItem\",\"position\":2,\"name\":\"Biblioteca &#8211; Recomendaciones\"}]},{\"@type\":\"WebSite\",\"@id\":\"https:\\\/\\\/www.caudete.org\\\/ayuntamiento\\\/#website\",\"url\":\"https:\\\/\\\/www.caudete.org\\\/ayuntamiento\\\/\",\"name\":\"MI Ayuntamiento de Caudete\",\"description\":\"P\u00e1gina Oficial del MI Ayuntamiento de Caudete\",\"potentialAction\":[{\"@type\":\"SearchAction\",\"target\":{\"@type\":\"EntryPoint\",\"urlTemplate\":\"https:\\\/\\\/www.caudete.org\\\/ayuntamiento\\\/?s={search_term_string}\"},\"query-input\":{\"@type\":\"PropertyValueSpecification\",\"valueRequired\":true,\"valueName\":\"search_term_string\"}}],\"inLanguage\":\"es\"}]}<\/script>\n<!-- \/ Yoast SEO plugin. -->","yoast_head_json":{"title":"Biblioteca - Recomendaciones - MI Ayuntamiento de Caudete","description":"P\u00e1gina Oficial del Ayuntamiento de Caudete (Albacete)","robots":{"index":"index","follow":"follow","max-snippet":"max-snippet:-1","max-image-preview":"max-image-preview:large","max-video-preview":"max-video-preview:-1"},"canonical":"https:\/\/www.caudete.org\/ayuntamiento\/biblioteca-recomendaciones\/","og_locale":"es_ES","og_type":"article","og_title":"Biblioteca - Recomendaciones - MI Ayuntamiento de Caudete","og_description":"P\u00e1gina Oficial del Ayuntamiento de Caudete (Albacete)","og_url":"https:\/\/www.caudete.org\/ayuntamiento\/biblioteca-recomendaciones\/","og_site_name":"MI Ayuntamiento de Caudete","article_publisher":"https:\/\/www.facebook.com\/ayuntamientocaudete\/","article_modified_time":"2024-06-21T17:19:56+00:00","twitter_card":"summary_large_image","twitter_misc":{"Tiempo de lectura":"4 minutos"},"schema":{"@context":"https:\/\/schema.org","@graph":[{"@type":"WebPage","@id":"https:\/\/www.caudete.org\/ayuntamiento\/biblioteca-recomendaciones\/","url":"https:\/\/www.caudete.org\/ayuntamiento\/biblioteca-recomendaciones\/","name":"Biblioteca - Recomendaciones - MI Ayuntamiento de Caudete","isPartOf":{"@id":"https:\/\/www.caudete.org\/ayuntamiento\/#website"},"datePublished":"2020-12-08T12:25:13+00:00","dateModified":"2024-06-21T17:19:56+00:00","description":"P\u00e1gina Oficial del Ayuntamiento de Caudete (Albacete)","breadcrumb":{"@id":"https:\/\/www.caudete.org\/ayuntamiento\/biblioteca-recomendaciones\/#breadcrumb"},"inLanguage":"es","potentialAction":[{"@type":"ReadAction","target":["https:\/\/www.caudete.org\/ayuntamiento\/biblioteca-recomendaciones\/"]}]},{"@type":"BreadcrumbList","@id":"https:\/\/www.caudete.org\/ayuntamiento\/biblioteca-recomendaciones\/#breadcrumb","itemListElement":[{"@type":"ListItem","position":1,"name":"Inicio","item":"https:\/\/www.caudete.org\/ayuntamiento\/"},{"@type":"ListItem","position":2,"name":"Biblioteca &#8211; Recomendaciones"}]},{"@type":"WebSite","@id":"https:\/\/www.caudete.org\/ayuntamiento\/#website","url":"https:\/\/www.caudete.org\/ayuntamiento\/","name":"MI Ayuntamiento de Caudete","description":"P\u00e1gina Oficial del MI Ayuntamiento de Caudete","potentialAction":[{"@type":"SearchAction","target":{"@type":"EntryPoint","urlTemplate":"https:\/\/www.caudete.org\/ayuntamiento\/?s={search_term_string}"},"query-input":{"@type":"PropertyValueSpecification","valueRequired":true,"valueName":"search_term_string"}}],"inLanguage":"es"}]}},"_links":{"self":[{"href":"https:\/\/www.caudete.org\/ayuntamiento\/wp-json\/wp\/v2\/pages\/7826","targetHints":{"allow":["GET"]}}],"collection":[{"href":"https:\/\/www.caudete.org\/ayuntamiento\/wp-json\/wp\/v2\/pages"}],"about":[{"href":"https:\/\/www.caudete.org\/ayuntamiento\/wp-json\/wp\/v2\/types\/page"}],"author":[{"embeddable":true,"href":"https:\/\/www.caudete.org\/ayuntamiento\/wp-json\/wp\/v2\/users\/1"}],"replies":[{"embeddable":true,"href":"https:\/\/www.caudete.org\/ayuntamiento\/wp-json\/wp\/v2\/comments?post=7826"}],"version-history":[{"count":2,"href":"https:\/\/www.caudete.org\/ayuntamiento\/wp-json\/wp\/v2\/pages\/7826\/revisions"}],"predecessor-version":[{"id":7828,"href":"https:\/\/www.caudete.org\/ayuntamiento\/wp-json\/wp\/v2\/pages\/7826\/revisions\/7828"}],"wp:attachment":[{"href":"https:\/\/www.caudete.org\/ayuntamiento\/wp-json\/wp\/v2\/media?parent=7826"}],"wp:term":[{"taxonomy":"category","embeddable":true,"href":"https:\/\/www.caudete.org\/ayuntamiento\/wp-json\/wp\/v2\/categories?post=7826"},{"taxonomy":"post_tag","embeddable":true,"href":"https:\/\/www.caudete.org\/ayuntamiento\/wp-json\/wp\/v2\/tags?post=7826"}],"curies":[{"name":"wp","href":"https:\/\/api.w.org\/{rel}","templated":true}]}}