{"id":7836,"date":"2020-12-08T13:45:23","date_gmt":"2020-12-08T12:45:23","guid":{"rendered":"http:\/\/www.caudete.org\/ayuntamiento\/?page_id=7836"},"modified":"2024-06-21T19:16:20","modified_gmt":"2024-06-21T17:16:20","slug":"biblioteca-cifras","status":"publish","type":"page","link":"https:\/\/www.caudete.org\/ayuntamiento\/biblioteca-cifras\/","title":{"rendered":"Biblioteca &#8211; Cifras"},"content":{"rendered":"<h2 style=\"text-align: justify;\">La Biblioteca en cifras<\/h2>\n<p style=\"text-align: justify;\"><strong>ESTAD\u00cdSTICAS DE LA BIBLIOTECA A\u00d1OS 2010, 2011, 2012, 2013, 2014 y 2015<\/strong><\/p>\n<p style=\"text-align: justify;\">HORARIO DE LA BIBLIOTECA:<br \/>\nInvierno:<br \/>\n&#8211; De lunes a viernes de 11:00 a 14:00 horas y de 17:00 a 21:00 horas, s\u00e1bados de 10.00 a 13.00 horas.<br \/>\n&#8211; HORAS DE APERTURA SEMANALES: 38<br \/>\n&#8211; D\u00cdAS A LA SEMANA ABIERTOS: 6<\/p>\n<p style=\"text-align: justify;\">Verano:<br \/>\n&#8211; De lunes a viernes de 9:00 a 14:00 horas y s\u00e1bados de 10:00 a 13:00 horas.<br \/>\n&#8211; HORAS DE APERTURA SEMANALES: 28<br \/>\n&#8211; D\u00cdAS A LA SEMANA ABIERTOS: 6<\/p>\n<hr>\n<p style=\"text-align: justify;\"><strong>ACTIVIDADES DE ANIMACI\u00d3N A LA LECTURA<\/strong><\/p>\n<p style=\"text-align: justify;\">&#8211; Clubes de lectura CURSO 2010\/ 2011: 21 clubes<br \/>\n&#8211; Clubes de lectura CURSO 2011\/ 2012: 17 clubes<br \/>\n&#8211; Clubes de lectura CURSO 2012\/ 2013: 17 clubes<br \/>\n&#8211; Clubes de lectura CURSO 2013\/ 2014: 17 clubes<br \/>\n&#8211; Clubes de lectura CURSO 2014\/ 2015: 17 clubes<br \/>\n&#8211; Clubes de lectura CURSO 2015\/ 2016: 16 clubes<\/p>\n<p style=\"text-align: justify;\">&#8211; Actos y actividades de animaci\u00f3n a la lectura 2010: 613 actividades, 16418 asistentes.<br \/>\n&#8211; Actos y actividades de animaci\u00f3n a la lectura 2011: 567 actividades, 21325 asistentes.<br \/>\n&#8211; Actos y actividades de animaci\u00f3n a la lectura 2012: 480 actividades, 20039 asistentes.<br \/>\n&#8211; Actos y actividades de animaci\u00f3n a la lectura 2013: 550 actividades, 15029 asistentes.<br \/>\n&#8211; Actos y actividades de animaci\u00f3n a la lectura 2014: 520 actividades, 12695 asistentes.<br \/>\n&#8211; Actos y actividades de animaci\u00f3n a la lectura 2015: 445 actividades, 11193 asistentes.<\/p>\n<p style=\"text-align: justify;\"><strong>ACTIVIDADES DE EXTENSI\u00d3N CULTURAL DEL \u00daLTIMO A\u00d1O EN MARCHA, 2011<\/strong><\/p>\n<p style=\"text-align: justify;\">&#8211; Bibliopiscina, horario de lunes a viernes de 16.00 a 19:00 horas. 687 usuarios y 1852 documentos consultados.<br \/>\n&#8211; Biblioparque,horario de lunes a viernes de 10:00 a 13:00 horas. 480 usuarios y 1281 documentos consultados.<br \/>\n&#8211; Sala de estudio, horario de lunes a viernes de 17:00 a 21:00 horas, durante la \u00faltima quincena de Agosto. 209 usuarios.<\/p>\n<h2 style=\"text-align: justify;\">SOCIOS<\/h2>\n<p style=\"text-align: justify;\"><strong>N\u00daMERO DE SOCIOS TOTALES <\/strong><\/p>\n<p style=\"text-align: justify;\">A fecha de 31 de diciembre de 2015: 4.926 socios<\/p>\n<p style=\"text-align: justify;\">N\u00daMERO DE SOCIOS INSCRITOS EN EL 2010: 1051 socios<\/p>\n<p style=\"text-align: justify;\">N\u00daMERO DE SOCIOS INSCRITOS EN EL 2011: 500 socios<\/p>\n<p style=\"text-align: justify;\">N\u00daMERO DE SOCIOS INSCRITOS EN EL 2012: 335 socios<\/p>\n<p style=\"text-align: justify;\">N\u00daMERO DE SOCIOS INSCRITOS EN EL 2013: 208 socios<\/p>\n<p style=\"text-align: justify;\">N\u00daMERO DE SOCIOS INSCRITOS EN EL 2014: 222 socios<\/p>\n<p style=\"text-align: justify;\">N\u00daMERO DE SOCIOS INSCRITOS EN EL 2015: 149 socios<\/p>\n<p style=\"text-align: justify;\"><strong>VISITAS USUARIOS A LA BIBLIOTECA<\/strong><\/p>\n<p style=\"text-align: justify;\">VISITAS 2010: 80287 usuarios pasaron por la Biblioteca<\/p>\n<p style=\"text-align: justify;\">VISITAS 2011: 68550 usuarios pasaron por la Biblioteca<\/p>\n<p style=\"text-align: justify;\">VISITAS 2012: 67346 usuarios pasaron por la Biblioteca<\/p>\n<p style=\"text-align: justify;\">VISITAS 2013: 64879 usuarios pasaron por la Biblioteca<\/p>\n<p style=\"text-align: justify;\">VISITAS 2014: 55944 usuarios pasaron por la Biblioteca<\/p>\n<p style=\"text-align: justify;\">VISITAS 2015: 47514 usuarios pasaron por la Biblioteca<\/p>\n<p style=\"text-align: justify;\"><strong>SERVICIO DE INTERNET EN LA BIBLIOTECA<\/strong><\/p>\n<p style=\"text-align: justify;\">&#8211; TOTAL DE ORDENADORES SERVICIO DE INTERNET A\u00d1O 2010: 7 ( 6 adultos y 1 infantil)<br \/>\n&#8211; HORAS AL MES DE SERVIO DE ACCESO A INTERNET A\u00d1O 2010: una media de 878 horas al mes.<br \/>\n&#8211; TOTAL DE ORDENADORES SERVICIO DE INTERNET A\u00d1O 2011: 7 ( 6 adultos y 1 infantil)<br \/>\n&#8211; HORAS AL MES DE SERVIO DE ACCESO A INTERNET A\u00d1O 2011: una media de 818 horas al mes).<br \/>\n&#8211; TOTAL DE ORDENADORES SERVICIO DE INTERNET A\u00d1O 2012: 7 ( 6 adultos y 1 infantil)<br \/>\n&#8211; HORAS AL MES DE SERVIO DE ACCESO A INTERNET A\u00d1O 2012: una media de 818 horas al mes.<br \/>\n&#8211; TOTAL DE ORDENADORES SERVICIO DE INTERNET A\u00d1O 2013: 7 ( 6 adultos y 1 infantil)<br \/>\n&#8211; HORAS AL MES DE SERVIO DE ACCESO A INTERNET A\u00d1O 2013: una media de 718 horas al mes.<br \/>\n&#8211; TOTAL DE ORDENADORES SERVICIO DE INTERNET A\u00d1O 2014: 6 ( 5 adultos y 1 infantil)<br \/>\n&#8211; HORAS AL MES DE SERVIO DE ACCESO A INTERNET A\u00d1O 2014: una media de 638 horas al mes.<br \/>\n&#8211; TOTAL DE ORDENADORES SERVICIO DE INTERNET A\u00d1O 2015: 5 ( 4 adultos y 1 infantil)<br \/>\n&#8211; HORAS AL MES DE SERVIO DE ACCESO A INTERNET A\u00d1O 2015: una media de 540 horas al mes.<\/p>\n<p style=\"text-align: justify;\"><strong>CONSULTAS DE INTERNET AL A\u00d1O<\/strong><\/p>\n<p style=\"text-align: justify;\">&#8211; N\u00daMERO DE PERSONAS QUE HAN CONSULTADO INTERNET A\u00d1O 2010: 10545.<br \/>\n&#8211; N\u00daMERO DE PERSONAS QUE HAN CONSULTADO INTERNET A\u00d1O 2011: 12508.<br \/>\n&#8211; N\u00daMERO DE PERSONAS QUE HAN CONSULTADO INTERNET A\u00d1O 2012: 11900.<br \/>\n&#8211; N\u00daMERO DE PERSONAS QUE HAN CONSULTADO INTERNET A\u00d1O 2013: 11060.<br \/>\n&#8211; N\u00daMERO DE PERSONAS QUE HAN CONSULTADO INTERNET A\u00d1O 2014: 9910.<br \/>\n&#8211; N\u00daMERO DE PERSONAS QUE HAN CONSULTADO INTERNET A\u00d1O 2015: 6053.<\/p>\n<p style=\"text-align: justify;\"><strong>FONDOS DE LA BIBLIOTECA a fecha de Diciembre de 2015<\/strong><\/p>\n<p style=\"text-align: justify;\">&#8211; N\u00ba de ejemplares de la Biblioteca: 28966 documentos<br \/>\n&#8211; N\u00ba de revistas y publicaciones peri\u00f3dicas en la Biblioteca : 89<br \/>\n&#8211; N\u00ba de peri\u00f3dicos en la Biblioteca: 2<\/p>\n<p style=\"text-align: justify;\"><strong>ADQUISICIONES, COMPRAS REALIZADAS<\/strong><\/p>\n<p style=\"text-align: justify;\">&#8211; A\u00f1o 2010: 592 ejemplares (292 literarios, 257 audiovisuales y 43 sonoros)<br \/>\n&#8211; A\u00f1o 2011: 153 ejemplares (de los cuales 69 literarios, 64 audiovisuales y 20 sonoros)<br \/>\n&#8211; A\u00f1o 2012: 23 ejemplares (de los cuales 15 literarios, 6 audiovisuales y 2 sonoros)<br \/>\n&#8211; A\u00f1o 2013: 2 ejemplares literarios<br \/>\n&#8211; A\u00f1o 2014: 23 ejemplares(obras literarias)<br \/>\n&#8211; a\u00f1o 2015 son: 106 ejemplares (48 obras literarias y 58 audiovisuales)<\/p>\n<p style=\"text-align: justify;\"><strong>SERVICIO DE PR\u00c9STAMO, PR\u00c9STAMOS A DOMICILIO<\/strong><\/p>\n<p style=\"text-align: justify;\">N\u00ba total de pr\u00e9stamos a domicilio A\u00d1O 2010: 34904<\/p>\n<p style=\"text-align: justify;\">N\u00ba de libros en pr\u00e9stamos a domicilio A\u00d1O 2010: 14559<\/p>\n<p style=\"text-align: justify;\">N\u00ba total de pr\u00e9stamos a domicilio A\u00d1O 2011: 24744<\/p>\n<p style=\"text-align: justify;\">N\u00ba de libros en pr\u00e9stamos a domicilio A\u00d1O 2011: 11712<\/p>\n<p style=\"text-align: justify;\">N\u00ba total de pr\u00e9stamos a domicilio A\u00d1O 2012: 34904<\/p>\n<p style=\"text-align: justify;\">N\u00ba de libros en pr\u00e9stamos a domicilio A\u00d1O 2012: 7777<\/p>\n<p style=\"text-align: justify;\">N\u00ba total de pr\u00e9stamos a domicilio A\u00d1O 2013: 17359<\/p>\n<p style=\"text-align: justify;\">N\u00ba de libros en pr\u00e9stamos a domicilio A\u00d1O 2013: 9265<\/p>\n<p style=\"text-align: justify;\">N\u00ba total de pr\u00e9stamos a domicilio A\u00d1O 2014: 13646<\/p>\n<p style=\"text-align: justify;\">N\u00ba de libros en pr\u00e9stamos a domicilio A\u00d1O 2014: 9262<\/p>\n<p style=\"text-align: justify;\">N\u00ba total de pr\u00e9stamos a domicilio A\u00d1O 2015: 12815<\/p>\n<p style=\"text-align: justify;\">N\u00ba de libros en pr\u00e9stamos a domicilio A\u00d1O 2015: 8570<\/p>\n<p style=\"text-align: justify;\"><strong>PR\u00c9STAMOS INTERBIBLIOTECARIOS, PR\u00c9STAMOS PEDIDOS A BIBLIOTECAS EXTERNAS<\/strong><\/p>\n<p style=\"text-align: justify;\">N\u00ba de pr\u00e9stamos interbibliotecario recibidos A\u00d1O 2010: 174<\/p>\n<p style=\"text-align: justify;\">N\u00ba de pr\u00e9stamos interbibliotecario recibidos A\u00d1O 2011: 198<\/p>\n<p style=\"text-align: justify;\">N\u00ba de pr\u00e9stamos interbibliotecario recibidos A\u00d1O 2012: 152<\/p>\n<p style=\"text-align: justify;\">N\u00ba de pr\u00e9stamos interbibliotecario recibidos A\u00d1O 2013: 139<\/p>\n<p style=\"text-align: justify;\">N\u00ba de pr\u00e9stamos interbibliotecario recibidos A\u00d1O 2014: 109<\/p>\n<p style=\"text-align: justify;\">N\u00ba de pr\u00e9stamos interbibliotecario recibidos A\u00d1O 2015: 148<\/p>\n<p style=\"text-align: justify;\"><strong>PR\u00c9STAMOS INTERBIBLIOTECARIOS, PR\u00c9STAMOS EMITIDOS A BIBLIOTECAS EXTERNAS<\/strong><\/p>\n<p style=\"text-align: justify;\">N\u00ba de pr\u00e9stamos interbibliotecario emitidos A\u00d1O 2010: 25<\/p>\n<p style=\"text-align: justify;\">N\u00ba de pr\u00e9stamos interbibliotecario emitidos A\u00d1O 2011: 26<\/p>\n<p style=\"text-align: justify;\">N\u00ba de pr\u00e9stamos interbibliotecario emitidos A\u00d1O 2012: 32<\/p>\n<p style=\"text-align: justify;\">N\u00ba de pr\u00e9stamos interbibliotecario emitidos A\u00d1O 2013: 17<\/p>\n<p style=\"text-align: justify;\">N\u00ba de pr\u00e9stamos interbibliotecario emitidos A\u00d1O 2014: 20<\/p>\n<p style=\"text-align: justify;\">N\u00ba de pr\u00e9stamos interbibliotecario emitidos A\u00d1O 2015: 18<\/p>\n<p style=\"text-align: justify;\"><strong>PR\u00c9STAMOS DE LOTES COLECTIVOS, PRESTADOS A CLUBES DE LECTURA PROPIOS, OTRAS ENTIDADES Y CENTROS EDUCATIVOS EXTERNOS<\/strong><\/p>\n<p style=\"text-align: justify;\">N\u00ba de ejemplares de lotes colectivos prestados A\u00d1O 2010: 1224<\/p>\n<p style=\"text-align: justify;\">N\u00ba de ejemplares de lotes colectivos prestados A\u00d1O 2011: 1710<\/p>\n<p style=\"text-align: justify;\">N\u00ba de ejemplares de lotes colectivos prestados A\u00d1O 2012: 621<\/p>\n<p style=\"text-align: justify;\">N\u00ba de ejemplares de lotes colectivos prestados A\u00d1O 2013: 588<\/p>\n<p style=\"text-align: justify;\">N\u00ba de ejemplares de lotes colectivos prestados A\u00d1O 2014: 546<\/p>\n<p style=\"text-align: justify;\">N\u00ba de ejemplares de lotes colectivos prestados A\u00d1O 2015: 833<\/p>\n<hr>\n<p style=\"text-align: justify;\">NOTA: Los datos estad\u00edsticos son a fecha de 31 de diciembre de 2015, est\u00e1n obtenidos de las estad\u00edsticas de la Bibliteca &#8220;Ana Mar\u00eda Matute&#8221; y publicadas en el censo para Bibliotecas P\u00fablicas de Castilla La Mancha: Censo de la Red de Bibliotecas P\u00fablicas<\/p>\n","protected":false},"excerpt":{"rendered":"<p>La Biblioteca en cifras ESTAD\u00cdSTICAS DE LA BIBLIOTECA A\u00d1OS 2010, 2011, 2012, 2013, 2014 y 2015 HORARIO DE LA BIBLIOTECA: Invierno: &#8211; De lunes a viernes de 11:00 a 14:00 horas y de 17:00 a 21:00 horas, s\u00e1bados de 10.00 a 13.00 horas. &#8211; HORAS DE APERTURA SEMANALES: 38 &#8211; D\u00cdAS A LA SEMANA ABIERTOS: &hellip;<\/p>\n","protected":false},"author":1,"featured_media":0,"parent":0,"menu_order":0,"comment_status":"closed","ping_status":"closed","template":"","meta":{"ngg_post_thumbnail":0,"footnotes":""},"categories":[105],"tags":[],"class_list":["post-7836","page","type-page","status-publish","hentry","category-biblioteca"],"yoast_head":"<!-- This site is optimized with the Yoast SEO plugin v27.5 - https:\/\/yoast.com\/product\/yoast-seo-wordpress\/ -->\n<title>Biblioteca - Cifras - MI Ayuntamiento de Caudete<\/title>\n<meta name=\"description\" content=\"P\u00e1gina Oficial del Ayuntamiento de Caudete (Albacete)\" \/>\n<meta name=\"robots\" content=\"index, follow, max-snippet:-1, max-image-preview:large, max-video-preview:-1\" \/>\n<link rel=\"canonical\" href=\"https:\/\/www.caudete.org\/ayuntamiento\/biblioteca-cifras\/\" \/>\n<meta property=\"og:locale\" content=\"es_ES\" \/>\n<meta property=\"og:type\" content=\"article\" \/>\n<meta property=\"og:title\" content=\"Biblioteca - Cifras - MI Ayuntamiento de Caudete\" \/>\n<meta property=\"og:description\" content=\"P\u00e1gina Oficial del Ayuntamiento de Caudete (Albacete)\" \/>\n<meta property=\"og:url\" content=\"https:\/\/www.caudete.org\/ayuntamiento\/biblioteca-cifras\/\" \/>\n<meta property=\"og:site_name\" content=\"MI Ayuntamiento de Caudete\" \/>\n<meta property=\"article:publisher\" content=\"https:\/\/www.facebook.com\/ayuntamientocaudete\/\" \/>\n<meta property=\"article:modified_time\" content=\"2024-06-21T17:16:20+00:00\" \/>\n<meta name=\"twitter:card\" content=\"summary_large_image\" \/>\n<meta name=\"twitter:label1\" content=\"Tiempo de lectura\" \/>\n\t<meta name=\"twitter:data1\" content=\"5 minutos\" \/>\n<script type=\"application\/ld+json\" class=\"yoast-schema-graph\">{\"@context\":\"https:\\\/\\\/schema.org\",\"@graph\":[{\"@type\":\"WebPage\",\"@id\":\"https:\\\/\\\/www.caudete.org\\\/ayuntamiento\\\/biblioteca-cifras\\\/\",\"url\":\"https:\\\/\\\/www.caudete.org\\\/ayuntamiento\\\/biblioteca-cifras\\\/\",\"name\":\"Biblioteca - Cifras - MI Ayuntamiento de Caudete\",\"isPartOf\":{\"@id\":\"https:\\\/\\\/www.caudete.org\\\/ayuntamiento\\\/#website\"},\"datePublished\":\"2020-12-08T12:45:23+00:00\",\"dateModified\":\"2024-06-21T17:16:20+00:00\",\"description\":\"P\u00e1gina Oficial del Ayuntamiento de Caudete (Albacete)\",\"breadcrumb\":{\"@id\":\"https:\\\/\\\/www.caudete.org\\\/ayuntamiento\\\/biblioteca-cifras\\\/#breadcrumb\"},\"inLanguage\":\"es\",\"potentialAction\":[{\"@type\":\"ReadAction\",\"target\":[\"https:\\\/\\\/www.caudete.org\\\/ayuntamiento\\\/biblioteca-cifras\\\/\"]}]},{\"@type\":\"BreadcrumbList\",\"@id\":\"https:\\\/\\\/www.caudete.org\\\/ayuntamiento\\\/biblioteca-cifras\\\/#breadcrumb\",\"itemListElement\":[{\"@type\":\"ListItem\",\"position\":1,\"name\":\"Inicio\",\"item\":\"https:\\\/\\\/www.caudete.org\\\/ayuntamiento\\\/\"},{\"@type\":\"ListItem\",\"position\":2,\"name\":\"Biblioteca &#8211; Cifras\"}]},{\"@type\":\"WebSite\",\"@id\":\"https:\\\/\\\/www.caudete.org\\\/ayuntamiento\\\/#website\",\"url\":\"https:\\\/\\\/www.caudete.org\\\/ayuntamiento\\\/\",\"name\":\"MI Ayuntamiento de Caudete\",\"description\":\"P\u00e1gina Oficial del MI Ayuntamiento de Caudete\",\"potentialAction\":[{\"@type\":\"SearchAction\",\"target\":{\"@type\":\"EntryPoint\",\"urlTemplate\":\"https:\\\/\\\/www.caudete.org\\\/ayuntamiento\\\/?s={search_term_string}\"},\"query-input\":{\"@type\":\"PropertyValueSpecification\",\"valueRequired\":true,\"valueName\":\"search_term_string\"}}],\"inLanguage\":\"es\"}]}<\/script>\n<!-- \/ Yoast SEO plugin. -->","yoast_head_json":{"title":"Biblioteca - Cifras - MI Ayuntamiento de Caudete","description":"P\u00e1gina Oficial del Ayuntamiento de Caudete (Albacete)","robots":{"index":"index","follow":"follow","max-snippet":"max-snippet:-1","max-image-preview":"max-image-preview:large","max-video-preview":"max-video-preview:-1"},"canonical":"https:\/\/www.caudete.org\/ayuntamiento\/biblioteca-cifras\/","og_locale":"es_ES","og_type":"article","og_title":"Biblioteca - Cifras - MI Ayuntamiento de Caudete","og_description":"P\u00e1gina Oficial del Ayuntamiento de Caudete (Albacete)","og_url":"https:\/\/www.caudete.org\/ayuntamiento\/biblioteca-cifras\/","og_site_name":"MI Ayuntamiento de Caudete","article_publisher":"https:\/\/www.facebook.com\/ayuntamientocaudete\/","article_modified_time":"2024-06-21T17:16:20+00:00","twitter_card":"summary_large_image","twitter_misc":{"Tiempo de lectura":"5 minutos"},"schema":{"@context":"https:\/\/schema.org","@graph":[{"@type":"WebPage","@id":"https:\/\/www.caudete.org\/ayuntamiento\/biblioteca-cifras\/","url":"https:\/\/www.caudete.org\/ayuntamiento\/biblioteca-cifras\/","name":"Biblioteca - Cifras - MI Ayuntamiento de Caudete","isPartOf":{"@id":"https:\/\/www.caudete.org\/ayuntamiento\/#website"},"datePublished":"2020-12-08T12:45:23+00:00","dateModified":"2024-06-21T17:16:20+00:00","description":"P\u00e1gina Oficial del Ayuntamiento de Caudete (Albacete)","breadcrumb":{"@id":"https:\/\/www.caudete.org\/ayuntamiento\/biblioteca-cifras\/#breadcrumb"},"inLanguage":"es","potentialAction":[{"@type":"ReadAction","target":["https:\/\/www.caudete.org\/ayuntamiento\/biblioteca-cifras\/"]}]},{"@type":"BreadcrumbList","@id":"https:\/\/www.caudete.org\/ayuntamiento\/biblioteca-cifras\/#breadcrumb","itemListElement":[{"@type":"ListItem","position":1,"name":"Inicio","item":"https:\/\/www.caudete.org\/ayuntamiento\/"},{"@type":"ListItem","position":2,"name":"Biblioteca &#8211; Cifras"}]},{"@type":"WebSite","@id":"https:\/\/www.caudete.org\/ayuntamiento\/#website","url":"https:\/\/www.caudete.org\/ayuntamiento\/","name":"MI Ayuntamiento de Caudete","description":"P\u00e1gina Oficial del MI Ayuntamiento de Caudete","potentialAction":[{"@type":"SearchAction","target":{"@type":"EntryPoint","urlTemplate":"https:\/\/www.caudete.org\/ayuntamiento\/?s={search_term_string}"},"query-input":{"@type":"PropertyValueSpecification","valueRequired":true,"valueName":"search_term_string"}}],"inLanguage":"es"}]}},"_links":{"self":[{"href":"https:\/\/www.caudete.org\/ayuntamiento\/wp-json\/wp\/v2\/pages\/7836","targetHints":{"allow":["GET"]}}],"collection":[{"href":"https:\/\/www.caudete.org\/ayuntamiento\/wp-json\/wp\/v2\/pages"}],"about":[{"href":"https:\/\/www.caudete.org\/ayuntamiento\/wp-json\/wp\/v2\/types\/page"}],"author":[{"embeddable":true,"href":"https:\/\/www.caudete.org\/ayuntamiento\/wp-json\/wp\/v2\/users\/1"}],"replies":[{"embeddable":true,"href":"https:\/\/www.caudete.org\/ayuntamiento\/wp-json\/wp\/v2\/comments?post=7836"}],"version-history":[{"count":4,"href":"https:\/\/www.caudete.org\/ayuntamiento\/wp-json\/wp\/v2\/pages\/7836\/revisions"}],"predecessor-version":[{"id":7840,"href":"https:\/\/www.caudete.org\/ayuntamiento\/wp-json\/wp\/v2\/pages\/7836\/revisions\/7840"}],"wp:attachment":[{"href":"https:\/\/www.caudete.org\/ayuntamiento\/wp-json\/wp\/v2\/media?parent=7836"}],"wp:term":[{"taxonomy":"category","embeddable":true,"href":"https:\/\/www.caudete.org\/ayuntamiento\/wp-json\/wp\/v2\/categories?post=7836"},{"taxonomy":"post_tag","embeddable":true,"href":"https:\/\/www.caudete.org\/ayuntamiento\/wp-json\/wp\/v2\/tags?post=7836"}],"curies":[{"name":"wp","href":"https:\/\/api.w.org\/{rel}","templated":true}]}}