{"id":7888,"date":"2020-12-08T18:09:41","date_gmt":"2020-12-08T17:09:41","guid":{"rendered":"http:\/\/www.caudete.org\/ayuntamiento\/?page_id=7888"},"modified":"2024-06-21T19:16:01","modified_gmt":"2024-06-21T17:16:01","slug":"biblioteca-digital-presentacion","status":"publish","type":"page","link":"https:\/\/www.caudete.org\/ayuntamiento\/biblioteca-digital-presentacion\/","title":{"rendered":"Biblioteca &#8211; Biblioteca Digital"},"content":{"rendered":"<p style=\"text-align: justify;\">Nace la <b>Biblioteca Digital de Caudete<\/b>, con el fin de <b>reunir, conservar <\/b>digitalmente y <b>difundir <\/b>a trav\u00e9s de Internet el <b>patrimonio documental de Caudete<\/b>, tanto del propio Ayuntamiento como de cualquier <b>instituci\u00f3n <\/b>que quiera participar en este proyecto.<\/p>\n<p>Desde el M.I. Ayuntamiento de Caudete, a trav\u00e9s de su Concejal\u00eda de Cultura, se puso en marcha un proyecto de digitalizaci\u00f3n, del que por fin empiezan a verse sus frutos. Adem\u00e1s de la <b>digitalizaci\u00f3n de los Programas de Fiestas de Moros y Cristianos, se ha trabajado reuniendo y digitalizando diferente documentaci\u00f3n sobre Caudete como libros, revistas, art\u00edculos <\/b>, adem\u00e1s de recopilar una selecci\u00f3n de <b>recursos digitales sobre el municipio<\/b>.<\/p>\n<p>Esta web es la materializaci\u00f3n de este gran proyecto.<\/p>\n<p><b>La Biblioteca P\u00fablica Municipal \u201cAna Mar\u00eda Matute\u201d <\/b>ha cumplido cincuenta a\u00f1os desde su creaci\u00f3n, y ha llegado el momento de traspasar las fronteras f\u00edsicas y dar un salto digital, creando una <b>colecci\u00f3n de recursos locales digitales, organiz\u00e1ndolos <\/b>sistem\u00e1ticamente como una biblioteca y haci\u00e9ndolos <b>accesibles <\/b>a todos los ciudadanos con la ayuda de las nuevas tecnolog\u00edas.<\/p>\n<p>Los objetivos que queremos conseguir con la <b>Biblioteca Digital de Caudete <\/b>son :<\/p>\n<ul style=\"text-align: justify;\">\n<li style=\"list-style-type: none;\">\n<ul>\n<li>Facilitar el acceso a la informaci\u00f3n a cualquier tipo de usuario, haci\u00e9ndola m\u00e1s cercana tanto a los investigadores como a los ciudadanos en general.<\/li>\n<li>Extender el conocimiento de Caudete y su historia.<\/li>\n<li>Reunir documentaci\u00f3n dispersa hasta ahora y en la mayor\u00eda de los casos en malas condiciones de conservaci\u00f3n.<\/li>\n<li>Favorecer la conservaci\u00f3n de toda esta documentaci\u00f3n a la vez que ponemos en marcha las bases para el comienzo de estudios y trabajos de campo sobre nuestra localidad.<\/li>\n<li>Crear una colecci\u00f3n digital con estos fondos.<\/li>\n<li>Eliminar las barreras entre el usuario e informaci\u00f3n.<\/li>\n<li>Hacer posible el acceso remoto simult\u00e1neo al documento, o a su localizaci\u00f3n en un espacio f\u00edsico.<\/li>\n<\/ul>\n<\/li>\n<\/ul>\n<p style=\"text-align: justify;\">A trav\u00e9s de las diferentes <b>secciones <\/b>creadas, cuyos enlaces aparecen al margen, se van a poder consultar, entre otras, las siguientes colecciones:<\/p>\n<ul style=\"text-align: justify;\">\n<li>Programas de <b>Fiestas de Moros y Cristianos en honor a la Virgen de Gracia<\/b>, desde 1901 hasta la actualidad.<\/li>\n<\/ul>\n<p style=\"text-align: justify;\">Sentamos as\u00ed las bases de un gran proyecto, que esperamos ir completando poco a poco, con el que pretendemos que esta Biblioteca Digital de Caudete sea un referente de la cultura de nuestro municipio.<\/p>\n","protected":false},"excerpt":{"rendered":"<p>Nace la Biblioteca Digital de Caudete, con el fin de reunir, conservar digitalmente y difundir a trav\u00e9s de Internet el patrimonio documental de Caudete, tanto del propio Ayuntamiento como de cualquier instituci\u00f3n que quiera participar en este proyecto. Desde el M.I. Ayuntamiento de Caudete, a trav\u00e9s de su Concejal\u00eda de Cultura, se puso en marcha &hellip;<\/p>\n","protected":false},"author":1,"featured_media":0,"parent":0,"menu_order":0,"comment_status":"closed","ping_status":"closed","template":"","meta":{"ngg_post_thumbnail":0,"footnotes":""},"categories":[105],"tags":[],"class_list":["post-7888","page","type-page","status-publish","hentry","category-biblioteca"],"yoast_head":"<!-- This site is optimized with the Yoast SEO plugin v27.5 - https:\/\/yoast.com\/product\/yoast-seo-wordpress\/ -->\n<title>Biblioteca - Biblioteca Digital - MI Ayuntamiento de Caudete<\/title>\n<meta name=\"description\" content=\"P\u00e1gina Oficial del Ayuntamiento de Caudete (Albacete)\" \/>\n<meta name=\"robots\" content=\"index, follow, max-snippet:-1, max-image-preview:large, max-video-preview:-1\" \/>\n<link rel=\"canonical\" href=\"https:\/\/www.caudete.org\/ayuntamiento\/biblioteca-digital-presentacion\/\" \/>\n<meta property=\"og:locale\" content=\"es_ES\" \/>\n<meta property=\"og:type\" content=\"article\" \/>\n<meta property=\"og:title\" content=\"Biblioteca - Biblioteca Digital - MI Ayuntamiento de Caudete\" \/>\n<meta property=\"og:description\" content=\"P\u00e1gina Oficial del Ayuntamiento de Caudete (Albacete)\" \/>\n<meta property=\"og:url\" content=\"https:\/\/www.caudete.org\/ayuntamiento\/biblioteca-digital-presentacion\/\" \/>\n<meta property=\"og:site_name\" content=\"MI Ayuntamiento de Caudete\" \/>\n<meta property=\"article:publisher\" content=\"https:\/\/www.facebook.com\/ayuntamientocaudete\/\" \/>\n<meta property=\"article:modified_time\" content=\"2024-06-21T17:16:01+00:00\" \/>\n<meta name=\"twitter:card\" content=\"summary_large_image\" \/>\n<meta name=\"twitter:label1\" content=\"Tiempo de lectura\" \/>\n\t<meta name=\"twitter:data1\" content=\"2 minutos\" \/>\n<script type=\"application\/ld+json\" class=\"yoast-schema-graph\">{\"@context\":\"https:\\\/\\\/schema.org\",\"@graph\":[{\"@type\":\"WebPage\",\"@id\":\"https:\\\/\\\/www.caudete.org\\\/ayuntamiento\\\/biblioteca-digital-presentacion\\\/\",\"url\":\"https:\\\/\\\/www.caudete.org\\\/ayuntamiento\\\/biblioteca-digital-presentacion\\\/\",\"name\":\"Biblioteca - Biblioteca Digital - MI Ayuntamiento de Caudete\",\"isPartOf\":{\"@id\":\"https:\\\/\\\/www.caudete.org\\\/ayuntamiento\\\/#website\"},\"datePublished\":\"2020-12-08T17:09:41+00:00\",\"dateModified\":\"2024-06-21T17:16:01+00:00\",\"description\":\"P\u00e1gina Oficial del Ayuntamiento de Caudete (Albacete)\",\"breadcrumb\":{\"@id\":\"https:\\\/\\\/www.caudete.org\\\/ayuntamiento\\\/biblioteca-digital-presentacion\\\/#breadcrumb\"},\"inLanguage\":\"es\",\"potentialAction\":[{\"@type\":\"ReadAction\",\"target\":[\"https:\\\/\\\/www.caudete.org\\\/ayuntamiento\\\/biblioteca-digital-presentacion\\\/\"]}]},{\"@type\":\"BreadcrumbList\",\"@id\":\"https:\\\/\\\/www.caudete.org\\\/ayuntamiento\\\/biblioteca-digital-presentacion\\\/#breadcrumb\",\"itemListElement\":[{\"@type\":\"ListItem\",\"position\":1,\"name\":\"Inicio\",\"item\":\"https:\\\/\\\/www.caudete.org\\\/ayuntamiento\\\/\"},{\"@type\":\"ListItem\",\"position\":2,\"name\":\"Biblioteca &#8211; Biblioteca Digital\"}]},{\"@type\":\"WebSite\",\"@id\":\"https:\\\/\\\/www.caudete.org\\\/ayuntamiento\\\/#website\",\"url\":\"https:\\\/\\\/www.caudete.org\\\/ayuntamiento\\\/\",\"name\":\"MI Ayuntamiento de Caudete\",\"description\":\"P\u00e1gina Oficial del MI Ayuntamiento de Caudete\",\"potentialAction\":[{\"@type\":\"SearchAction\",\"target\":{\"@type\":\"EntryPoint\",\"urlTemplate\":\"https:\\\/\\\/www.caudete.org\\\/ayuntamiento\\\/?s={search_term_string}\"},\"query-input\":{\"@type\":\"PropertyValueSpecification\",\"valueRequired\":true,\"valueName\":\"search_term_string\"}}],\"inLanguage\":\"es\"}]}<\/script>\n<!-- \/ Yoast SEO plugin. -->","yoast_head_json":{"title":"Biblioteca - Biblioteca Digital - MI Ayuntamiento de Caudete","description":"P\u00e1gina Oficial del Ayuntamiento de Caudete (Albacete)","robots":{"index":"index","follow":"follow","max-snippet":"max-snippet:-1","max-image-preview":"max-image-preview:large","max-video-preview":"max-video-preview:-1"},"canonical":"https:\/\/www.caudete.org\/ayuntamiento\/biblioteca-digital-presentacion\/","og_locale":"es_ES","og_type":"article","og_title":"Biblioteca - Biblioteca Digital - MI Ayuntamiento de Caudete","og_description":"P\u00e1gina Oficial del Ayuntamiento de Caudete (Albacete)","og_url":"https:\/\/www.caudete.org\/ayuntamiento\/biblioteca-digital-presentacion\/","og_site_name":"MI Ayuntamiento de Caudete","article_publisher":"https:\/\/www.facebook.com\/ayuntamientocaudete\/","article_modified_time":"2024-06-21T17:16:01+00:00","twitter_card":"summary_large_image","twitter_misc":{"Tiempo de lectura":"2 minutos"},"schema":{"@context":"https:\/\/schema.org","@graph":[{"@type":"WebPage","@id":"https:\/\/www.caudete.org\/ayuntamiento\/biblioteca-digital-presentacion\/","url":"https:\/\/www.caudete.org\/ayuntamiento\/biblioteca-digital-presentacion\/","name":"Biblioteca - Biblioteca Digital - MI Ayuntamiento de Caudete","isPartOf":{"@id":"https:\/\/www.caudete.org\/ayuntamiento\/#website"},"datePublished":"2020-12-08T17:09:41+00:00","dateModified":"2024-06-21T17:16:01+00:00","description":"P\u00e1gina Oficial del Ayuntamiento de Caudete (Albacete)","breadcrumb":{"@id":"https:\/\/www.caudete.org\/ayuntamiento\/biblioteca-digital-presentacion\/#breadcrumb"},"inLanguage":"es","potentialAction":[{"@type":"ReadAction","target":["https:\/\/www.caudete.org\/ayuntamiento\/biblioteca-digital-presentacion\/"]}]},{"@type":"BreadcrumbList","@id":"https:\/\/www.caudete.org\/ayuntamiento\/biblioteca-digital-presentacion\/#breadcrumb","itemListElement":[{"@type":"ListItem","position":1,"name":"Inicio","item":"https:\/\/www.caudete.org\/ayuntamiento\/"},{"@type":"ListItem","position":2,"name":"Biblioteca &#8211; Biblioteca Digital"}]},{"@type":"WebSite","@id":"https:\/\/www.caudete.org\/ayuntamiento\/#website","url":"https:\/\/www.caudete.org\/ayuntamiento\/","name":"MI Ayuntamiento de Caudete","description":"P\u00e1gina Oficial del MI Ayuntamiento de Caudete","potentialAction":[{"@type":"SearchAction","target":{"@type":"EntryPoint","urlTemplate":"https:\/\/www.caudete.org\/ayuntamiento\/?s={search_term_string}"},"query-input":{"@type":"PropertyValueSpecification","valueRequired":true,"valueName":"search_term_string"}}],"inLanguage":"es"}]}},"_links":{"self":[{"href":"https:\/\/www.caudete.org\/ayuntamiento\/wp-json\/wp\/v2\/pages\/7888","targetHints":{"allow":["GET"]}}],"collection":[{"href":"https:\/\/www.caudete.org\/ayuntamiento\/wp-json\/wp\/v2\/pages"}],"about":[{"href":"https:\/\/www.caudete.org\/ayuntamiento\/wp-json\/wp\/v2\/types\/page"}],"author":[{"embeddable":true,"href":"https:\/\/www.caudete.org\/ayuntamiento\/wp-json\/wp\/v2\/users\/1"}],"replies":[{"embeddable":true,"href":"https:\/\/www.caudete.org\/ayuntamiento\/wp-json\/wp\/v2\/comments?post=7888"}],"version-history":[{"count":5,"href":"https:\/\/www.caudete.org\/ayuntamiento\/wp-json\/wp\/v2\/pages\/7888\/revisions"}],"predecessor-version":[{"id":7908,"href":"https:\/\/www.caudete.org\/ayuntamiento\/wp-json\/wp\/v2\/pages\/7888\/revisions\/7908"}],"wp:attachment":[{"href":"https:\/\/www.caudete.org\/ayuntamiento\/wp-json\/wp\/v2\/media?parent=7888"}],"wp:term":[{"taxonomy":"category","embeddable":true,"href":"https:\/\/www.caudete.org\/ayuntamiento\/wp-json\/wp\/v2\/categories?post=7888"},{"taxonomy":"post_tag","embeddable":true,"href":"https:\/\/www.caudete.org\/ayuntamiento\/wp-json\/wp\/v2\/tags?post=7888"}],"curies":[{"name":"wp","href":"https:\/\/api.w.org\/{rel}","templated":true}]}}