{"id":7919,"date":"2020-12-08T19:11:11","date_gmt":"2020-12-08T18:11:11","guid":{"rendered":"http:\/\/www.caudete.org\/ayuntamiento\/?page_id=7919"},"modified":"2024-06-21T19:18:34","modified_gmt":"2024-06-21T17:18:34","slug":"biblioteca-programas-de-fiestas-1901-1949","status":"publish","type":"page","link":"https:\/\/www.caudete.org\/ayuntamiento\/biblioteca-programas-de-fiestas-1901-1949\/","title":{"rendered":"Biblioteca &#8211; Programas de Fiestas 1891 &#8211; 1949"},"content":{"rendered":"<p><strong>Descargas<\/strong><\/p>\n<p><a href=\"http:\/\/bibliotecadigital.caudete.org\/librosfiestas\/pdfs\/PROGRAMA%20FIESTAS%20CAUDETE%201891.pdf\" class=\"mtli_attachment mtli_pdf\" target=\"_blank\" rel=\"nofollow\">A\u00f1o 1891<\/a><br \/>\n<a href=\"http:\/\/bibliotecadigital.caudete.org\/1901\/1901.pdf\" class=\"mtli_attachment mtli_pdf\" target=\"_blank\" rel=\"nofollow\">A\u00f1o 1901<\/a><br \/>\n<a href=\"http:\/\/bibliotecadigital.caudete.org\/1907\/1907.pdf\" class=\"mtli_attachment mtli_pdf\" target=\"_blank\" rel=\"nofollow\">A\u00f1o 1907<\/a><br \/>\n<a href=\"http:\/\/bibliotecadigital.caudete.org\/1914\/1914-1.pdf\" class=\"mtli_attachment mtli_pdf\" target=\"_blank\" rel=\"nofollow\">A\u00f1o 1914 &#8211; 1\u00aa parte<\/a><br \/>\n<a href=\"http:\/\/bibliotecadigital.caudete.org\/1914\/1914-2.pdf\" class=\"mtli_attachment mtli_pdf\" target=\"_blank\" rel=\"nofollow\">A\u00f1o 1914 &#8211; 2\u00aa parte<\/a><br \/>\n<a href=\"http:\/\/bibliotecadigital.caudete.org\/1914\/1914.pdf\" class=\"mtli_attachment mtli_pdf\" target=\"_blank\" rel=\"nofollow\">A\u00f1o 1914<\/a><br \/>\n<a href=\"http:\/\/bibliotecadigital.caudete.org\/librosfiestas\/pdfs\/PROGRAMA%20FIESTAS%20CAUDETE%201924.pdf\" class=\"mtli_attachment mtli_pdf\" target=\"_blank\" rel=\"nofollow\">A\u00f1o 1924<\/a><br \/>\n<a href=\"http:\/\/bibliotecadigital.caudete.org\/1930\/1930.pdf\" class=\"mtli_attachment mtli_pdf\" target=\"_blank\" rel=\"nofollow\">A\u00f1o 1930<\/a><br \/>\n<a href=\"http:\/\/bibliotecadigital.caudete.org\/1931\/1931.pdf\" class=\"mtli_attachment mtli_pdf\" target=\"_blank\" rel=\"nofollow\">A\u00f1o 1931<\/a><br \/>\n<a href=\"http:\/\/bibliotecadigital.caudete.org\/1940\/1940.pdf\" class=\"mtli_attachment mtli_pdf\" target=\"_blank\" rel=\"nofollow\">A\u00f1o 1940<\/a><br \/>\n<a href=\"http:\/\/bibliotecadigital.caudete.org\/1941\/1941.pdf\" class=\"mtli_attachment mtli_pdf\" target=\"_blank\" rel=\"nofollow\">A\u00f1o 1941<\/a><br \/>\n<a href=\"http:\/\/bibliotecadigital.caudete.org\/1942\/1942.pdf\" class=\"mtli_attachment mtli_pdf\" target=\"_blank\" rel=\"nofollow\">A\u00f1o 1942<\/a><br \/>\n<a href=\"http:\/\/bibliotecadigital.caudete.org\/1943\/1943.pdf\" class=\"mtli_attachment mtli_pdf\" target=\"_blank\" rel=\"nofollow\">A\u00f1o 1943<\/a><br \/>\n<a href=\"http:\/\/bibliotecadigital.caudete.org\/1944\/1944.pdf\" class=\"mtli_attachment mtli_pdf\" target=\"_blank\" rel=\"nofollow\">A\u00f1o 1944<\/a><br \/>\n<a href=\"http:\/\/bibliotecadigital.caudete.org\/1945\/1945.pdf\" class=\"mtli_attachment mtli_pdf\" target=\"_blank\" rel=\"nofollow\">A\u00f1o 1945<\/a><br \/>\n<a href=\"http:\/\/bibliotecadigital.caudete.org\/1946\/1946.pdf\" class=\"mtli_attachment mtli_pdf\" target=\"_blank\" rel=\"nofollow\">A\u00f1o 1946<\/a><br \/>\n<a href=\"http:\/\/bibliotecadigital.caudete.org\/1947\/1947.pdf\" class=\"mtli_attachment mtli_pdf\" target=\"_blank\" rel=\"nofollow\">A\u00f1o 1947<\/a><br \/>\n<a href=\"http:\/\/bibliotecadigital.caudete.org\/1948\/1948.pdf\" class=\"mtli_attachment mtli_pdf\" target=\"_blank\" rel=\"nofollow\">A\u00f1o 1948<\/a><br \/>\n<a href=\"http:\/\/bibliotecadigital.caudete.org\/1949\/1949.pdf\" class=\"mtli_attachment mtli_pdf\" target=\"_blank\" rel=\"nofollow\">A\u00f1o 1949<\/a><\/p>\n","protected":false},"excerpt":{"rendered":"<p>Descargas A\u00f1o 1891 A\u00f1o 1901 A\u00f1o 1907 A\u00f1o 1914 &#8211; 1\u00aa parte A\u00f1o 1914 &#8211; 2\u00aa parte A\u00f1o 1914 A\u00f1o 1924 A\u00f1o 1930 A\u00f1o 1931 A\u00f1o 1940 A\u00f1o 1941 A\u00f1o 1942 A\u00f1o 1943 A\u00f1o 1944 A\u00f1o 1945 A\u00f1o 1946 A\u00f1o 1947 A\u00f1o 1948 A\u00f1o 1949<\/p>\n","protected":false},"author":1,"featured_media":0,"parent":0,"menu_order":0,"comment_status":"closed","ping_status":"closed","template":"","meta":{"ngg_post_thumbnail":0,"footnotes":""},"categories":[105],"tags":[],"class_list":["post-7919","page","type-page","status-publish","hentry","category-biblioteca"],"yoast_head":"<!-- This site is optimized with the Yoast SEO plugin v27.5 - https:\/\/yoast.com\/product\/yoast-seo-wordpress\/ -->\n<title>Biblioteca - Programas de Fiestas 1891 - 1949 - MI Ayuntamiento de Caudete<\/title>\n<meta name=\"description\" content=\"P\u00e1gina Oficial del Ayuntamiento de Caudete (Albacete)\" \/>\n<meta name=\"robots\" content=\"index, follow, max-snippet:-1, max-image-preview:large, max-video-preview:-1\" \/>\n<link rel=\"canonical\" href=\"https:\/\/www.caudete.org\/ayuntamiento\/biblioteca-programas-de-fiestas-1901-1949\/\" \/>\n<meta property=\"og:locale\" content=\"es_ES\" \/>\n<meta property=\"og:type\" content=\"article\" \/>\n<meta property=\"og:title\" content=\"Biblioteca - Programas de Fiestas 1891 - 1949 - MI Ayuntamiento de Caudete\" \/>\n<meta property=\"og:description\" content=\"P\u00e1gina Oficial del Ayuntamiento de Caudete (Albacete)\" \/>\n<meta property=\"og:url\" content=\"https:\/\/www.caudete.org\/ayuntamiento\/biblioteca-programas-de-fiestas-1901-1949\/\" \/>\n<meta property=\"og:site_name\" content=\"MI Ayuntamiento de Caudete\" \/>\n<meta property=\"article:publisher\" content=\"https:\/\/www.facebook.com\/ayuntamientocaudete\/\" \/>\n<meta property=\"article:modified_time\" content=\"2024-06-21T17:18:34+00:00\" \/>\n<meta name=\"twitter:card\" content=\"summary_large_image\" \/>\n<meta name=\"twitter:label1\" content=\"Tiempo de lectura\" \/>\n\t<meta name=\"twitter:data1\" content=\"1 minuto\" \/>\n<script type=\"application\/ld+json\" class=\"yoast-schema-graph\">{\"@context\":\"https:\\\/\\\/schema.org\",\"@graph\":[{\"@type\":\"WebPage\",\"@id\":\"https:\\\/\\\/www.caudete.org\\\/ayuntamiento\\\/biblioteca-programas-de-fiestas-1901-1949\\\/\",\"url\":\"https:\\\/\\\/www.caudete.org\\\/ayuntamiento\\\/biblioteca-programas-de-fiestas-1901-1949\\\/\",\"name\":\"Biblioteca - Programas de Fiestas 1891 - 1949 - MI Ayuntamiento de Caudete\",\"isPartOf\":{\"@id\":\"https:\\\/\\\/www.caudete.org\\\/ayuntamiento\\\/#website\"},\"datePublished\":\"2020-12-08T18:11:11+00:00\",\"dateModified\":\"2024-06-21T17:18:34+00:00\",\"description\":\"P\u00e1gina Oficial del Ayuntamiento de Caudete (Albacete)\",\"breadcrumb\":{\"@id\":\"https:\\\/\\\/www.caudete.org\\\/ayuntamiento\\\/biblioteca-programas-de-fiestas-1901-1949\\\/#breadcrumb\"},\"inLanguage\":\"es\",\"potentialAction\":[{\"@type\":\"ReadAction\",\"target\":[\"https:\\\/\\\/www.caudete.org\\\/ayuntamiento\\\/biblioteca-programas-de-fiestas-1901-1949\\\/\"]}]},{\"@type\":\"BreadcrumbList\",\"@id\":\"https:\\\/\\\/www.caudete.org\\\/ayuntamiento\\\/biblioteca-programas-de-fiestas-1901-1949\\\/#breadcrumb\",\"itemListElement\":[{\"@type\":\"ListItem\",\"position\":1,\"name\":\"Inicio\",\"item\":\"https:\\\/\\\/www.caudete.org\\\/ayuntamiento\\\/\"},{\"@type\":\"ListItem\",\"position\":2,\"name\":\"Biblioteca &#8211; Programas de Fiestas 1891 &#8211; 1949\"}]},{\"@type\":\"WebSite\",\"@id\":\"https:\\\/\\\/www.caudete.org\\\/ayuntamiento\\\/#website\",\"url\":\"https:\\\/\\\/www.caudete.org\\\/ayuntamiento\\\/\",\"name\":\"MI Ayuntamiento de Caudete\",\"description\":\"P\u00e1gina Oficial del MI Ayuntamiento de Caudete\",\"potentialAction\":[{\"@type\":\"SearchAction\",\"target\":{\"@type\":\"EntryPoint\",\"urlTemplate\":\"https:\\\/\\\/www.caudete.org\\\/ayuntamiento\\\/?s={search_term_string}\"},\"query-input\":{\"@type\":\"PropertyValueSpecification\",\"valueRequired\":true,\"valueName\":\"search_term_string\"}}],\"inLanguage\":\"es\"}]}<\/script>\n<!-- \/ Yoast SEO plugin. -->","yoast_head_json":{"title":"Biblioteca - Programas de Fiestas 1891 - 1949 - MI Ayuntamiento de Caudete","description":"P\u00e1gina Oficial del Ayuntamiento de Caudete (Albacete)","robots":{"index":"index","follow":"follow","max-snippet":"max-snippet:-1","max-image-preview":"max-image-preview:large","max-video-preview":"max-video-preview:-1"},"canonical":"https:\/\/www.caudete.org\/ayuntamiento\/biblioteca-programas-de-fiestas-1901-1949\/","og_locale":"es_ES","og_type":"article","og_title":"Biblioteca - Programas de Fiestas 1891 - 1949 - MI Ayuntamiento de Caudete","og_description":"P\u00e1gina Oficial del Ayuntamiento de Caudete (Albacete)","og_url":"https:\/\/www.caudete.org\/ayuntamiento\/biblioteca-programas-de-fiestas-1901-1949\/","og_site_name":"MI Ayuntamiento de Caudete","article_publisher":"https:\/\/www.facebook.com\/ayuntamientocaudete\/","article_modified_time":"2024-06-21T17:18:34+00:00","twitter_card":"summary_large_image","twitter_misc":{"Tiempo de lectura":"1 minuto"},"schema":{"@context":"https:\/\/schema.org","@graph":[{"@type":"WebPage","@id":"https:\/\/www.caudete.org\/ayuntamiento\/biblioteca-programas-de-fiestas-1901-1949\/","url":"https:\/\/www.caudete.org\/ayuntamiento\/biblioteca-programas-de-fiestas-1901-1949\/","name":"Biblioteca - Programas de Fiestas 1891 - 1949 - MI Ayuntamiento de Caudete","isPartOf":{"@id":"https:\/\/www.caudete.org\/ayuntamiento\/#website"},"datePublished":"2020-12-08T18:11:11+00:00","dateModified":"2024-06-21T17:18:34+00:00","description":"P\u00e1gina Oficial del Ayuntamiento de Caudete (Albacete)","breadcrumb":{"@id":"https:\/\/www.caudete.org\/ayuntamiento\/biblioteca-programas-de-fiestas-1901-1949\/#breadcrumb"},"inLanguage":"es","potentialAction":[{"@type":"ReadAction","target":["https:\/\/www.caudete.org\/ayuntamiento\/biblioteca-programas-de-fiestas-1901-1949\/"]}]},{"@type":"BreadcrumbList","@id":"https:\/\/www.caudete.org\/ayuntamiento\/biblioteca-programas-de-fiestas-1901-1949\/#breadcrumb","itemListElement":[{"@type":"ListItem","position":1,"name":"Inicio","item":"https:\/\/www.caudete.org\/ayuntamiento\/"},{"@type":"ListItem","position":2,"name":"Biblioteca &#8211; Programas de Fiestas 1891 &#8211; 1949"}]},{"@type":"WebSite","@id":"https:\/\/www.caudete.org\/ayuntamiento\/#website","url":"https:\/\/www.caudete.org\/ayuntamiento\/","name":"MI Ayuntamiento de Caudete","description":"P\u00e1gina Oficial del MI Ayuntamiento de Caudete","potentialAction":[{"@type":"SearchAction","target":{"@type":"EntryPoint","urlTemplate":"https:\/\/www.caudete.org\/ayuntamiento\/?s={search_term_string}"},"query-input":{"@type":"PropertyValueSpecification","valueRequired":true,"valueName":"search_term_string"}}],"inLanguage":"es"}]}},"_links":{"self":[{"href":"https:\/\/www.caudete.org\/ayuntamiento\/wp-json\/wp\/v2\/pages\/7919","targetHints":{"allow":["GET"]}}],"collection":[{"href":"https:\/\/www.caudete.org\/ayuntamiento\/wp-json\/wp\/v2\/pages"}],"about":[{"href":"https:\/\/www.caudete.org\/ayuntamiento\/wp-json\/wp\/v2\/types\/page"}],"author":[{"embeddable":true,"href":"https:\/\/www.caudete.org\/ayuntamiento\/wp-json\/wp\/v2\/users\/1"}],"replies":[{"embeddable":true,"href":"https:\/\/www.caudete.org\/ayuntamiento\/wp-json\/wp\/v2\/comments?post=7919"}],"version-history":[{"count":5,"href":"https:\/\/www.caudete.org\/ayuntamiento\/wp-json\/wp\/v2\/pages\/7919\/revisions"}],"predecessor-version":[{"id":21203,"href":"https:\/\/www.caudete.org\/ayuntamiento\/wp-json\/wp\/v2\/pages\/7919\/revisions\/21203"}],"wp:attachment":[{"href":"https:\/\/www.caudete.org\/ayuntamiento\/wp-json\/wp\/v2\/media?parent=7919"}],"wp:term":[{"taxonomy":"category","embeddable":true,"href":"https:\/\/www.caudete.org\/ayuntamiento\/wp-json\/wp\/v2\/categories?post=7919"},{"taxonomy":"post_tag","embeddable":true,"href":"https:\/\/www.caudete.org\/ayuntamiento\/wp-json\/wp\/v2\/tags?post=7919"}],"curies":[{"name":"wp","href":"https:\/\/api.w.org\/{rel}","templated":true}]}}