{"id":8186,"date":"2020-12-11T17:58:03","date_gmt":"2020-12-11T16:58:03","guid":{"rendered":"http:\/\/www.caudete.org\/ayuntamiento\/?page_id=8186"},"modified":"2024-04-24T18:50:19","modified_gmt":"2024-04-24T16:50:19","slug":"juventud-centro-de-informacion-juvenil","status":"publish","type":"page","link":"https:\/\/www.caudete.org\/ayuntamiento\/juventud-centro-de-informacion-juvenil\/","title":{"rendered":"Juventud &#8211; Centro de Informaci\u00f3n Juvenil"},"content":{"rendered":"\t\t<div data-elementor-type=\"wp-page\" data-elementor-id=\"8186\" class=\"elementor elementor-8186\" data-elementor-post-type=\"page\">\n\t\t\t\t\t\t<section class=\"elementor-section elementor-top-section elementor-element elementor-element-7cb8a6c elementor-section-boxed elementor-section-height-default elementor-section-height-default\" data-id=\"7cb8a6c\" data-element_type=\"section\" data-e-type=\"section\">\n\t\t\t\t\t\t<div class=\"elementor-container elementor-column-gap-default\">\n\t\t\t\t\t<div class=\"elementor-column elementor-col-100 elementor-top-column elementor-element elementor-element-6ca0da5\" data-id=\"6ca0da5\" data-element_type=\"column\" data-e-type=\"column\">\n\t\t\t<div class=\"elementor-widget-wrap elementor-element-populated\">\n\t\t\t\t\t\t<div class=\"elementor-element elementor-element-1ba14a6 elementor-widget elementor-widget-image\" data-id=\"1ba14a6\" data-element_type=\"widget\" data-e-type=\"widget\" data-widget_type=\"image.default\">\n\t\t\t\t<div class=\"elementor-widget-container\">\n\t\t\t\t\t\t\t\t\t\t\t\t\t\t\t<img fetchpriority=\"high\" decoding=\"async\" width=\"1024\" height=\"769\" src=\"https:\/\/www.caudete.org\/ayuntamiento\/wp-content\/uploads\/2024\/04\/oficina-sala-joven-1-1024x769.jpg\" class=\"attachment-large size-large wp-image-24900\" alt=\"\" srcset=\"https:\/\/www.caudete.org\/ayuntamiento\/wp-content\/uploads\/2024\/04\/oficina-sala-joven-1-1024x769.jpg 1024w, https:\/\/www.caudete.org\/ayuntamiento\/wp-content\/uploads\/2024\/04\/oficina-sala-joven-1-300x225.jpg 300w, https:\/\/www.caudete.org\/ayuntamiento\/wp-content\/uploads\/2024\/04\/oficina-sala-joven-1-768x577.jpg 768w, https:\/\/www.caudete.org\/ayuntamiento\/wp-content\/uploads\/2024\/04\/oficina-sala-joven-1-1536x1154.jpg 1536w, https:\/\/www.caudete.org\/ayuntamiento\/wp-content\/uploads\/2024\/04\/oficina-sala-joven-1.jpg 1589w\" sizes=\"(max-width: 1024px) 100vw, 1024px\" \/>\t\t\t\t\t\t\t\t\t\t\t\t\t\t\t<\/div>\n\t\t\t\t<\/div>\n\t\t\t\t<div class=\"elementor-element elementor-element-92d36bc elementor-widget elementor-widget-text-editor\" data-id=\"92d36bc\" data-element_type=\"widget\" data-e-type=\"widget\" data-widget_type=\"text-editor.default\">\n\t\t\t\t<div class=\"elementor-widget-container\">\n\t\t\t\t\t\t\t\t\t<h2 style=\"text-align: justify;\"><img decoding=\"async\" src=\"http:\/\/www.caudete.org\/ayuntamiento\/wp-content\/uploads\/2020\/12\/centro_informacion_juvenil-300x265.jpg\" alt=\"\" width=\"300\" height=\"265\" \/><\/h2><h2 style=\"text-align: justify;\">\u00bfQu\u00e9 es el Centro de Informaci\u00f3n Juvenil?<\/h2><p>El <strong>Centro de Informaci\u00f3n Juvenil (C.I.J.)<\/strong> del Ayuntamiento de Caudete es un servicio p\u00fablico y GRATUITO que la Concejal\u00eda de Juventud de la localidad pone al servicio de la poblaci\u00f3n joven para informar, asesorar, documentar y dinamizar con una atenci\u00f3n directa y personalizada. En dicha Oficina se pueden consultar dudas, solicitar informaci\u00f3n, expresar ideas y sugerencias, etc.<\/p><p>Adem\u00e1s, el <strong>CIJ<\/strong> de Caudete est\u00e1 integrado en la <strong>Red de Informaci\u00f3n Juvenil de Castilla-La Mancha<\/strong>.<\/p><h3>SERVICIOS DEL CENTRO DE INFORMACI\u00d3N JUVENIL<\/h3><h4><span style=\"color: #3366ff;\">\u00c1rea de Informaci\u00f3n<\/span><\/h4><p>Los y las j\u00f3venes de de Caudete que tengan entre 14 y 30 a\u00f1os, pueden dirigirse a la <strong>Oficina de Informaci\u00f3n Juvenil<\/strong> para consultar todas sus dudas sobre actividades de ocio, cursos, formaci\u00f3n, becas, empleo, garant\u00eda juvenil, vivienda, asociacionismo y voluntariado, concursos y premios, programas europeos y programas de la Direcci\u00f3n General de Juventud de Castilla-La Mancha, etc.<\/p><p>Adem\u00e1s, pueden obtener:<\/p><ul style=\"list-style-type: disc;\"><li>Carn\u00e9 de usuario de la Sala Joven<\/li><li>Carn\u00e9 de usuario de la Sala de Estudios ubicada en la Sala Joven<\/li><li>Carn\u00e9 Joven Europeo<\/li><li>Carn\u00e9 de Alberguista<\/li><\/ul><h4><span style=\"color: #3366ff;\">\u00c1rea de Dinamizaci\u00f3n<\/span><\/h4><p>Desde la <strong>Oficina de Informaci\u00f3n Juvenil<\/strong> se ofrecen diferentes actividades (formativas, de ocio, culturales\u2026) a lo largo de todo el a\u00f1o. La programaci\u00f3n de dichas actividades se publica en diferentes medios y redes sociales: p\u00e1gina web municipal, Instagram, Facebook, TikTok y canal Whatsapp.<\/p><p>Busca &#8220;@salajovencaudete&#8221; y s\u00edguenos. Aprende, participa, colabora y divi\u00e9rtete.<\/p><p><strong>Estamos para ATENDERTE&#8230;<\/strong><\/p><p><strong>HORARIO<\/strong><\/p><ul style=\"list-style-type: disc;\"><li>De lunes a mi\u00e9rcoles, de 9:00 a 13:00 horas y de 16:30 a 19:30 horas<\/li><li>Jueves y viernes de 9:00 a 14:00 horas<\/li><\/ul><p>De modo telef\u00f3nico: <strong>965 828 284<\/strong><br \/>Consulta por email: <a href=\"mailto:juventud@caudete.org\" target=\"_blank\" rel=\"noopener nofollow\">juventud@caudete.org<\/a><\/p><p>\u00a0<\/p><p><iframe style=\"border: 0;\" src=\"https:\/\/www.google.com\/maps\/embed?pb=!1m18!1m12!1m3!1d1100.8211993370876!2d-0.9879894463384451!3d38.704202866511345!2m3!1f0!2f0!3f0!3m2!1i1024!2i768!4f13.1!3m3!1m2!1s0xd61593170dbb7bd%3A0xb5085ac9de0ea0f6!2sC.%20Jose%20Ruiz%20Y%20Ruiz%2C%202%2C%2002660%20Caudete%2C%20Albacete!5e0!3m2!1ses!2ses!4v1682436495348!5m2!1ses!2ses\" width=\"600\" height=\"450\" allowfullscreen=\"allowfullscreen\"><\/iframe><\/p><h2 style=\"text-align: justify;\">CONSULTAS<\/h2><p style=\"text-align: justify;\"><strong>Realiza tu Consulta al Centro de Informaci\u00f3n Juvenil<\/strong><\/p>\t\t\t\t\t\t\t\t<\/div>\n\t\t\t\t<\/div>\n\t\t\t\t\t<\/div>\n\t\t<\/div>\n\t\t\t\t\t<\/div>\n\t\t<\/section>\n\t\t\t\t<section class=\"elementor-section elementor-top-section elementor-element elementor-element-26f7a76 elementor-section-boxed elementor-section-height-default elementor-section-height-default\" data-id=\"26f7a76\" data-element_type=\"section\" data-e-type=\"section\">\n\t\t\t\t\t\t<div class=\"elementor-container elementor-column-gap-default\">\n\t\t\t\t\t<div class=\"elementor-column elementor-col-100 elementor-top-column elementor-element elementor-element-73eb09b\" data-id=\"73eb09b\" data-element_type=\"column\" data-e-type=\"column\">\n\t\t\t<div class=\"elementor-widget-wrap elementor-element-populated\">\n\t\t\t\t\t\t<div class=\"elementor-element elementor-element-8197ddc elementor-button-align-stretch elementor-widget elementor-widget-form\" data-id=\"8197ddc\" data-element_type=\"widget\" data-e-type=\"widget\" data-settings=\"{&quot;step_next_label&quot;:&quot;Siguiente&quot;,&quot;step_previous_label&quot;:&quot;Anterior&quot;,&quot;button_width&quot;:&quot;100&quot;,&quot;step_type&quot;:&quot;number_text&quot;,&quot;step_icon_shape&quot;:&quot;circle&quot;}\" data-widget_type=\"form.default\">\n\t\t\t\t<div class=\"elementor-widget-container\">\n\t\t\t\t\t\t\t<form class=\"elementor-form\" method=\"post\" id=\"juventud_contacto\" name=\"New Form\">\n\t\t\t<input type=\"hidden\" name=\"post_id\" value=\"8186\"\/>\n\t\t\t<input type=\"hidden\" name=\"form_id\" value=\"8197ddc\"\/>\n\t\t\t<input type=\"hidden\" name=\"referer_title\" value=\"Juventud - Centro de Informaci\u00f3n Juvenil - MI Ayuntamiento de Caudete\" \/>\n\n\t\t\t\t\t\t\t<input type=\"hidden\" name=\"queried_id\" value=\"8186\"\/>\n\t\t\t\n\t\t\t<div class=\"elementor-form-fields-wrapper elementor-labels-above\">\n\t\t\t\t\t\t\t\t<div class=\"elementor-field-type-text elementor-field-group elementor-column elementor-field-group-name elementor-col-100 elementor-field-required elementor-mark-required\">\n\t\t\t\t\t\t\t\t\t\t\t\t<label for=\"form-field-name\" class=\"elementor-field-label\">\n\t\t\t\t\t\t\t\tNombre completo\t\t\t\t\t\t\t<\/label>\n\t\t\t\t\t\t\t\t\t\t\t\t\t\t<input size=\"1\" type=\"text\" name=\"form_fields[name]\" id=\"form-field-name\" class=\"elementor-field elementor-size-sm  elementor-field-textual\" required=\"required\">\n\t\t\t\t\t\t\t\t\t\t\t<\/div>\n\t\t\t\t\t\t\t\t<div class=\"elementor-field-type-email elementor-field-group elementor-column elementor-field-group-email elementor-col-100 elementor-field-required elementor-mark-required\">\n\t\t\t\t\t\t\t\t\t\t\t\t<label for=\"form-field-email\" class=\"elementor-field-label\">\n\t\t\t\t\t\t\t\tCorreo electr\u00f3nico\t\t\t\t\t\t\t<\/label>\n\t\t\t\t\t\t\t\t\t\t\t\t\t\t<input size=\"1\" type=\"email\" name=\"form_fields[email]\" id=\"form-field-email\" class=\"elementor-field elementor-size-sm  elementor-field-textual\" required=\"required\">\n\t\t\t\t\t\t\t\t\t\t\t<\/div>\n\t\t\t\t\t\t\t\t<div class=\"elementor-field-type-textarea elementor-field-group elementor-column elementor-field-group-message elementor-col-100 elementor-field-required elementor-mark-required\">\n\t\t\t\t\t\t\t\t\t\t\t\t<label for=\"form-field-message\" class=\"elementor-field-label\">\n\t\t\t\t\t\t\t\tConsulta\t\t\t\t\t\t\t<\/label>\n\t\t\t\t\t\t<textarea class=\"elementor-field-textual elementor-field  elementor-size-sm\" name=\"form_fields[message]\" id=\"form-field-message\" rows=\"4\" required=\"required\"><\/textarea>\t\t\t\t<\/div>\n\t\t\t\t\t\t\t\t<div class=\"elementor-field-type-acceptance elementor-field-group elementor-column elementor-field-group-field_ba5f477 elementor-col-100 elementor-field-required elementor-mark-required\">\n\t\t\t\t\t\t\t<div class=\"elementor-field-subgroup\">\n\t\t\t<span class=\"elementor-field-option\">\n\t\t\t\t<input type=\"checkbox\" name=\"form_fields[field_ba5f477]\" id=\"form-field-field_ba5f477\" class=\"elementor-field elementor-size-sm  elementor-acceptance-field\" required=\"required\">\n\t\t\t\t<label for=\"form-field-field_ba5f477\">Acepto las Pol\u00edticas de Privacidad de este sitio<\/label>\t\t\t<\/span>\n\t\t<\/div>\n\t\t\t\t\t\t<\/div>\n\t\t\t\t\t\t\t\t<div class=\"elementor-field-group elementor-column elementor-field-type-submit elementor-col-100 e-form__buttons\">\n\t\t\t\t\t<button class=\"elementor-button elementor-size-sm\" type=\"submit\" id=\"juventud_contacto\">\n\t\t\t\t\t\t<span class=\"elementor-button-content-wrapper\">\n\t\t\t\t\t\t\t\t\t\t\t\t\t\t\t\t\t\t\t\t\t\t<span class=\"elementor-button-text\">Enviar<\/span>\n\t\t\t\t\t\t\t\t\t\t\t\t\t<\/span>\n\t\t\t\t\t<\/button>\n\t\t\t\t<\/div>\n\t\t\t<\/div>\n\t\t<\/form>\n\t\t\t\t\t\t<\/div>\n\t\t\t\t<\/div>\n\t\t\t\t<div class=\"elementor-element elementor-element-37fd7ec elementor-widget elementor-widget-text-editor\" data-id=\"37fd7ec\" data-element_type=\"widget\" data-e-type=\"widget\" data-widget_type=\"text-editor.default\">\n\t\t\t\t<div class=\"elementor-widget-container\">\n\t\t\t\t\t\t\t\t\t<p style=\"text-align: justify;\"><span style=\"color: #999999; font-size: 8pt;\">AVISO LEGAL SOBRE ESTE FORMULARIO<\/span><\/p><p style=\"text-align: justify;\"><span style=\"color: #999999; font-size: 8pt;\">Responsable: Ayuntamiento de Caudete. Finalidad: Obtenci\u00f3n de tu consentimiento para responder a las cuestiones que nos planteas a trav\u00e9s de nuestro formulario de contacto. Legitimaci\u00f3n: Consentimiento del interesado. Destinatarios: No se ceder\u00e1n datos a terceros, salvo obligaci\u00f3n legal. Derechos: Acceso, rectificaci\u00f3n, supresi\u00f3n, oposici\u00f3n, olvido y a la portabilidad de los datos. Informaci\u00f3n adicional: Puedes consultar la informaci\u00f3n adicional y detallada sobre Protecci\u00f3n de Datos en esta web.<\/span><\/p>\t\t\t\t\t\t\t\t<\/div>\n\t\t\t\t<\/div>\n\t\t\t\t\t<\/div>\n\t\t<\/div>\n\t\t\t\t\t<\/div>\n\t\t<\/section>\n\t\t\t\t<section class=\"elementor-section elementor-top-section elementor-element elementor-element-d5e2ff5 elementor-section-boxed elementor-section-height-default elementor-section-height-default\" data-id=\"d5e2ff5\" data-element_type=\"section\" data-e-type=\"section\">\n\t\t\t\t\t\t<div class=\"elementor-container elementor-column-gap-default\">\n\t\t\t\t\t<div class=\"elementor-column elementor-col-100 elementor-top-column elementor-element elementor-element-cb7648c\" data-id=\"cb7648c\" data-element_type=\"column\" data-e-type=\"column\">\n\t\t\t<div class=\"elementor-widget-wrap elementor-element-populated\">\n\t\t\t\t\t\t<div class=\"elementor-element elementor-element-2f48c17 elementor-widget elementor-widget-image\" data-id=\"2f48c17\" data-element_type=\"widget\" data-e-type=\"widget\" data-widget_type=\"image.default\">\n\t\t\t\t<div class=\"elementor-widget-container\">\n\t\t\t\t\t\t\t\t\t\t\t\t\t\t\t<img decoding=\"async\" width=\"723\" height=\"900\" src=\"https:\/\/www.caudete.org\/ayuntamiento\/wp-content\/uploads\/2024\/04\/oficina-sala-joven-2-823x1024.jpg\" class=\"attachment-large size-large wp-image-24905\" alt=\"\" srcset=\"https:\/\/www.caudete.org\/ayuntamiento\/wp-content\/uploads\/2024\/04\/oficina-sala-joven-2-823x1024.jpg 823w, https:\/\/www.caudete.org\/ayuntamiento\/wp-content\/uploads\/2024\/04\/oficina-sala-joven-2-241x300.jpg 241w, https:\/\/www.caudete.org\/ayuntamiento\/wp-content\/uploads\/2024\/04\/oficina-sala-joven-2-768x955.jpg 768w, https:\/\/www.caudete.org\/ayuntamiento\/wp-content\/uploads\/2024\/04\/oficina-sala-joven-2.jpg 1177w\" sizes=\"(max-width: 723px) 100vw, 723px\" \/>\t\t\t\t\t\t\t\t\t\t\t\t\t\t\t<\/div>\n\t\t\t\t<\/div>\n\t\t\t\t\t<\/div>\n\t\t<\/div>\n\t\t\t\t\t<\/div>\n\t\t<\/section>\n\t\t\t\t<\/div>\n\t\t","protected":false},"excerpt":{"rendered":"<p>\u00bfQu\u00e9 es el Centro de Informaci\u00f3n Juvenil? El Centro de Informaci\u00f3n Juvenil (C.I.J.) del Ayuntamiento de Caudete es un servicio p\u00fablico y GRATUITO que la Concejal\u00eda de Juventud de la localidad pone al servicio de la poblaci\u00f3n joven para informar, asesorar, documentar y dinamizar con una atenci\u00f3n directa y personalizada. En dicha Oficina se pueden &hellip;<\/p>\n","protected":false},"author":1,"featured_media":0,"parent":0,"menu_order":0,"comment_status":"closed","ping_status":"closed","template":"","meta":{"ngg_post_thumbnail":0,"footnotes":""},"categories":[22],"tags":[],"class_list":["post-8186","page","type-page","status-publish","hentry","category-juventud"],"yoast_head":"<!-- This site is optimized with the Yoast SEO plugin v27.5 - https:\/\/yoast.com\/product\/yoast-seo-wordpress\/ -->\n<title>Juventud - Centro de Informaci\u00f3n Juvenil - MI Ayuntamiento de Caudete<\/title>\n<meta name=\"description\" content=\"P\u00e1gina Oficial del Ayuntamiento de Caudete (Albacete)\" \/>\n<meta name=\"robots\" content=\"index, follow, max-snippet:-1, max-image-preview:large, max-video-preview:-1\" \/>\n<link rel=\"canonical\" href=\"https:\/\/www.caudete.org\/ayuntamiento\/juventud-centro-de-informacion-juvenil\/\" \/>\n<meta property=\"og:locale\" content=\"es_ES\" \/>\n<meta property=\"og:type\" content=\"article\" \/>\n<meta property=\"og:title\" content=\"Juventud - Centro de Informaci\u00f3n Juvenil - MI Ayuntamiento de Caudete\" \/>\n<meta property=\"og:description\" content=\"P\u00e1gina Oficial del Ayuntamiento de Caudete (Albacete)\" \/>\n<meta property=\"og:url\" content=\"https:\/\/www.caudete.org\/ayuntamiento\/juventud-centro-de-informacion-juvenil\/\" \/>\n<meta property=\"og:site_name\" content=\"MI Ayuntamiento de Caudete\" \/>\n<meta property=\"article:publisher\" content=\"https:\/\/www.facebook.com\/ayuntamientocaudete\/\" \/>\n<meta property=\"article:modified_time\" content=\"2024-04-24T16:50:19+00:00\" \/>\n<meta property=\"og:image\" content=\"https:\/\/www.caudete.org\/ayuntamiento\/wp-content\/uploads\/2024\/04\/oficina-sala-joven-1-1024x769.jpg\" \/>\n<meta name=\"twitter:card\" content=\"summary_large_image\" \/>\n<meta name=\"twitter:label1\" content=\"Tiempo de lectura\" \/>\n\t<meta name=\"twitter:data1\" content=\"3 minutos\" \/>\n<script type=\"application\/ld+json\" class=\"yoast-schema-graph\">{\"@context\":\"https:\\\/\\\/schema.org\",\"@graph\":[{\"@type\":\"WebPage\",\"@id\":\"https:\\\/\\\/www.caudete.org\\\/ayuntamiento\\\/juventud-centro-de-informacion-juvenil\\\/\",\"url\":\"https:\\\/\\\/www.caudete.org\\\/ayuntamiento\\\/juventud-centro-de-informacion-juvenil\\\/\",\"name\":\"Juventud - Centro de Informaci\u00f3n Juvenil - MI Ayuntamiento de Caudete\",\"isPartOf\":{\"@id\":\"https:\\\/\\\/www.caudete.org\\\/ayuntamiento\\\/#website\"},\"primaryImageOfPage\":{\"@id\":\"https:\\\/\\\/www.caudete.org\\\/ayuntamiento\\\/juventud-centro-de-informacion-juvenil\\\/#primaryimage\"},\"image\":{\"@id\":\"https:\\\/\\\/www.caudete.org\\\/ayuntamiento\\\/juventud-centro-de-informacion-juvenil\\\/#primaryimage\"},\"thumbnailUrl\":\"https:\\\/\\\/www.caudete.org\\\/ayuntamiento\\\/wp-content\\\/uploads\\\/2024\\\/04\\\/oficina-sala-joven-1-1024x769.jpg\",\"datePublished\":\"2020-12-11T16:58:03+00:00\",\"dateModified\":\"2024-04-24T16:50:19+00:00\",\"description\":\"P\u00e1gina Oficial del Ayuntamiento de Caudete (Albacete)\",\"breadcrumb\":{\"@id\":\"https:\\\/\\\/www.caudete.org\\\/ayuntamiento\\\/juventud-centro-de-informacion-juvenil\\\/#breadcrumb\"},\"inLanguage\":\"es\",\"potentialAction\":[{\"@type\":\"ReadAction\",\"target\":[\"https:\\\/\\\/www.caudete.org\\\/ayuntamiento\\\/juventud-centro-de-informacion-juvenil\\\/\"]}]},{\"@type\":\"ImageObject\",\"inLanguage\":\"es\",\"@id\":\"https:\\\/\\\/www.caudete.org\\\/ayuntamiento\\\/juventud-centro-de-informacion-juvenil\\\/#primaryimage\",\"url\":\"https:\\\/\\\/www.caudete.org\\\/ayuntamiento\\\/wp-content\\\/uploads\\\/2024\\\/04\\\/oficina-sala-joven-1.jpg\",\"contentUrl\":\"https:\\\/\\\/www.caudete.org\\\/ayuntamiento\\\/wp-content\\\/uploads\\\/2024\\\/04\\\/oficina-sala-joven-1.jpg\",\"width\":1589,\"height\":1194},{\"@type\":\"BreadcrumbList\",\"@id\":\"https:\\\/\\\/www.caudete.org\\\/ayuntamiento\\\/juventud-centro-de-informacion-juvenil\\\/#breadcrumb\",\"itemListElement\":[{\"@type\":\"ListItem\",\"position\":1,\"name\":\"Inicio\",\"item\":\"https:\\\/\\\/www.caudete.org\\\/ayuntamiento\\\/\"},{\"@type\":\"ListItem\",\"position\":2,\"name\":\"Juventud &#8211; Centro de Informaci\u00f3n Juvenil\"}]},{\"@type\":\"WebSite\",\"@id\":\"https:\\\/\\\/www.caudete.org\\\/ayuntamiento\\\/#website\",\"url\":\"https:\\\/\\\/www.caudete.org\\\/ayuntamiento\\\/\",\"name\":\"MI Ayuntamiento de Caudete\",\"description\":\"P\u00e1gina Oficial del MI Ayuntamiento de Caudete\",\"potentialAction\":[{\"@type\":\"SearchAction\",\"target\":{\"@type\":\"EntryPoint\",\"urlTemplate\":\"https:\\\/\\\/www.caudete.org\\\/ayuntamiento\\\/?s={search_term_string}\"},\"query-input\":{\"@type\":\"PropertyValueSpecification\",\"valueRequired\":true,\"valueName\":\"search_term_string\"}}],\"inLanguage\":\"es\"}]}<\/script>\n<!-- \/ Yoast SEO plugin. -->","yoast_head_json":{"title":"Juventud - Centro de Informaci\u00f3n Juvenil - MI Ayuntamiento de Caudete","description":"P\u00e1gina Oficial del Ayuntamiento de Caudete (Albacete)","robots":{"index":"index","follow":"follow","max-snippet":"max-snippet:-1","max-image-preview":"max-image-preview:large","max-video-preview":"max-video-preview:-1"},"canonical":"https:\/\/www.caudete.org\/ayuntamiento\/juventud-centro-de-informacion-juvenil\/","og_locale":"es_ES","og_type":"article","og_title":"Juventud - Centro de Informaci\u00f3n Juvenil - MI Ayuntamiento de Caudete","og_description":"P\u00e1gina Oficial del Ayuntamiento de Caudete (Albacete)","og_url":"https:\/\/www.caudete.org\/ayuntamiento\/juventud-centro-de-informacion-juvenil\/","og_site_name":"MI Ayuntamiento de Caudete","article_publisher":"https:\/\/www.facebook.com\/ayuntamientocaudete\/","article_modified_time":"2024-04-24T16:50:19+00:00","og_image":[{"url":"https:\/\/www.caudete.org\/ayuntamiento\/wp-content\/uploads\/2024\/04\/oficina-sala-joven-1-1024x769.jpg","type":"","width":"","height":""}],"twitter_card":"summary_large_image","twitter_misc":{"Tiempo de lectura":"3 minutos"},"schema":{"@context":"https:\/\/schema.org","@graph":[{"@type":"WebPage","@id":"https:\/\/www.caudete.org\/ayuntamiento\/juventud-centro-de-informacion-juvenil\/","url":"https:\/\/www.caudete.org\/ayuntamiento\/juventud-centro-de-informacion-juvenil\/","name":"Juventud - Centro de Informaci\u00f3n Juvenil - MI Ayuntamiento de Caudete","isPartOf":{"@id":"https:\/\/www.caudete.org\/ayuntamiento\/#website"},"primaryImageOfPage":{"@id":"https:\/\/www.caudete.org\/ayuntamiento\/juventud-centro-de-informacion-juvenil\/#primaryimage"},"image":{"@id":"https:\/\/www.caudete.org\/ayuntamiento\/juventud-centro-de-informacion-juvenil\/#primaryimage"},"thumbnailUrl":"https:\/\/www.caudete.org\/ayuntamiento\/wp-content\/uploads\/2024\/04\/oficina-sala-joven-1-1024x769.jpg","datePublished":"2020-12-11T16:58:03+00:00","dateModified":"2024-04-24T16:50:19+00:00","description":"P\u00e1gina Oficial del Ayuntamiento de Caudete (Albacete)","breadcrumb":{"@id":"https:\/\/www.caudete.org\/ayuntamiento\/juventud-centro-de-informacion-juvenil\/#breadcrumb"},"inLanguage":"es","potentialAction":[{"@type":"ReadAction","target":["https:\/\/www.caudete.org\/ayuntamiento\/juventud-centro-de-informacion-juvenil\/"]}]},{"@type":"ImageObject","inLanguage":"es","@id":"https:\/\/www.caudete.org\/ayuntamiento\/juventud-centro-de-informacion-juvenil\/#primaryimage","url":"https:\/\/www.caudete.org\/ayuntamiento\/wp-content\/uploads\/2024\/04\/oficina-sala-joven-1.jpg","contentUrl":"https:\/\/www.caudete.org\/ayuntamiento\/wp-content\/uploads\/2024\/04\/oficina-sala-joven-1.jpg","width":1589,"height":1194},{"@type":"BreadcrumbList","@id":"https:\/\/www.caudete.org\/ayuntamiento\/juventud-centro-de-informacion-juvenil\/#breadcrumb","itemListElement":[{"@type":"ListItem","position":1,"name":"Inicio","item":"https:\/\/www.caudete.org\/ayuntamiento\/"},{"@type":"ListItem","position":2,"name":"Juventud &#8211; Centro de Informaci\u00f3n Juvenil"}]},{"@type":"WebSite","@id":"https:\/\/www.caudete.org\/ayuntamiento\/#website","url":"https:\/\/www.caudete.org\/ayuntamiento\/","name":"MI Ayuntamiento de Caudete","description":"P\u00e1gina Oficial del MI Ayuntamiento de Caudete","potentialAction":[{"@type":"SearchAction","target":{"@type":"EntryPoint","urlTemplate":"https:\/\/www.caudete.org\/ayuntamiento\/?s={search_term_string}"},"query-input":{"@type":"PropertyValueSpecification","valueRequired":true,"valueName":"search_term_string"}}],"inLanguage":"es"}]}},"_links":{"self":[{"href":"https:\/\/www.caudete.org\/ayuntamiento\/wp-json\/wp\/v2\/pages\/8186","targetHints":{"allow":["GET"]}}],"collection":[{"href":"https:\/\/www.caudete.org\/ayuntamiento\/wp-json\/wp\/v2\/pages"}],"about":[{"href":"https:\/\/www.caudete.org\/ayuntamiento\/wp-json\/wp\/v2\/types\/page"}],"author":[{"embeddable":true,"href":"https:\/\/www.caudete.org\/ayuntamiento\/wp-json\/wp\/v2\/users\/1"}],"replies":[{"embeddable":true,"href":"https:\/\/www.caudete.org\/ayuntamiento\/wp-json\/wp\/v2\/comments?post=8186"}],"version-history":[{"count":195,"href":"https:\/\/www.caudete.org\/ayuntamiento\/wp-json\/wp\/v2\/pages\/8186\/revisions"}],"predecessor-version":[{"id":24965,"href":"https:\/\/www.caudete.org\/ayuntamiento\/wp-json\/wp\/v2\/pages\/8186\/revisions\/24965"}],"wp:attachment":[{"href":"https:\/\/www.caudete.org\/ayuntamiento\/wp-json\/wp\/v2\/media?parent=8186"}],"wp:term":[{"taxonomy":"category","embeddable":true,"href":"https:\/\/www.caudete.org\/ayuntamiento\/wp-json\/wp\/v2\/categories?post=8186"},{"taxonomy":"post_tag","embeddable":true,"href":"https:\/\/www.caudete.org\/ayuntamiento\/wp-json\/wp\/v2\/tags?post=8186"}],"curies":[{"name":"wp","href":"https:\/\/api.w.org\/{rel}","templated":true}]}}