{"id":8538,"date":"2020-12-12T18:04:07","date_gmt":"2020-12-12T17:04:07","guid":{"rendered":"http:\/\/www.caudete.org\/ayuntamiento\/?page_id=8538"},"modified":"2020-12-22T15:41:49","modified_gmt":"2020-12-22T14:41:49","slug":"juventud-salud-2","status":"publish","type":"page","link":"https:\/\/www.caudete.org\/ayuntamiento\/juventud-salud-2\/","title":{"rendered":"Juventud &#8211; Salud"},"content":{"rendered":"<p><img fetchpriority=\"high\" decoding=\"async\" class=\"aligncenter wp-image-8542 size-full\" src=\"http:\/\/www.caudete.org\/ayuntamiento\/wp-content\/uploads\/2020\/12\/atencion_psicologica.jpg\" alt=\"\" width=\"800\" height=\"599\" srcset=\"https:\/\/www.caudete.org\/ayuntamiento\/wp-content\/uploads\/2020\/12\/atencion_psicologica.jpg 800w, https:\/\/www.caudete.org\/ayuntamiento\/wp-content\/uploads\/2020\/12\/atencion_psicologica-300x225.jpg 300w, https:\/\/www.caudete.org\/ayuntamiento\/wp-content\/uploads\/2020\/12\/atencion_psicologica-768x575.jpg 768w\" sizes=\"(max-width: 800px) 100vw, 800px\" \/><\/p>\n<h2 style=\"text-align: justify;\">ATENCI\u00d3N PSICOL\u00d3GIA PARA J\u00d3VENES<\/h2>\n<h2 style=\"text-align: justify;\">\u00bfQU\u00c9 ES?<\/h2>\n<p style=\"text-align: justify;\">El Servicio de Atenci\u00f3n Psicol\u00f3gica dependiente de la concejal\u00eda de Bienestar social atiende tambi\u00e9n a personas J\u00d3VENES de manera personal, an\u00f3nima y confidencial en edades comprendidas entre los 12 y los 30 a\u00f1os, si bien podr\u00e1n acudir en compa\u00f1\u00eda de la\/las persona\/s que consideren oportuno, favoreciendo la comunicaci\u00f3n en el entorno directo de la persona.<\/p>\n<h2 style=\"text-align: justify;\">\u00bfQU\u00c9 PRETENDE?<\/h2>\n<p style=\"text-align: justify;\">El objetivo de este servicio, es un espacio de confianza para prestar asesoramiento psicol\u00f3gico y apoyo profesional, para aquellos j\u00f3venes en momentos personales de malestar emocional, conflictos interpersonales o crisis vitales.<\/p>\n<h2 style=\"text-align: justify;\">\u00bfQU\u00c9 SITUACIONES SE ATIENDEN?<\/h2>\n<p style=\"text-align: justify;\">Las tem\u00e1ticas m\u00e1s habituales de estas sesiones son:<\/p>\n<ul style=\"text-align: justify;\">\n<li>Dificultades en las relaciones interpersonales (familia, amigos, pareja\u2026)<\/li>\n<li>Situaciones de dificultad por la falta de tolerancia o respeto hacia tu persona, por tu f\u00edsico,identidad sexual, g\u00e9nero, tu procedencia o cualquier otra caracter\u00edstica.<\/li>\n<li>Baja Autoestima o autoconcepto.<\/li>\n<li>Consumo de sustancias t\u00f3xicas.<\/li>\n<li>Adicciones tecnol\u00f3gicas, abusos de redes etc.<\/li>\n<li>Trastornos de Alimentaci\u00f3n<\/li>\n<li>Problemas con tu grupo de iguales.<\/li>\n<li>Dicultades en la toma de decisiones o resoluci\u00f3n de conflictos.<\/li>\n<li>Escasas Habilidades sociales, verg\u00fcenza, baja asertividad.<\/li>\n<li>Dificultades en el manejo de la vida afectiva y la sexualidad.<\/li>\n<li>B\u00fasqueda de mayor crecimiento personal y social.<\/li>\n<li>Fuentes de b\u00fasqueda de apoyo y salud.<\/li>\n<\/ul>\n<h2 style=\"text-align: justify;\">TIPOS DE ATENCI\u00d3N<\/h2>\n<p style=\"text-align: justify;\"><strong>Se puede atender de las siguientes formas:<\/strong><\/p>\n<ul style=\"text-align: justify;\">\n<li>De modo telef\u00f3nico: <i class=\"fa fa-phone\" style=\"color: orange;\"><\/i> 965827933<\/li>\n<li>Consulta por email: <i class=\"fa fa-envelope\" style=\"color: blue;\"><\/i> <a href=\"mailto:jesus.hdez@caudete.org\" target=\"_blank\" rel=\"nofollow\"> jesus.hdez@caudete.org<\/a><\/li>\n<li>Consulta presencial <i class=\"fa fa-map-marker-alt\" style=\"color: red;\"><\/i>, previa cita<\/li>\n<li>Video-chat <i class=\"fas fa-video\"><\/i>, previa cita<\/li>\n<\/ul>\n<p style=\"text-align: justify;\"><strong>El horario de atenci\u00f3n ser\u00e1 de 8:00 a 15:00 horas<\/strong><\/p>\n<p style=\"text-align: justify;\"><strong>Direcci\u00f3n<\/strong><\/p>\n<p style=\"text-align: justify;\">C\/ Paracuellos de la Vega, 3 &#8211; Centro Municipal de Servicios Sociales<\/p>\n<p>&nbsp;<\/p>\n<p><center><iframe style=\"border: 0;\" tabindex=\"0\" src=\"https:\/\/www.google.com\/maps\/embed?pb=!1m18!1m12!1m3!1d3113.6404925167467!2d-0.9908228842579478!3d38.70310157960111!2m3!1f0!2f0!3f0!3m2!1i1024!2i768!4f13.1!3m3!1m2!1s0xd615931bcb43d43%3A0x3a46ba223ede8ee1!2sCalle%20Paracuellos%20de%20la%20Vega%2C%203%2C%2002660%20Caudete%2C%20Albacete!5e0!3m2!1ses!2ses!4v1608647504112!5m2!1ses!2ses\" allowfullscreen=\"allowfullscreen\" aria-hidden=\"false\" width=\"400\" height=\"300\" frameborder=\"0\"><\/iframe><\/center><\/p>\n<p style=\"text-align: justify;\">El servicio tambi\u00e9n facilita contactos y derivaciones a otras entidades:<\/p>\n<ul style=\"text-align: justify;\">\n<li>UCA (unidad de conductas adictivas de Almansa), para personas j\u00f3venes que quieran superar un proceso de abuso o adictivo.<\/li>\n<li>Centro de la Mujer, para personas j\u00f3venes que est\u00e9n sufriendo alg\u00fan tipo de violencia f\u00edsica, psic\u00f3l\u00f3gica, sexual etc, o precisen de atenci\u00f3n y apoyo frente a relaciones afectivas no igualitarias, machistas etc.<\/li>\n<li>Asociaciones Socio-Sanitarias diversas. Para acompa\u00f1ar o asesorar en cuestiones de salud o bienestar m\u00e1s espec\u00edficas.<\/li>\n<\/ul>\n<h2 style=\"text-align: justify;\">PLAN LOCAL DE DROGAS<\/h2>\n<p style=\"text-align: justify;\">El Plan de Drogas es un documento de trabajo en el que se planifican diversas acciones en cuesti\u00f3n de:<\/p>\n<p style=\"text-align: justify;\">1. Tratamiento y Abordaje de los problemas adictivos<\/p>\n<p style=\"text-align: justify;\">2. Prevenci\u00f3n de las drogodependencias.<\/p>\n<p style=\"text-align: justify;\">Un plan plurianual, promovido desde el Ayuntamiento de Caudete, y en el que participan tradicionalmente \u00e1reas de bienestar social, sanidad, juventud, deportes, educaci\u00f3n, seguridad ciudadana etc.<\/p>\n<p style=\"text-align: justify;\">En la actualidad, el plan anterior finaliz\u00f3, y se est\u00e1 en un proceso de estudio y elaboraci\u00f3n, junto a diversas concejal\u00edas y otros agentes sociales, con el objeto de disponer de una herramienta de planificaci\u00f3n y coordinaci\u00f3n, desde el 2021 hasta el 2024. Ser\u00eda el IV Plan de Drogodependencias y otras conductas adictivas.<\/p>\n<p style=\"text-align: justify;\">Adem\u00e1s de una parte diagn\u00f3stica, para evaluar en qu\u00e9 momento est\u00e1 nuestra localidad a nivel de edad de inicio, tipos de consumo m\u00e1s frecuentes, impactos, etc, habr\u00e1 un apartado de planificaci\u00f3n de actividades y programas, articulados en las siguientes \u00e1reas o apartados:<\/p>\n<ol style=\"text-align: justify;\">\n<li>\u00c1MBITO ESCOLAR: alumnado, docentes, prevenci\u00f3n universal, prevenci\u00f3n selectiva e indicada<\/li>\n<li>\u00c1MBITO COMUNITARIO: control de la oferta, ocio y formaci\u00f3n, medios de comunicaci\u00f3n, asociativa<\/li>\n<li>\u00c1MBITO ASISTENCIAL: coordinaci\u00f3n, inclusi\u00f3n.<\/li>\n<\/ol>\n<p style=\"text-align: justify;\"><strong>Salud Joven<\/strong><\/p>\n<p style=\"text-align: justify;\"><a href=\"http:\/\/www.portaljovenclm.com\/saludjoven.php\" target=\"_blank\" rel=\"nofollow\">http:\/\/www.portaljovenclm.com\/saludjoven.php<\/a><\/p>\n<p>&nbsp;<\/p>\n<p><img decoding=\"async\" class=\"aligncenter size-full wp-image-8543\" src=\"http:\/\/www.caudete.org\/ayuntamiento\/wp-content\/uploads\/2020\/12\/atencion_psicologica_2.jpg\" alt=\"\" width=\"800\" height=\"599\" srcset=\"https:\/\/www.caudete.org\/ayuntamiento\/wp-content\/uploads\/2020\/12\/atencion_psicologica_2.jpg 800w, https:\/\/www.caudete.org\/ayuntamiento\/wp-content\/uploads\/2020\/12\/atencion_psicologica_2-300x225.jpg 300w, https:\/\/www.caudete.org\/ayuntamiento\/wp-content\/uploads\/2020\/12\/atencion_psicologica_2-768x575.jpg 768w\" sizes=\"(max-width: 800px) 100vw, 800px\" \/><\/p>\n<p style=\"text-align: justify;\">&nbsp;<\/p>\n<p><strong>&nbsp;<\/strong><\/p>\n","protected":false},"excerpt":{"rendered":"<p>ATENCI\u00d3N PSICOL\u00d3GIA PARA J\u00d3VENES \u00bfQU\u00c9 ES? El Servicio de Atenci\u00f3n Psicol\u00f3gica dependiente de la concejal\u00eda de Bienestar social atiende tambi\u00e9n a personas J\u00d3VENES de manera personal, an\u00f3nima y confidencial en edades comprendidas entre los 12 y los 30 a\u00f1os, si bien podr\u00e1n acudir en compa\u00f1\u00eda de la\/las persona\/s que consideren oportuno, favoreciendo la comunicaci\u00f3n en &hellip;<\/p>\n","protected":false},"author":1,"featured_media":0,"parent":0,"menu_order":0,"comment_status":"closed","ping_status":"closed","template":"","meta":{"ngg_post_thumbnail":0,"footnotes":""},"categories":[22],"tags":[],"class_list":["post-8538","page","type-page","status-publish","hentry","category-juventud"],"yoast_head":"<!-- This site is optimized with the Yoast SEO plugin v27.5 - https:\/\/yoast.com\/product\/yoast-seo-wordpress\/ -->\n<title>Juventud - Salud - MI Ayuntamiento de Caudete<\/title>\n<meta name=\"description\" content=\"P\u00e1gina Oficial del Ayuntamiento de Caudete (Albacete)\" \/>\n<meta name=\"robots\" content=\"index, follow, max-snippet:-1, max-image-preview:large, max-video-preview:-1\" \/>\n<link rel=\"canonical\" href=\"https:\/\/www.caudete.org\/ayuntamiento\/juventud-salud-2\/\" \/>\n<meta property=\"og:locale\" content=\"es_ES\" \/>\n<meta property=\"og:type\" content=\"article\" \/>\n<meta property=\"og:title\" content=\"Juventud - Salud - MI Ayuntamiento de Caudete\" \/>\n<meta property=\"og:description\" content=\"P\u00e1gina Oficial del Ayuntamiento de Caudete (Albacete)\" \/>\n<meta property=\"og:url\" content=\"https:\/\/www.caudete.org\/ayuntamiento\/juventud-salud-2\/\" \/>\n<meta property=\"og:site_name\" content=\"MI Ayuntamiento de Caudete\" \/>\n<meta property=\"article:publisher\" content=\"https:\/\/www.facebook.com\/ayuntamientocaudete\/\" \/>\n<meta property=\"article:modified_time\" content=\"2020-12-22T14:41:49+00:00\" \/>\n<meta property=\"og:image\" content=\"http:\/\/www.caudete.org\/ayuntamiento\/wp-content\/uploads\/2020\/12\/atencion_psicologica.jpg\" \/>\n<meta name=\"twitter:card\" content=\"summary_large_image\" \/>\n<meta name=\"twitter:label1\" content=\"Tiempo de lectura\" \/>\n\t<meta name=\"twitter:data1\" content=\"3 minutos\" \/>\n<script type=\"application\/ld+json\" class=\"yoast-schema-graph\">{\"@context\":\"https:\\\/\\\/schema.org\",\"@graph\":[{\"@type\":\"WebPage\",\"@id\":\"https:\\\/\\\/www.caudete.org\\\/ayuntamiento\\\/juventud-salud-2\\\/\",\"url\":\"https:\\\/\\\/www.caudete.org\\\/ayuntamiento\\\/juventud-salud-2\\\/\",\"name\":\"Juventud - Salud - MI Ayuntamiento de Caudete\",\"isPartOf\":{\"@id\":\"https:\\\/\\\/www.caudete.org\\\/ayuntamiento\\\/#website\"},\"primaryImageOfPage\":{\"@id\":\"https:\\\/\\\/www.caudete.org\\\/ayuntamiento\\\/juventud-salud-2\\\/#primaryimage\"},\"image\":{\"@id\":\"https:\\\/\\\/www.caudete.org\\\/ayuntamiento\\\/juventud-salud-2\\\/#primaryimage\"},\"thumbnailUrl\":\"http:\\\/\\\/www.caudete.org\\\/ayuntamiento\\\/wp-content\\\/uploads\\\/2020\\\/12\\\/atencion_psicologica.jpg\",\"datePublished\":\"2020-12-12T17:04:07+00:00\",\"dateModified\":\"2020-12-22T14:41:49+00:00\",\"description\":\"P\u00e1gina Oficial del Ayuntamiento de Caudete (Albacete)\",\"breadcrumb\":{\"@id\":\"https:\\\/\\\/www.caudete.org\\\/ayuntamiento\\\/juventud-salud-2\\\/#breadcrumb\"},\"inLanguage\":\"es\",\"potentialAction\":[{\"@type\":\"ReadAction\",\"target\":[\"https:\\\/\\\/www.caudete.org\\\/ayuntamiento\\\/juventud-salud-2\\\/\"]}]},{\"@type\":\"ImageObject\",\"inLanguage\":\"es\",\"@id\":\"https:\\\/\\\/www.caudete.org\\\/ayuntamiento\\\/juventud-salud-2\\\/#primaryimage\",\"url\":\"https:\\\/\\\/www.caudete.org\\\/ayuntamiento\\\/wp-content\\\/uploads\\\/2020\\\/12\\\/atencion_psicologica.jpg\",\"contentUrl\":\"https:\\\/\\\/www.caudete.org\\\/ayuntamiento\\\/wp-content\\\/uploads\\\/2020\\\/12\\\/atencion_psicologica.jpg\",\"width\":800,\"height\":599},{\"@type\":\"BreadcrumbList\",\"@id\":\"https:\\\/\\\/www.caudete.org\\\/ayuntamiento\\\/juventud-salud-2\\\/#breadcrumb\",\"itemListElement\":[{\"@type\":\"ListItem\",\"position\":1,\"name\":\"Inicio\",\"item\":\"https:\\\/\\\/www.caudete.org\\\/ayuntamiento\\\/\"},{\"@type\":\"ListItem\",\"position\":2,\"name\":\"Juventud &#8211; Salud\"}]},{\"@type\":\"WebSite\",\"@id\":\"https:\\\/\\\/www.caudete.org\\\/ayuntamiento\\\/#website\",\"url\":\"https:\\\/\\\/www.caudete.org\\\/ayuntamiento\\\/\",\"name\":\"MI Ayuntamiento de Caudete\",\"description\":\"P\u00e1gina Oficial del MI Ayuntamiento de Caudete\",\"potentialAction\":[{\"@type\":\"SearchAction\",\"target\":{\"@type\":\"EntryPoint\",\"urlTemplate\":\"https:\\\/\\\/www.caudete.org\\\/ayuntamiento\\\/?s={search_term_string}\"},\"query-input\":{\"@type\":\"PropertyValueSpecification\",\"valueRequired\":true,\"valueName\":\"search_term_string\"}}],\"inLanguage\":\"es\"}]}<\/script>\n<!-- \/ Yoast SEO plugin. -->","yoast_head_json":{"title":"Juventud - Salud - MI Ayuntamiento de Caudete","description":"P\u00e1gina Oficial del Ayuntamiento de Caudete (Albacete)","robots":{"index":"index","follow":"follow","max-snippet":"max-snippet:-1","max-image-preview":"max-image-preview:large","max-video-preview":"max-video-preview:-1"},"canonical":"https:\/\/www.caudete.org\/ayuntamiento\/juventud-salud-2\/","og_locale":"es_ES","og_type":"article","og_title":"Juventud - Salud - MI Ayuntamiento de Caudete","og_description":"P\u00e1gina Oficial del Ayuntamiento de Caudete (Albacete)","og_url":"https:\/\/www.caudete.org\/ayuntamiento\/juventud-salud-2\/","og_site_name":"MI Ayuntamiento de Caudete","article_publisher":"https:\/\/www.facebook.com\/ayuntamientocaudete\/","article_modified_time":"2020-12-22T14:41:49+00:00","og_image":[{"url":"http:\/\/www.caudete.org\/ayuntamiento\/wp-content\/uploads\/2020\/12\/atencion_psicologica.jpg","type":"","width":"","height":""}],"twitter_card":"summary_large_image","twitter_misc":{"Tiempo de lectura":"3 minutos"},"schema":{"@context":"https:\/\/schema.org","@graph":[{"@type":"WebPage","@id":"https:\/\/www.caudete.org\/ayuntamiento\/juventud-salud-2\/","url":"https:\/\/www.caudete.org\/ayuntamiento\/juventud-salud-2\/","name":"Juventud - Salud - MI Ayuntamiento de Caudete","isPartOf":{"@id":"https:\/\/www.caudete.org\/ayuntamiento\/#website"},"primaryImageOfPage":{"@id":"https:\/\/www.caudete.org\/ayuntamiento\/juventud-salud-2\/#primaryimage"},"image":{"@id":"https:\/\/www.caudete.org\/ayuntamiento\/juventud-salud-2\/#primaryimage"},"thumbnailUrl":"http:\/\/www.caudete.org\/ayuntamiento\/wp-content\/uploads\/2020\/12\/atencion_psicologica.jpg","datePublished":"2020-12-12T17:04:07+00:00","dateModified":"2020-12-22T14:41:49+00:00","description":"P\u00e1gina Oficial del Ayuntamiento de Caudete (Albacete)","breadcrumb":{"@id":"https:\/\/www.caudete.org\/ayuntamiento\/juventud-salud-2\/#breadcrumb"},"inLanguage":"es","potentialAction":[{"@type":"ReadAction","target":["https:\/\/www.caudete.org\/ayuntamiento\/juventud-salud-2\/"]}]},{"@type":"ImageObject","inLanguage":"es","@id":"https:\/\/www.caudete.org\/ayuntamiento\/juventud-salud-2\/#primaryimage","url":"https:\/\/www.caudete.org\/ayuntamiento\/wp-content\/uploads\/2020\/12\/atencion_psicologica.jpg","contentUrl":"https:\/\/www.caudete.org\/ayuntamiento\/wp-content\/uploads\/2020\/12\/atencion_psicologica.jpg","width":800,"height":599},{"@type":"BreadcrumbList","@id":"https:\/\/www.caudete.org\/ayuntamiento\/juventud-salud-2\/#breadcrumb","itemListElement":[{"@type":"ListItem","position":1,"name":"Inicio","item":"https:\/\/www.caudete.org\/ayuntamiento\/"},{"@type":"ListItem","position":2,"name":"Juventud &#8211; Salud"}]},{"@type":"WebSite","@id":"https:\/\/www.caudete.org\/ayuntamiento\/#website","url":"https:\/\/www.caudete.org\/ayuntamiento\/","name":"MI Ayuntamiento de Caudete","description":"P\u00e1gina Oficial del MI Ayuntamiento de Caudete","potentialAction":[{"@type":"SearchAction","target":{"@type":"EntryPoint","urlTemplate":"https:\/\/www.caudete.org\/ayuntamiento\/?s={search_term_string}"},"query-input":{"@type":"PropertyValueSpecification","valueRequired":true,"valueName":"search_term_string"}}],"inLanguage":"es"}]}},"_links":{"self":[{"href":"https:\/\/www.caudete.org\/ayuntamiento\/wp-json\/wp\/v2\/pages\/8538","targetHints":{"allow":["GET"]}}],"collection":[{"href":"https:\/\/www.caudete.org\/ayuntamiento\/wp-json\/wp\/v2\/pages"}],"about":[{"href":"https:\/\/www.caudete.org\/ayuntamiento\/wp-json\/wp\/v2\/types\/page"}],"author":[{"embeddable":true,"href":"https:\/\/www.caudete.org\/ayuntamiento\/wp-json\/wp\/v2\/users\/1"}],"replies":[{"embeddable":true,"href":"https:\/\/www.caudete.org\/ayuntamiento\/wp-json\/wp\/v2\/comments?post=8538"}],"version-history":[{"count":6,"href":"https:\/\/www.caudete.org\/ayuntamiento\/wp-json\/wp\/v2\/pages\/8538\/revisions"}],"predecessor-version":[{"id":10920,"href":"https:\/\/www.caudete.org\/ayuntamiento\/wp-json\/wp\/v2\/pages\/8538\/revisions\/10920"}],"wp:attachment":[{"href":"https:\/\/www.caudete.org\/ayuntamiento\/wp-json\/wp\/v2\/media?parent=8538"}],"wp:term":[{"taxonomy":"category","embeddable":true,"href":"https:\/\/www.caudete.org\/ayuntamiento\/wp-json\/wp\/v2\/categories?post=8538"},{"taxonomy":"post_tag","embeddable":true,"href":"https:\/\/www.caudete.org\/ayuntamiento\/wp-json\/wp\/v2\/tags?post=8538"}],"curies":[{"name":"wp","href":"https:\/\/api.w.org\/{rel}","templated":true}]}}