{"id":8614,"date":"2020-12-12T19:18:39","date_gmt":"2020-12-12T18:18:39","guid":{"rendered":"http:\/\/www.caudete.org\/ayuntamiento\/?page_id=8614"},"modified":"2020-12-15T22:43:33","modified_gmt":"2020-12-15T21:43:33","slug":"ciudad-deportiva-antonio-amoros","status":"publish","type":"page","link":"https:\/\/www.caudete.org\/ayuntamiento\/ciudad-deportiva-antonio-amoros\/","title":{"rendered":"Departamento de Deportes &#8211; Ciudad Deportiva Antonio Amor\u00f3s"},"content":{"rendered":"<p><img fetchpriority=\"high\" decoding=\"async\" class=\"aligncenter size-full wp-image-8565\" src=\"http:\/\/www.caudete.org\/ayuntamiento\/wp-content\/uploads\/2020\/12\/ciudad-deportiva.jpg\" alt=\"\" width=\"652\" height=\"200\" srcset=\"https:\/\/www.caudete.org\/ayuntamiento\/wp-content\/uploads\/2020\/12\/ciudad-deportiva.jpg 652w, https:\/\/www.caudete.org\/ayuntamiento\/wp-content\/uploads\/2020\/12\/ciudad-deportiva-300x92.jpg 300w\" sizes=\"(max-width: 652px) 100vw, 652px\" \/><\/p>\n<p style=\"text-align: justify;\">Nuestras principales instalaciones est\u00e1n albergadas en la denominada \u201cCiudad Deportiva Antonio Amor\u00f3s\u201d, que debe su nombre al atleta m\u00e1s importante que ha dado las tierras de Caudete. Se encuentra ubicada en la zona Sur-Este de nuestra localidad, con acceso por Avenida Virgen de Gracia y Avenida de la Toconera.<\/p>\n<p>El complejo deportivo cuenta con las siguientes infraestructuras:<\/p>\n<ul>\n<li style=\"text-align: justify;\">1. Pabell\u00f3n Polideportivo. Instalaci\u00f3n que cuenta en su interior con una cancha polivalente habilitada para la pr\u00e1ctica del f\u00fatbol sala, balonmano, baloncesto y voleibol, adem\u00e1s de permitir la celebraci\u00f3n simult\u00e1nea de hasta tres partidos de minibasket. Adem\u00e1s de la sala principal est\u00e1 dotado con una cancha de precalentamiento equipada con dos mesas de ping pong. En esta misma instalaci\u00f3n se encuentran las dependencias del Departamento de Deportes, con su oficina de secretar\u00eda, direcci\u00f3n y sala de reuniones.<br \/>\nSi bien, de forma convencional esta instalaci\u00f3n acoge la pr\u00e1ctica de los deportes antes mencionados, el mismo permite su adaptaci\u00f3n para la celebraci\u00f3n de otras modalidades deportivas, como el badminton, esgrima, taekwondo, capoeira&#8230;<\/li>\n<li style=\"text-align: justify;\">2. Pabell\u00f3n Polideportivo La Cruz. Compuesto por dos naves independientes, una destinada para la pr\u00e1ctica del baloncesto, b\u00e1dminton y voleibol, y otra dise\u00f1ada para balonmano y f\u00fatbol sala, si bien, esta \u00faltima posee a su vez una sala polivalente donde acoge regularmente otro tipo de actividades deportivas.<\/li>\n<li style=\"text-align: justify;\">3. Piscina P\u00fablica Municipal. Abre sus puertas en el periodo estival, ofreciendo a los usuarios un espacio de 4.128 m2, albergando un vaso polivalente o recreativo con unas dimensiones ol\u00edmpicas de 50&#215;25 m y un vaso infantil o de chapoteo para los m\u00e1s peques, adem\u00e1s de 1.120 m2 de c\u00e9sped natural con zonas de sombras.<\/li>\n<li style=\"text-align: justify;\">4. Campos de F\u00fatbol. Desde el a\u00f1o 2011 el campo de f\u00fatbol fue remodelado \u00edntegramente, dejando de tener un pavimento de tierra para dotarlo con una superficie de c\u00e9sped sint\u00e9tico de tercera generaci\u00f3n, caracterizado por contar cada uno de sus filamentos con tres nervios, uno central y dos laterales, que permiten mejorar la resistencia del mismo. Su marcaje permite la pr\u00e1ctica alternativa de un encuentro de f\u00fatbol 11, o bien, de hasta dos partidos de f\u00fatbol 7. Para su riego cuenta con un deposito de recogida de aguas pluviales con el fin de evitar el consumo de agua de red.<\/li>\n<li style=\"text-align: justify;\">5. Front\u00f3n Corto de 36 m descubierto.<\/li>\n<li style=\"text-align: justify;\">6. Pista de Tenis. Equipado con un pavimento deportivo de mezclas asf\u00e1lticas con acabado de resinas.<\/li>\n<li style=\"text-align: justify;\">7. Pista de Atletismo. Anillo de ocho calles con una cuerda de 400 m. con una superficie de ceniza. Cuenta adem\u00e1s una zona equipada con una jaula de lanzamiento para martillo, disco y peso, un espacio destinado al salto de altura y otro al salto de longitud y triple.<\/li>\n<li style=\"text-align: justify;\">8. V\u00eda perimetral. Se trata de un carril con una anchura de m\u00e1s de 3 m y una longitud de 1.000 m, circunscrito al per\u00edmetro de la Ciudad Deportiva y conectado al anillo de la pista de atletismo, que lo convierten en un espacio ideal para el entreno pedestre.<\/li>\n<li style=\"text-align: justify;\">9. Circuito de Automodelismo. Anexo al pabell\u00f3n polideportivo, se trata de un circuito de tierra acondicionado con chicane, dubbing, saltos, boxer&#8230; adem\u00e1s de la carpa para los pilotos y la cabina del comisario para las carreras oficiales.<\/li>\n<\/ul>\nngg_shortcode_0_placeholder\n","protected":false},"excerpt":{"rendered":"<p>Nuestras principales instalaciones est\u00e1n albergadas en la denominada \u201cCiudad Deportiva Antonio Amor\u00f3s\u201d, que debe su nombre al atleta m\u00e1s importante que ha dado las tierras de Caudete. Se encuentra ubicada en la zona Sur-Este de nuestra localidad, con acceso por Avenida Virgen de Gracia y Avenida de la Toconera. El complejo deportivo cuenta con las &hellip;<\/p>\n","protected":false},"author":1,"featured_media":8565,"parent":0,"menu_order":0,"comment_status":"closed","ping_status":"closed","template":"","meta":{"ngg_post_thumbnail":0,"footnotes":""},"categories":[122],"tags":[],"class_list":["post-8614","page","type-page","status-publish","has-post-thumbnail","hentry","category-deportes-2"],"yoast_head":"<!-- This site is optimized with the Yoast SEO plugin v27.4 - https:\/\/yoast.com\/product\/yoast-seo-wordpress\/ -->\n<title>Departamento de Deportes - Ciudad Deportiva Antonio Amor\u00f3s - MI Ayuntamiento de Caudete<\/title>\n<meta name=\"description\" content=\"P\u00e1gina Oficial del Ayuntamiento de Caudete (Albacete)\" \/>\n<meta name=\"robots\" content=\"index, follow, max-snippet:-1, max-image-preview:large, max-video-preview:-1\" \/>\n<link rel=\"canonical\" href=\"https:\/\/www.caudete.org\/ayuntamiento\/ciudad-deportiva-antonio-amoros\/\" \/>\n<meta property=\"og:locale\" content=\"es_ES\" \/>\n<meta property=\"og:type\" content=\"article\" \/>\n<meta property=\"og:title\" content=\"Departamento de Deportes - Ciudad Deportiva Antonio Amor\u00f3s - MI Ayuntamiento de Caudete\" \/>\n<meta property=\"og:description\" content=\"P\u00e1gina Oficial del Ayuntamiento de Caudete (Albacete)\" \/>\n<meta property=\"og:url\" content=\"https:\/\/www.caudete.org\/ayuntamiento\/ciudad-deportiva-antonio-amoros\/\" \/>\n<meta property=\"og:site_name\" content=\"MI Ayuntamiento de Caudete\" \/>\n<meta property=\"article:publisher\" content=\"https:\/\/www.facebook.com\/ayuntamientocaudete\/\" \/>\n<meta property=\"article:modified_time\" content=\"2020-12-15T21:43:33+00:00\" \/>\n<meta property=\"og:image\" content=\"https:\/\/www.caudete.org\/ayuntamiento\/wp-content\/uploads\/2020\/12\/ciudad-deportiva.jpg\" \/>\n\t<meta property=\"og:image:width\" content=\"652\" \/>\n\t<meta property=\"og:image:height\" content=\"200\" \/>\n\t<meta property=\"og:image:type\" content=\"image\/jpeg\" \/>\n<meta name=\"twitter:card\" content=\"summary_large_image\" \/>\n<meta name=\"twitter:label1\" content=\"Tiempo de lectura\" \/>\n\t<meta name=\"twitter:data1\" content=\"3 minutos\" \/>\n<script type=\"application\/ld+json\" class=\"yoast-schema-graph\">{\"@context\":\"https:\\\/\\\/schema.org\",\"@graph\":[{\"@type\":\"WebPage\",\"@id\":\"https:\\\/\\\/www.caudete.org\\\/ayuntamiento\\\/ciudad-deportiva-antonio-amoros\\\/\",\"url\":\"https:\\\/\\\/www.caudete.org\\\/ayuntamiento\\\/ciudad-deportiva-antonio-amoros\\\/\",\"name\":\"Departamento de Deportes - Ciudad Deportiva Antonio Amor\u00f3s - MI Ayuntamiento de Caudete\",\"isPartOf\":{\"@id\":\"https:\\\/\\\/www.caudete.org\\\/ayuntamiento\\\/#website\"},\"primaryImageOfPage\":{\"@id\":\"https:\\\/\\\/www.caudete.org\\\/ayuntamiento\\\/ciudad-deportiva-antonio-amoros\\\/#primaryimage\"},\"image\":{\"@id\":\"https:\\\/\\\/www.caudete.org\\\/ayuntamiento\\\/ciudad-deportiva-antonio-amoros\\\/#primaryimage\"},\"thumbnailUrl\":\"https:\\\/\\\/www.caudete.org\\\/ayuntamiento\\\/wp-content\\\/uploads\\\/2020\\\/12\\\/ciudad-deportiva.jpg\",\"datePublished\":\"2020-12-12T18:18:39+00:00\",\"dateModified\":\"2020-12-15T21:43:33+00:00\",\"description\":\"P\u00e1gina Oficial del Ayuntamiento de Caudete (Albacete)\",\"breadcrumb\":{\"@id\":\"https:\\\/\\\/www.caudete.org\\\/ayuntamiento\\\/ciudad-deportiva-antonio-amoros\\\/#breadcrumb\"},\"inLanguage\":\"es\",\"potentialAction\":[{\"@type\":\"ReadAction\",\"target\":[\"https:\\\/\\\/www.caudete.org\\\/ayuntamiento\\\/ciudad-deportiva-antonio-amoros\\\/\"]}]},{\"@type\":\"ImageObject\",\"inLanguage\":\"es\",\"@id\":\"https:\\\/\\\/www.caudete.org\\\/ayuntamiento\\\/ciudad-deportiva-antonio-amoros\\\/#primaryimage\",\"url\":\"https:\\\/\\\/www.caudete.org\\\/ayuntamiento\\\/wp-content\\\/uploads\\\/2020\\\/12\\\/ciudad-deportiva.jpg\",\"contentUrl\":\"https:\\\/\\\/www.caudete.org\\\/ayuntamiento\\\/wp-content\\\/uploads\\\/2020\\\/12\\\/ciudad-deportiva.jpg\",\"width\":652,\"height\":200},{\"@type\":\"BreadcrumbList\",\"@id\":\"https:\\\/\\\/www.caudete.org\\\/ayuntamiento\\\/ciudad-deportiva-antonio-amoros\\\/#breadcrumb\",\"itemListElement\":[{\"@type\":\"ListItem\",\"position\":1,\"name\":\"Inicio\",\"item\":\"https:\\\/\\\/www.caudete.org\\\/ayuntamiento\\\/\"},{\"@type\":\"ListItem\",\"position\":2,\"name\":\"Departamento de Deportes &#8211; Ciudad Deportiva Antonio Amor\u00f3s\"}]},{\"@type\":\"WebSite\",\"@id\":\"https:\\\/\\\/www.caudete.org\\\/ayuntamiento\\\/#website\",\"url\":\"https:\\\/\\\/www.caudete.org\\\/ayuntamiento\\\/\",\"name\":\"MI Ayuntamiento de Caudete\",\"description\":\"P\u00e1gina Oficial del MI Ayuntamiento de Caudete\",\"publisher\":{\"@id\":\"https:\\\/\\\/www.caudete.org\\\/ayuntamiento\\\/#organization\"},\"potentialAction\":[{\"@type\":\"SearchAction\",\"target\":{\"@type\":\"EntryPoint\",\"urlTemplate\":\"https:\\\/\\\/www.caudete.org\\\/ayuntamiento\\\/?s={search_term_string}\"},\"query-input\":{\"@type\":\"PropertyValueSpecification\",\"valueRequired\":true,\"valueName\":\"search_term_string\"}}],\"inLanguage\":\"es\"},{\"@type\":\"Organization\",\"@id\":\"https:\\\/\\\/www.caudete.org\\\/ayuntamiento\\\/#organization\",\"name\":\"Ayuntamiento de Caudete\",\"url\":\"https:\\\/\\\/www.caudete.org\\\/ayuntamiento\\\/\",\"logo\":{\"@type\":\"ImageObject\",\"inLanguage\":\"es\",\"@id\":\"https:\\\/\\\/www.caudete.org\\\/ayuntamiento\\\/#\\\/schema\\\/logo\\\/image\\\/\",\"url\":\"https:\\\/\\\/www.caudete.org\\\/ayuntamiento\\\/wp-content\\\/uploads\\\/2020\\\/11\\\/logo_ayuntamiento_caudete.jpg\",\"contentUrl\":\"https:\\\/\\\/www.caudete.org\\\/ayuntamiento\\\/wp-content\\\/uploads\\\/2020\\\/11\\\/logo_ayuntamiento_caudete.jpg\",\"width\":600,\"height\":150,\"caption\":\"Ayuntamiento de Caudete\"},\"image\":{\"@id\":\"https:\\\/\\\/www.caudete.org\\\/ayuntamiento\\\/#\\\/schema\\\/logo\\\/image\\\/\"},\"sameAs\":[\"https:\\\/\\\/www.facebook.com\\\/ayuntamientocaudete\\\/\",\"https:\\\/\\\/www.youtube.com\\\/channel\\\/UC6VztHaooNsGpw-tNoBEFnQ\"]}]}<\/script>\n<!-- \/ Yoast SEO plugin. -->","yoast_head_json":{"title":"Departamento de Deportes - Ciudad Deportiva Antonio Amor\u00f3s - MI Ayuntamiento de Caudete","description":"P\u00e1gina Oficial del Ayuntamiento de Caudete (Albacete)","robots":{"index":"index","follow":"follow","max-snippet":"max-snippet:-1","max-image-preview":"max-image-preview:large","max-video-preview":"max-video-preview:-1"},"canonical":"https:\/\/www.caudete.org\/ayuntamiento\/ciudad-deportiva-antonio-amoros\/","og_locale":"es_ES","og_type":"article","og_title":"Departamento de Deportes - Ciudad Deportiva Antonio Amor\u00f3s - MI Ayuntamiento de Caudete","og_description":"P\u00e1gina Oficial del Ayuntamiento de Caudete (Albacete)","og_url":"https:\/\/www.caudete.org\/ayuntamiento\/ciudad-deportiva-antonio-amoros\/","og_site_name":"MI Ayuntamiento de Caudete","article_publisher":"https:\/\/www.facebook.com\/ayuntamientocaudete\/","article_modified_time":"2020-12-15T21:43:33+00:00","og_image":[{"width":652,"height":200,"url":"https:\/\/www.caudete.org\/ayuntamiento\/wp-content\/uploads\/2020\/12\/ciudad-deportiva.jpg","type":"image\/jpeg"}],"twitter_card":"summary_large_image","twitter_misc":{"Tiempo de lectura":"3 minutos"},"schema":{"@context":"https:\/\/schema.org","@graph":[{"@type":"WebPage","@id":"https:\/\/www.caudete.org\/ayuntamiento\/ciudad-deportiva-antonio-amoros\/","url":"https:\/\/www.caudete.org\/ayuntamiento\/ciudad-deportiva-antonio-amoros\/","name":"Departamento de Deportes - Ciudad Deportiva Antonio Amor\u00f3s - MI Ayuntamiento de Caudete","isPartOf":{"@id":"https:\/\/www.caudete.org\/ayuntamiento\/#website"},"primaryImageOfPage":{"@id":"https:\/\/www.caudete.org\/ayuntamiento\/ciudad-deportiva-antonio-amoros\/#primaryimage"},"image":{"@id":"https:\/\/www.caudete.org\/ayuntamiento\/ciudad-deportiva-antonio-amoros\/#primaryimage"},"thumbnailUrl":"https:\/\/www.caudete.org\/ayuntamiento\/wp-content\/uploads\/2020\/12\/ciudad-deportiva.jpg","datePublished":"2020-12-12T18:18:39+00:00","dateModified":"2020-12-15T21:43:33+00:00","description":"P\u00e1gina Oficial del Ayuntamiento de Caudete (Albacete)","breadcrumb":{"@id":"https:\/\/www.caudete.org\/ayuntamiento\/ciudad-deportiva-antonio-amoros\/#breadcrumb"},"inLanguage":"es","potentialAction":[{"@type":"ReadAction","target":["https:\/\/www.caudete.org\/ayuntamiento\/ciudad-deportiva-antonio-amoros\/"]}]},{"@type":"ImageObject","inLanguage":"es","@id":"https:\/\/www.caudete.org\/ayuntamiento\/ciudad-deportiva-antonio-amoros\/#primaryimage","url":"https:\/\/www.caudete.org\/ayuntamiento\/wp-content\/uploads\/2020\/12\/ciudad-deportiva.jpg","contentUrl":"https:\/\/www.caudete.org\/ayuntamiento\/wp-content\/uploads\/2020\/12\/ciudad-deportiva.jpg","width":652,"height":200},{"@type":"BreadcrumbList","@id":"https:\/\/www.caudete.org\/ayuntamiento\/ciudad-deportiva-antonio-amoros\/#breadcrumb","itemListElement":[{"@type":"ListItem","position":1,"name":"Inicio","item":"https:\/\/www.caudete.org\/ayuntamiento\/"},{"@type":"ListItem","position":2,"name":"Departamento de Deportes &#8211; Ciudad Deportiva Antonio Amor\u00f3s"}]},{"@type":"WebSite","@id":"https:\/\/www.caudete.org\/ayuntamiento\/#website","url":"https:\/\/www.caudete.org\/ayuntamiento\/","name":"MI Ayuntamiento de Caudete","description":"P\u00e1gina Oficial del MI Ayuntamiento de Caudete","publisher":{"@id":"https:\/\/www.caudete.org\/ayuntamiento\/#organization"},"potentialAction":[{"@type":"SearchAction","target":{"@type":"EntryPoint","urlTemplate":"https:\/\/www.caudete.org\/ayuntamiento\/?s={search_term_string}"},"query-input":{"@type":"PropertyValueSpecification","valueRequired":true,"valueName":"search_term_string"}}],"inLanguage":"es"},{"@type":"Organization","@id":"https:\/\/www.caudete.org\/ayuntamiento\/#organization","name":"Ayuntamiento de Caudete","url":"https:\/\/www.caudete.org\/ayuntamiento\/","logo":{"@type":"ImageObject","inLanguage":"es","@id":"https:\/\/www.caudete.org\/ayuntamiento\/#\/schema\/logo\/image\/","url":"https:\/\/www.caudete.org\/ayuntamiento\/wp-content\/uploads\/2020\/11\/logo_ayuntamiento_caudete.jpg","contentUrl":"https:\/\/www.caudete.org\/ayuntamiento\/wp-content\/uploads\/2020\/11\/logo_ayuntamiento_caudete.jpg","width":600,"height":150,"caption":"Ayuntamiento de Caudete"},"image":{"@id":"https:\/\/www.caudete.org\/ayuntamiento\/#\/schema\/logo\/image\/"},"sameAs":["https:\/\/www.facebook.com\/ayuntamientocaudete\/","https:\/\/www.youtube.com\/channel\/UC6VztHaooNsGpw-tNoBEFnQ"]}]}},"_links":{"self":[{"href":"https:\/\/www.caudete.org\/ayuntamiento\/wp-json\/wp\/v2\/pages\/8614","targetHints":{"allow":["GET"]}}],"collection":[{"href":"https:\/\/www.caudete.org\/ayuntamiento\/wp-json\/wp\/v2\/pages"}],"about":[{"href":"https:\/\/www.caudete.org\/ayuntamiento\/wp-json\/wp\/v2\/types\/page"}],"author":[{"embeddable":true,"href":"https:\/\/www.caudete.org\/ayuntamiento\/wp-json\/wp\/v2\/users\/1"}],"replies":[{"embeddable":true,"href":"https:\/\/www.caudete.org\/ayuntamiento\/wp-json\/wp\/v2\/comments?post=8614"}],"version-history":[{"count":4,"href":"https:\/\/www.caudete.org\/ayuntamiento\/wp-json\/wp\/v2\/pages\/8614\/revisions"}],"predecessor-version":[{"id":9864,"href":"https:\/\/www.caudete.org\/ayuntamiento\/wp-json\/wp\/v2\/pages\/8614\/revisions\/9864"}],"wp:featuredmedia":[{"embeddable":true,"href":"https:\/\/www.caudete.org\/ayuntamiento\/wp-json\/wp\/v2\/media\/8565"}],"wp:attachment":[{"href":"https:\/\/www.caudete.org\/ayuntamiento\/wp-json\/wp\/v2\/media?parent=8614"}],"wp:term":[{"taxonomy":"category","embeddable":true,"href":"https:\/\/www.caudete.org\/ayuntamiento\/wp-json\/wp\/v2\/categories?post=8614"},{"taxonomy":"post_tag","embeddable":true,"href":"https:\/\/www.caudete.org\/ayuntamiento\/wp-json\/wp\/v2\/tags?post=8614"}],"curies":[{"name":"wp","href":"https:\/\/api.w.org\/{rel}","templated":true}]}}