{"id":8629,"date":"2020-12-12T19:21:16","date_gmt":"2020-12-12T18:21:16","guid":{"rendered":"http:\/\/www.caudete.org\/ayuntamiento\/?page_id=8629"},"modified":"2022-02-03T12:37:17","modified_gmt":"2022-02-03T11:37:17","slug":"piscina-cubierta-municipal","status":"publish","type":"page","link":"https:\/\/www.caudete.org\/ayuntamiento\/piscina-cubierta-municipal\/","title":{"rendered":"Departamento de Deportes &#8211; Piscina cubierta municipal"},"content":{"rendered":"<p><img fetchpriority=\"high\" decoding=\"async\" class=\"aligncenter size-full wp-image-8608\" src=\"http:\/\/www.caudete.org\/ayuntamiento\/wp-content\/uploads\/2020\/12\/pisicina-cubierta.jpg\" alt=\"\" width=\"656\" height=\"200\" srcset=\"https:\/\/www.caudete.org\/ayuntamiento\/wp-content\/uploads\/2020\/12\/pisicina-cubierta.jpg 656w, https:\/\/www.caudete.org\/ayuntamiento\/wp-content\/uploads\/2020\/12\/pisicina-cubierta-300x91.jpg 300w\" sizes=\"(max-width: 656px) 100vw, 656px\" \/><\/p>\n<p style=\"text-align: justify;\">Las instalaciones y el edificio de la Piscina Cubierta Municipal de Caudete es un proyecto moderno, innovador y vanguardista, ubicado en el centro del casco urbano, concretamente en el Paseo Luis Golf.<\/p>\n<p style=\"text-align: justify;\">La Piscina Cubierta Municipal se presenta como un gran centro deportivo, de ocio y salud en el que se pueden realizar una amplia variedad de actividades f\u00edsicas y deportivas, y que cuenta adem\u00e1s con unas excelentes instalaciones.<\/p>\n<p style=\"text-align: justify;\">La zona de playa cuenta con dos vasos y dos jacuzzi.<br \/>\nVaso de utilizaci\u00f3n m\u00faltiple: Se trata de un vaso semiol\u00edmpico con unas dimensiones de 25 x 12 metros, con una profundidad m\u00e1xima de 2 metros y una m\u00ednima de 1,50 metros con un desnivel progresivo entre ambas zonas. Las seis calles de este vaso est\u00e1n equipadas con corcheras con sistema antioleaje que permite absorber las oleadas de las calles adyacentes permitiendo al nadador mejorar su velocidad, as\u00ed como su comodidad a la hora de nadar.<\/p>\n<p style=\"text-align: justify;\">Este vaso se encuentra a una temperatura de 28\u00baC. Est\u00e1 destinado principalmente a nataci\u00f3n libre, cursos de nataci\u00f3n de aprendizaje y perfeccionamiento, as\u00ed como cursos de entrenamiento avanzado, aquarunning\u2026<\/p>\n<p style=\"text-align: justify;\">Vaso de ense\u00f1anza: Con unas dimensiones de 12 x 6 metros, este vaso tiene una profundidad uniforme de 1 metro. Se encuentra el agua a una temperatura de 30\u00baC. Es un vaso de utilizaci\u00f3n muy polivalente, en el que se desarrollan diferentes tipos de cursos: nataci\u00f3n para beb\u00e9s y ni\u00f1os, terap\u00e9utico, tercera edad\u2026, as\u00ed como los circuitos de salud, aquaritmos, spinning acu\u00e1tico\u2026<\/p>\n<p style=\"text-align: justify;\">La temperatura ambiente de la playa ronda los 30\u00baC con una humedad relativa de un 60%.<\/p>\n<p style=\"text-align: justify;\"><b>Vestuarios<\/b><br \/>\nLos vestuarios est\u00e1n dotados de bancos, taquillas, duchas, aseos, secadores de pelo, de mano y de ba\u00f1adores.<\/p>\n<p style=\"text-align: justify;\"><b>Sala Fitness<\/b><br \/>\nLa sala fitness est\u00e1 equipada con maquinaria de cardio, concretamente con una cinta de correr, tres el\u00edpticas, dos escaladores, una bicicleta recostada, dos remos y tres bicicletas de spinning.<\/p>\n<p style=\"text-align: justify;\">Adem\u00e1s de las salas de seco, donde se llevan a cabo los cursos de pilates, pilates a\u00e9reo y entrenamiento funcional, las instalaciones de la Piscina Cubierta Municipal cuentan con sauna finlandesa, cabinas de hidromasaje y dos jacuzzi.<\/p>\n<p style=\"text-align: justify;\"><b>Horario<\/b><br \/>\nLunes a Jueves: 7:30-12:00 &#8212; 15:30-22:00<br \/>\nViernes: 7:30-12:00 &#8212; 15:30-21:00<br \/>\nS\u00e1bado: 9:00- 13:00 &#8212; 16:00 a 19:00<br \/>\nDomingo: 10:00 &#8211; 13:00 &#8212; Tardes cerrada<\/p>\nngg_shortcode_0_placeholder\n","protected":false},"excerpt":{"rendered":"<p>Las instalaciones y el edificio de la Piscina Cubierta Municipal de Caudete es un proyecto moderno, innovador y vanguardista, ubicado en el centro del casco urbano, concretamente en el Paseo Luis Golf. La Piscina Cubierta Municipal se presenta como un gran centro deportivo, de ocio y salud en el que se pueden realizar una amplia &hellip;<\/p>\n","protected":false},"author":1,"featured_media":8608,"parent":0,"menu_order":0,"comment_status":"closed","ping_status":"closed","template":"","meta":{"ngg_post_thumbnail":0,"footnotes":""},"categories":[122],"tags":[],"class_list":["post-8629","page","type-page","status-publish","has-post-thumbnail","hentry","category-deportes-2"],"yoast_head":"<!-- This site is optimized with the Yoast SEO plugin v27.4 - https:\/\/yoast.com\/product\/yoast-seo-wordpress\/ -->\n<title>Departamento de Deportes - Piscina cubierta municipal - MI Ayuntamiento de Caudete<\/title>\n<meta name=\"description\" content=\"P\u00e1gina Oficial del Ayuntamiento de Caudete (Albacete)\" \/>\n<meta name=\"robots\" content=\"index, follow, max-snippet:-1, max-image-preview:large, max-video-preview:-1\" \/>\n<link rel=\"canonical\" href=\"https:\/\/www.caudete.org\/ayuntamiento\/piscina-cubierta-municipal\/\" \/>\n<meta property=\"og:locale\" content=\"es_ES\" \/>\n<meta property=\"og:type\" content=\"article\" \/>\n<meta property=\"og:title\" content=\"Departamento de Deportes - Piscina cubierta municipal - MI Ayuntamiento de Caudete\" \/>\n<meta property=\"og:description\" content=\"P\u00e1gina Oficial del Ayuntamiento de Caudete (Albacete)\" \/>\n<meta property=\"og:url\" content=\"https:\/\/www.caudete.org\/ayuntamiento\/piscina-cubierta-municipal\/\" \/>\n<meta property=\"og:site_name\" content=\"MI Ayuntamiento de Caudete\" \/>\n<meta property=\"article:publisher\" content=\"https:\/\/www.facebook.com\/ayuntamientocaudete\/\" \/>\n<meta property=\"article:modified_time\" content=\"2022-02-03T11:37:17+00:00\" \/>\n<meta property=\"og:image\" content=\"https:\/\/www.caudete.org\/ayuntamiento\/wp-content\/uploads\/2020\/12\/pisicina-cubierta.jpg\" \/>\n\t<meta property=\"og:image:width\" content=\"656\" \/>\n\t<meta property=\"og:image:height\" content=\"200\" \/>\n\t<meta property=\"og:image:type\" content=\"image\/jpeg\" \/>\n<meta name=\"twitter:card\" content=\"summary_large_image\" \/>\n<meta name=\"twitter:label1\" content=\"Tiempo de lectura\" \/>\n\t<meta name=\"twitter:data1\" content=\"2 minutos\" \/>\n<script type=\"application\/ld+json\" class=\"yoast-schema-graph\">{\"@context\":\"https:\\\/\\\/schema.org\",\"@graph\":[{\"@type\":\"WebPage\",\"@id\":\"https:\\\/\\\/www.caudete.org\\\/ayuntamiento\\\/piscina-cubierta-municipal\\\/\",\"url\":\"https:\\\/\\\/www.caudete.org\\\/ayuntamiento\\\/piscina-cubierta-municipal\\\/\",\"name\":\"Departamento de Deportes - Piscina cubierta municipal - MI Ayuntamiento de Caudete\",\"isPartOf\":{\"@id\":\"https:\\\/\\\/www.caudete.org\\\/ayuntamiento\\\/#website\"},\"primaryImageOfPage\":{\"@id\":\"https:\\\/\\\/www.caudete.org\\\/ayuntamiento\\\/piscina-cubierta-municipal\\\/#primaryimage\"},\"image\":{\"@id\":\"https:\\\/\\\/www.caudete.org\\\/ayuntamiento\\\/piscina-cubierta-municipal\\\/#primaryimage\"},\"thumbnailUrl\":\"https:\\\/\\\/www.caudete.org\\\/ayuntamiento\\\/wp-content\\\/uploads\\\/2020\\\/12\\\/pisicina-cubierta.jpg\",\"datePublished\":\"2020-12-12T18:21:16+00:00\",\"dateModified\":\"2022-02-03T11:37:17+00:00\",\"description\":\"P\u00e1gina Oficial del Ayuntamiento de Caudete (Albacete)\",\"breadcrumb\":{\"@id\":\"https:\\\/\\\/www.caudete.org\\\/ayuntamiento\\\/piscina-cubierta-municipal\\\/#breadcrumb\"},\"inLanguage\":\"es\",\"potentialAction\":[{\"@type\":\"ReadAction\",\"target\":[\"https:\\\/\\\/www.caudete.org\\\/ayuntamiento\\\/piscina-cubierta-municipal\\\/\"]}]},{\"@type\":\"ImageObject\",\"inLanguage\":\"es\",\"@id\":\"https:\\\/\\\/www.caudete.org\\\/ayuntamiento\\\/piscina-cubierta-municipal\\\/#primaryimage\",\"url\":\"https:\\\/\\\/www.caudete.org\\\/ayuntamiento\\\/wp-content\\\/uploads\\\/2020\\\/12\\\/pisicina-cubierta.jpg\",\"contentUrl\":\"https:\\\/\\\/www.caudete.org\\\/ayuntamiento\\\/wp-content\\\/uploads\\\/2020\\\/12\\\/pisicina-cubierta.jpg\",\"width\":656,\"height\":200},{\"@type\":\"BreadcrumbList\",\"@id\":\"https:\\\/\\\/www.caudete.org\\\/ayuntamiento\\\/piscina-cubierta-municipal\\\/#breadcrumb\",\"itemListElement\":[{\"@type\":\"ListItem\",\"position\":1,\"name\":\"Inicio\",\"item\":\"https:\\\/\\\/www.caudete.org\\\/ayuntamiento\\\/\"},{\"@type\":\"ListItem\",\"position\":2,\"name\":\"Departamento de Deportes &#8211; Piscina cubierta municipal\"}]},{\"@type\":\"WebSite\",\"@id\":\"https:\\\/\\\/www.caudete.org\\\/ayuntamiento\\\/#website\",\"url\":\"https:\\\/\\\/www.caudete.org\\\/ayuntamiento\\\/\",\"name\":\"MI Ayuntamiento de Caudete\",\"description\":\"P\u00e1gina Oficial del MI Ayuntamiento de Caudete\",\"publisher\":{\"@id\":\"https:\\\/\\\/www.caudete.org\\\/ayuntamiento\\\/#organization\"},\"potentialAction\":[{\"@type\":\"SearchAction\",\"target\":{\"@type\":\"EntryPoint\",\"urlTemplate\":\"https:\\\/\\\/www.caudete.org\\\/ayuntamiento\\\/?s={search_term_string}\"},\"query-input\":{\"@type\":\"PropertyValueSpecification\",\"valueRequired\":true,\"valueName\":\"search_term_string\"}}],\"inLanguage\":\"es\"},{\"@type\":\"Organization\",\"@id\":\"https:\\\/\\\/www.caudete.org\\\/ayuntamiento\\\/#organization\",\"name\":\"Ayuntamiento de Caudete\",\"url\":\"https:\\\/\\\/www.caudete.org\\\/ayuntamiento\\\/\",\"logo\":{\"@type\":\"ImageObject\",\"inLanguage\":\"es\",\"@id\":\"https:\\\/\\\/www.caudete.org\\\/ayuntamiento\\\/#\\\/schema\\\/logo\\\/image\\\/\",\"url\":\"https:\\\/\\\/www.caudete.org\\\/ayuntamiento\\\/wp-content\\\/uploads\\\/2020\\\/11\\\/logo_ayuntamiento_caudete.jpg\",\"contentUrl\":\"https:\\\/\\\/www.caudete.org\\\/ayuntamiento\\\/wp-content\\\/uploads\\\/2020\\\/11\\\/logo_ayuntamiento_caudete.jpg\",\"width\":600,\"height\":150,\"caption\":\"Ayuntamiento de Caudete\"},\"image\":{\"@id\":\"https:\\\/\\\/www.caudete.org\\\/ayuntamiento\\\/#\\\/schema\\\/logo\\\/image\\\/\"},\"sameAs\":[\"https:\\\/\\\/www.facebook.com\\\/ayuntamientocaudete\\\/\",\"https:\\\/\\\/www.youtube.com\\\/channel\\\/UC6VztHaooNsGpw-tNoBEFnQ\"]}]}<\/script>\n<!-- \/ Yoast SEO plugin. -->","yoast_head_json":{"title":"Departamento de Deportes - Piscina cubierta municipal - MI Ayuntamiento de Caudete","description":"P\u00e1gina Oficial del Ayuntamiento de Caudete (Albacete)","robots":{"index":"index","follow":"follow","max-snippet":"max-snippet:-1","max-image-preview":"max-image-preview:large","max-video-preview":"max-video-preview:-1"},"canonical":"https:\/\/www.caudete.org\/ayuntamiento\/piscina-cubierta-municipal\/","og_locale":"es_ES","og_type":"article","og_title":"Departamento de Deportes - Piscina cubierta municipal - MI Ayuntamiento de Caudete","og_description":"P\u00e1gina Oficial del Ayuntamiento de Caudete (Albacete)","og_url":"https:\/\/www.caudete.org\/ayuntamiento\/piscina-cubierta-municipal\/","og_site_name":"MI Ayuntamiento de Caudete","article_publisher":"https:\/\/www.facebook.com\/ayuntamientocaudete\/","article_modified_time":"2022-02-03T11:37:17+00:00","og_image":[{"width":656,"height":200,"url":"https:\/\/www.caudete.org\/ayuntamiento\/wp-content\/uploads\/2020\/12\/pisicina-cubierta.jpg","type":"image\/jpeg"}],"twitter_card":"summary_large_image","twitter_misc":{"Tiempo de lectura":"2 minutos"},"schema":{"@context":"https:\/\/schema.org","@graph":[{"@type":"WebPage","@id":"https:\/\/www.caudete.org\/ayuntamiento\/piscina-cubierta-municipal\/","url":"https:\/\/www.caudete.org\/ayuntamiento\/piscina-cubierta-municipal\/","name":"Departamento de Deportes - Piscina cubierta municipal - MI Ayuntamiento de Caudete","isPartOf":{"@id":"https:\/\/www.caudete.org\/ayuntamiento\/#website"},"primaryImageOfPage":{"@id":"https:\/\/www.caudete.org\/ayuntamiento\/piscina-cubierta-municipal\/#primaryimage"},"image":{"@id":"https:\/\/www.caudete.org\/ayuntamiento\/piscina-cubierta-municipal\/#primaryimage"},"thumbnailUrl":"https:\/\/www.caudete.org\/ayuntamiento\/wp-content\/uploads\/2020\/12\/pisicina-cubierta.jpg","datePublished":"2020-12-12T18:21:16+00:00","dateModified":"2022-02-03T11:37:17+00:00","description":"P\u00e1gina Oficial del Ayuntamiento de Caudete (Albacete)","breadcrumb":{"@id":"https:\/\/www.caudete.org\/ayuntamiento\/piscina-cubierta-municipal\/#breadcrumb"},"inLanguage":"es","potentialAction":[{"@type":"ReadAction","target":["https:\/\/www.caudete.org\/ayuntamiento\/piscina-cubierta-municipal\/"]}]},{"@type":"ImageObject","inLanguage":"es","@id":"https:\/\/www.caudete.org\/ayuntamiento\/piscina-cubierta-municipal\/#primaryimage","url":"https:\/\/www.caudete.org\/ayuntamiento\/wp-content\/uploads\/2020\/12\/pisicina-cubierta.jpg","contentUrl":"https:\/\/www.caudete.org\/ayuntamiento\/wp-content\/uploads\/2020\/12\/pisicina-cubierta.jpg","width":656,"height":200},{"@type":"BreadcrumbList","@id":"https:\/\/www.caudete.org\/ayuntamiento\/piscina-cubierta-municipal\/#breadcrumb","itemListElement":[{"@type":"ListItem","position":1,"name":"Inicio","item":"https:\/\/www.caudete.org\/ayuntamiento\/"},{"@type":"ListItem","position":2,"name":"Departamento de Deportes &#8211; Piscina cubierta municipal"}]},{"@type":"WebSite","@id":"https:\/\/www.caudete.org\/ayuntamiento\/#website","url":"https:\/\/www.caudete.org\/ayuntamiento\/","name":"MI Ayuntamiento de Caudete","description":"P\u00e1gina Oficial del MI Ayuntamiento de Caudete","publisher":{"@id":"https:\/\/www.caudete.org\/ayuntamiento\/#organization"},"potentialAction":[{"@type":"SearchAction","target":{"@type":"EntryPoint","urlTemplate":"https:\/\/www.caudete.org\/ayuntamiento\/?s={search_term_string}"},"query-input":{"@type":"PropertyValueSpecification","valueRequired":true,"valueName":"search_term_string"}}],"inLanguage":"es"},{"@type":"Organization","@id":"https:\/\/www.caudete.org\/ayuntamiento\/#organization","name":"Ayuntamiento de Caudete","url":"https:\/\/www.caudete.org\/ayuntamiento\/","logo":{"@type":"ImageObject","inLanguage":"es","@id":"https:\/\/www.caudete.org\/ayuntamiento\/#\/schema\/logo\/image\/","url":"https:\/\/www.caudete.org\/ayuntamiento\/wp-content\/uploads\/2020\/11\/logo_ayuntamiento_caudete.jpg","contentUrl":"https:\/\/www.caudete.org\/ayuntamiento\/wp-content\/uploads\/2020\/11\/logo_ayuntamiento_caudete.jpg","width":600,"height":150,"caption":"Ayuntamiento de Caudete"},"image":{"@id":"https:\/\/www.caudete.org\/ayuntamiento\/#\/schema\/logo\/image\/"},"sameAs":["https:\/\/www.facebook.com\/ayuntamientocaudete\/","https:\/\/www.youtube.com\/channel\/UC6VztHaooNsGpw-tNoBEFnQ"]}]}},"_links":{"self":[{"href":"https:\/\/www.caudete.org\/ayuntamiento\/wp-json\/wp\/v2\/pages\/8629","targetHints":{"allow":["GET"]}}],"collection":[{"href":"https:\/\/www.caudete.org\/ayuntamiento\/wp-json\/wp\/v2\/pages"}],"about":[{"href":"https:\/\/www.caudete.org\/ayuntamiento\/wp-json\/wp\/v2\/types\/page"}],"author":[{"embeddable":true,"href":"https:\/\/www.caudete.org\/ayuntamiento\/wp-json\/wp\/v2\/users\/1"}],"replies":[{"embeddable":true,"href":"https:\/\/www.caudete.org\/ayuntamiento\/wp-json\/wp\/v2\/comments?post=8629"}],"version-history":[{"count":7,"href":"https:\/\/www.caudete.org\/ayuntamiento\/wp-json\/wp\/v2\/pages\/8629\/revisions"}],"predecessor-version":[{"id":18012,"href":"https:\/\/www.caudete.org\/ayuntamiento\/wp-json\/wp\/v2\/pages\/8629\/revisions\/18012"}],"wp:featuredmedia":[{"embeddable":true,"href":"https:\/\/www.caudete.org\/ayuntamiento\/wp-json\/wp\/v2\/media\/8608"}],"wp:attachment":[{"href":"https:\/\/www.caudete.org\/ayuntamiento\/wp-json\/wp\/v2\/media?parent=8629"}],"wp:term":[{"taxonomy":"category","embeddable":true,"href":"https:\/\/www.caudete.org\/ayuntamiento\/wp-json\/wp\/v2\/categories?post=8629"},{"taxonomy":"post_tag","embeddable":true,"href":"https:\/\/www.caudete.org\/ayuntamiento\/wp-json\/wp\/v2\/tags?post=8629"}],"curies":[{"name":"wp","href":"https:\/\/api.w.org\/{rel}","templated":true}]}}