{"id":8800,"date":"2020-12-12T21:27:29","date_gmt":"2020-12-12T20:27:29","guid":{"rendered":"http:\/\/www.caudete.org\/ayuntamiento\/?page_id=8800"},"modified":"2020-12-15T22:45:59","modified_gmt":"2020-12-15T21:45:59","slug":"escuela-del-deporte-para-adultos","status":"publish","type":"page","link":"https:\/\/www.caudete.org\/ayuntamiento\/escuela-del-deporte-para-adultos\/","title":{"rendered":"Departamento de Deportes &#8211; Escuela del deporte para adultos"},"content":{"rendered":"<p style=\"text-align: justify;\">En este apartado se recoge una serie de deportes dirigidos a j\u00f3venes mayores de 16 a\u00f1os y adultos que deseen iniciarse o continuar con el aprendizaje de determinadas modalidad deportivas.<\/p>\n<div style=\"text-align: justify;\">Pilates<\/div>\n<hr>\n<p>El pilates se define como t\u00e9cnica de entrenamiento f\u00edsico, que realiza una serie de ejercicios que estiran y fortalecen todos los m\u00fasculos del cuerpo, donde se da mucha importancia a una correcta respiraci\u00f3n, alineaci\u00f3n y conciencia corporal, as\u00ed como a la realizaci\u00f3n de los ejercicios con precisi\u00f3n y control.<\/p>\n<p>\u2022 martes y jueves 9:00-10:00<br \/>\n\u2022 martes y jueves 10:00-11:00<br \/>\n\u2022 martes y jueves 16:00-17:00<br \/>\n\u2022 martes y jueves 17:00-18:00<br \/>\n\u2022 martes y jueves 18:00-19:00<br \/>\n\u2022 martes y jueves 19:00-20:00<br \/>\n\u2022 martes y jueves 20:15-21:15<\/p>\n<p>PRECIOS<br \/>\nMatr\u00edcula: 22 Euros<br \/>\nCuota mensual: 22 Euros<\/p>\n<p>LUGAR<br \/>\nSala 4 \u2013 Albergue Municipal \u2013 Ciudad Deportiva Antonio Amor\u00f3s.<\/p>\n<div style=\"text-align: justify;\">Ajedrez<\/div>\n<hr>\n<p>HORARIOS<br \/>\nViernes de 19:30 a 21:00 h<br \/>\nLUGAR<br \/>\nEscuela de M\u00fasica Municipal<br \/>\nPRECIOS<br \/>\nMatr\u00edcula: 22 Euros<br \/>\nCuota mensual: 11 Euros<\/p>\n<div style=\"text-align: justify;\">Artes Marciales<\/div>\n<hr>\n<p>HORARIOS<\/p>\n<p>\u2022 Nivel 3 (Adultos): lunes y mi\u00e9rcoles de 20:30 a 21:30 horas.<\/p>\n<p>PRECIOS<br \/>\nMatr\u00edcula: 22 Euros<br \/>\nCuota mensual: 22 Euros<\/p>\n<div style=\"text-align: justify;\">Patinaje art\u00edstico<\/div>\n<hr>\n<p>HORARIOS<br \/>\nNIVEL ADULTO (NIVEL INICIACI\u00d3N Y APRENDIZAJE)<br \/>\nMartes de 21:00 a 22:00 h<br \/>\nPRECIOS<br \/>\nMatr\u00edcula: 22 Euros<br \/>\nCuota mensual: 11 Euros<\/p>\n<div style=\"text-align: justify;\">Tenis<\/div>\n<hr>\n<p>HORARIOS<br \/>\nNIVEL ADULTO: martes o\/y jueves de 21:00 a 22:00 h<br \/>\nPRECIOS<br \/>\nMatr\u00edcula: 22 Euros<br \/>\nCuota mensual: 22 Euros (2 d\u00edas) 11 Euros (1 d\u00eda)<\/p>\n<div style=\"text-align: justify;\">Running<\/div>\n<hr>\n<p>Actividad que tiene como objetivo la preparaci\u00f3n f\u00edsica basada en el atletismo, facilitando la preparaci\u00f3n del corredor para su participaci\u00f3n en las carreras populares de media distancia hasta maratones.<br \/>\nLa metodolog\u00eda de trabajo se llevar\u00e1 cabo de un modo personalizado con entrenos adaptado a las necesidades de cada uno y de su condici\u00f3n f\u00edsica, facilitando rutinas de trabajo individualizadas y a trav\u00e9s de entrenamientos presenciales de una hora de duraci\u00f3n durante tres d\u00edas a la semana.<br \/>\nAdem\u00e1s de dichas sesiones, se llevar\u00e1n a cabo \u201cquedadas\u201d durante los fines de semana para salir a correr en grupo, facilitando din\u00e1micas de cohesi\u00f3n.<br \/>\nAdem\u00e1s de los fines expuestos, durante el curso se trabajaran todas las capacidades f\u00edsico b\u00e1sicas (fuerza, resistencia, velocidad y flexibilidad) y la t\u00e9cnica de carrera con objeto de mejorar la eficiencia energ\u00e9tica de la misma, as\u00ed como facilitar pautas para llevar a cabo una dieta adecuada para la pr\u00e1ctica deportiva y para evitar lesiones deportivas.<\/p>\n<p>HORARIOS<br \/>\nTres d\u00edas a la semana (a determinar seg\u00fan disponibilidad del alumnado) de 20:00 a 21:00 h + fin de semana<br \/>\nPRECIOS<br \/>\nMatr\u00edcula: 22 Euros<br \/>\nCuota mensual: 22 Euros<\/p>\n<div style=\"text-align: justify;\">Actividad F\u00edsica y Deportes para los Mayores<\/div>\n<hr>\n<p style=\"text-align: justify;\">Organizado por la Concejal\u00eda de Bienestar Social y la colaboraci\u00f3n de la Concejal\u00eda de Deportes. Destinado para mayores de 60 a\u00f1os<br \/>\nLUGAR<br \/>\nPabell\u00f3n La Cruz Ciudad Deportiva Antonio Amor\u00f3s.<br \/>\nHORARIO (seg\u00fan niveles)<br \/>\n09.00 a 9.45<br \/>\n9:45 a 10:30<br \/>\n10.30 a 11.15<br \/>\n11:30 a 12:15<br \/>\n12:15 a 13:00<\/p>\n<p>D\u00cdAS<br \/>\nMartes y jueves<\/p>\n<div style=\"text-align: justify;\">Actividad F\u00edsica y Deportes con Asprona<\/div>\n<hr>\n<p>Lunes y mi\u00e9rcoles de 10:00 a 11:00 h<\/p>\n","protected":false},"excerpt":{"rendered":"<p>En este apartado se recoge una serie de deportes dirigidos a j\u00f3venes mayores de 16 a\u00f1os y adultos que deseen iniciarse o continuar con el aprendizaje de determinadas modalidad deportivas. Pilates El pilates se define como t\u00e9cnica de entrenamiento f\u00edsico, que realiza una serie de ejercicios que estiran y fortalecen todos los m\u00fasculos del cuerpo, &hellip;<\/p>\n","protected":false},"author":1,"featured_media":0,"parent":0,"menu_order":0,"comment_status":"closed","ping_status":"closed","template":"","meta":{"ngg_post_thumbnail":0,"footnotes":""},"categories":[122],"tags":[],"class_list":["post-8800","page","type-page","status-publish","hentry","category-deportes-2"],"yoast_head":"<!-- This site is optimized with the Yoast SEO plugin v27.4 - https:\/\/yoast.com\/product\/yoast-seo-wordpress\/ -->\n<title>Departamento de Deportes - Escuela del deporte para adultos - MI Ayuntamiento de Caudete<\/title>\n<meta name=\"description\" content=\"P\u00e1gina Oficial del Ayuntamiento de Caudete (Albacete)\" \/>\n<meta name=\"robots\" content=\"index, follow, max-snippet:-1, max-image-preview:large, max-video-preview:-1\" \/>\n<link rel=\"canonical\" href=\"https:\/\/www.caudete.org\/ayuntamiento\/escuela-del-deporte-para-adultos\/\" \/>\n<meta property=\"og:locale\" content=\"es_ES\" \/>\n<meta property=\"og:type\" content=\"article\" \/>\n<meta property=\"og:title\" content=\"Departamento de Deportes - Escuela del deporte para adultos - MI Ayuntamiento de Caudete\" \/>\n<meta property=\"og:description\" content=\"P\u00e1gina Oficial del Ayuntamiento de Caudete (Albacete)\" \/>\n<meta property=\"og:url\" content=\"https:\/\/www.caudete.org\/ayuntamiento\/escuela-del-deporte-para-adultos\/\" \/>\n<meta property=\"og:site_name\" content=\"MI Ayuntamiento de Caudete\" \/>\n<meta property=\"article:publisher\" content=\"https:\/\/www.facebook.com\/ayuntamientocaudete\/\" \/>\n<meta property=\"article:modified_time\" content=\"2020-12-15T21:45:59+00:00\" \/>\n<meta name=\"twitter:card\" content=\"summary_large_image\" \/>\n<meta name=\"twitter:label1\" content=\"Tiempo de lectura\" \/>\n\t<meta name=\"twitter:data1\" content=\"2 minutos\" \/>\n<script type=\"application\/ld+json\" class=\"yoast-schema-graph\">{\"@context\":\"https:\\\/\\\/schema.org\",\"@graph\":[{\"@type\":\"WebPage\",\"@id\":\"https:\\\/\\\/www.caudete.org\\\/ayuntamiento\\\/escuela-del-deporte-para-adultos\\\/\",\"url\":\"https:\\\/\\\/www.caudete.org\\\/ayuntamiento\\\/escuela-del-deporte-para-adultos\\\/\",\"name\":\"Departamento de Deportes - Escuela del deporte para adultos - MI Ayuntamiento de Caudete\",\"isPartOf\":{\"@id\":\"https:\\\/\\\/www.caudete.org\\\/ayuntamiento\\\/#website\"},\"datePublished\":\"2020-12-12T20:27:29+00:00\",\"dateModified\":\"2020-12-15T21:45:59+00:00\",\"description\":\"P\u00e1gina Oficial del Ayuntamiento de Caudete (Albacete)\",\"breadcrumb\":{\"@id\":\"https:\\\/\\\/www.caudete.org\\\/ayuntamiento\\\/escuela-del-deporte-para-adultos\\\/#breadcrumb\"},\"inLanguage\":\"es\",\"potentialAction\":[{\"@type\":\"ReadAction\",\"target\":[\"https:\\\/\\\/www.caudete.org\\\/ayuntamiento\\\/escuela-del-deporte-para-adultos\\\/\"]}]},{\"@type\":\"BreadcrumbList\",\"@id\":\"https:\\\/\\\/www.caudete.org\\\/ayuntamiento\\\/escuela-del-deporte-para-adultos\\\/#breadcrumb\",\"itemListElement\":[{\"@type\":\"ListItem\",\"position\":1,\"name\":\"Inicio\",\"item\":\"https:\\\/\\\/www.caudete.org\\\/ayuntamiento\\\/\"},{\"@type\":\"ListItem\",\"position\":2,\"name\":\"Departamento de Deportes &#8211; Escuela del deporte para adultos\"}]},{\"@type\":\"WebSite\",\"@id\":\"https:\\\/\\\/www.caudete.org\\\/ayuntamiento\\\/#website\",\"url\":\"https:\\\/\\\/www.caudete.org\\\/ayuntamiento\\\/\",\"name\":\"MI Ayuntamiento de Caudete\",\"description\":\"P\u00e1gina Oficial del MI Ayuntamiento de Caudete\",\"publisher\":{\"@id\":\"https:\\\/\\\/www.caudete.org\\\/ayuntamiento\\\/#organization\"},\"potentialAction\":[{\"@type\":\"SearchAction\",\"target\":{\"@type\":\"EntryPoint\",\"urlTemplate\":\"https:\\\/\\\/www.caudete.org\\\/ayuntamiento\\\/?s={search_term_string}\"},\"query-input\":{\"@type\":\"PropertyValueSpecification\",\"valueRequired\":true,\"valueName\":\"search_term_string\"}}],\"inLanguage\":\"es\"},{\"@type\":\"Organization\",\"@id\":\"https:\\\/\\\/www.caudete.org\\\/ayuntamiento\\\/#organization\",\"name\":\"Ayuntamiento de Caudete\",\"url\":\"https:\\\/\\\/www.caudete.org\\\/ayuntamiento\\\/\",\"logo\":{\"@type\":\"ImageObject\",\"inLanguage\":\"es\",\"@id\":\"https:\\\/\\\/www.caudete.org\\\/ayuntamiento\\\/#\\\/schema\\\/logo\\\/image\\\/\",\"url\":\"https:\\\/\\\/www.caudete.org\\\/ayuntamiento\\\/wp-content\\\/uploads\\\/2020\\\/11\\\/logo_ayuntamiento_caudete.jpg\",\"contentUrl\":\"https:\\\/\\\/www.caudete.org\\\/ayuntamiento\\\/wp-content\\\/uploads\\\/2020\\\/11\\\/logo_ayuntamiento_caudete.jpg\",\"width\":600,\"height\":150,\"caption\":\"Ayuntamiento de Caudete\"},\"image\":{\"@id\":\"https:\\\/\\\/www.caudete.org\\\/ayuntamiento\\\/#\\\/schema\\\/logo\\\/image\\\/\"},\"sameAs\":[\"https:\\\/\\\/www.facebook.com\\\/ayuntamientocaudete\\\/\",\"https:\\\/\\\/www.youtube.com\\\/channel\\\/UC6VztHaooNsGpw-tNoBEFnQ\"]}]}<\/script>\n<!-- \/ Yoast SEO plugin. -->","yoast_head_json":{"title":"Departamento de Deportes - Escuela del deporte para adultos - MI Ayuntamiento de Caudete","description":"P\u00e1gina Oficial del Ayuntamiento de Caudete (Albacete)","robots":{"index":"index","follow":"follow","max-snippet":"max-snippet:-1","max-image-preview":"max-image-preview:large","max-video-preview":"max-video-preview:-1"},"canonical":"https:\/\/www.caudete.org\/ayuntamiento\/escuela-del-deporte-para-adultos\/","og_locale":"es_ES","og_type":"article","og_title":"Departamento de Deportes - Escuela del deporte para adultos - MI Ayuntamiento de Caudete","og_description":"P\u00e1gina Oficial del Ayuntamiento de Caudete (Albacete)","og_url":"https:\/\/www.caudete.org\/ayuntamiento\/escuela-del-deporte-para-adultos\/","og_site_name":"MI Ayuntamiento de Caudete","article_publisher":"https:\/\/www.facebook.com\/ayuntamientocaudete\/","article_modified_time":"2020-12-15T21:45:59+00:00","twitter_card":"summary_large_image","twitter_misc":{"Tiempo de lectura":"2 minutos"},"schema":{"@context":"https:\/\/schema.org","@graph":[{"@type":"WebPage","@id":"https:\/\/www.caudete.org\/ayuntamiento\/escuela-del-deporte-para-adultos\/","url":"https:\/\/www.caudete.org\/ayuntamiento\/escuela-del-deporte-para-adultos\/","name":"Departamento de Deportes - Escuela del deporte para adultos - MI Ayuntamiento de Caudete","isPartOf":{"@id":"https:\/\/www.caudete.org\/ayuntamiento\/#website"},"datePublished":"2020-12-12T20:27:29+00:00","dateModified":"2020-12-15T21:45:59+00:00","description":"P\u00e1gina Oficial del Ayuntamiento de Caudete (Albacete)","breadcrumb":{"@id":"https:\/\/www.caudete.org\/ayuntamiento\/escuela-del-deporte-para-adultos\/#breadcrumb"},"inLanguage":"es","potentialAction":[{"@type":"ReadAction","target":["https:\/\/www.caudete.org\/ayuntamiento\/escuela-del-deporte-para-adultos\/"]}]},{"@type":"BreadcrumbList","@id":"https:\/\/www.caudete.org\/ayuntamiento\/escuela-del-deporte-para-adultos\/#breadcrumb","itemListElement":[{"@type":"ListItem","position":1,"name":"Inicio","item":"https:\/\/www.caudete.org\/ayuntamiento\/"},{"@type":"ListItem","position":2,"name":"Departamento de Deportes &#8211; Escuela del deporte para adultos"}]},{"@type":"WebSite","@id":"https:\/\/www.caudete.org\/ayuntamiento\/#website","url":"https:\/\/www.caudete.org\/ayuntamiento\/","name":"MI Ayuntamiento de Caudete","description":"P\u00e1gina Oficial del MI Ayuntamiento de Caudete","publisher":{"@id":"https:\/\/www.caudete.org\/ayuntamiento\/#organization"},"potentialAction":[{"@type":"SearchAction","target":{"@type":"EntryPoint","urlTemplate":"https:\/\/www.caudete.org\/ayuntamiento\/?s={search_term_string}"},"query-input":{"@type":"PropertyValueSpecification","valueRequired":true,"valueName":"search_term_string"}}],"inLanguage":"es"},{"@type":"Organization","@id":"https:\/\/www.caudete.org\/ayuntamiento\/#organization","name":"Ayuntamiento de Caudete","url":"https:\/\/www.caudete.org\/ayuntamiento\/","logo":{"@type":"ImageObject","inLanguage":"es","@id":"https:\/\/www.caudete.org\/ayuntamiento\/#\/schema\/logo\/image\/","url":"https:\/\/www.caudete.org\/ayuntamiento\/wp-content\/uploads\/2020\/11\/logo_ayuntamiento_caudete.jpg","contentUrl":"https:\/\/www.caudete.org\/ayuntamiento\/wp-content\/uploads\/2020\/11\/logo_ayuntamiento_caudete.jpg","width":600,"height":150,"caption":"Ayuntamiento de Caudete"},"image":{"@id":"https:\/\/www.caudete.org\/ayuntamiento\/#\/schema\/logo\/image\/"},"sameAs":["https:\/\/www.facebook.com\/ayuntamientocaudete\/","https:\/\/www.youtube.com\/channel\/UC6VztHaooNsGpw-tNoBEFnQ"]}]}},"_links":{"self":[{"href":"https:\/\/www.caudete.org\/ayuntamiento\/wp-json\/wp\/v2\/pages\/8800","targetHints":{"allow":["GET"]}}],"collection":[{"href":"https:\/\/www.caudete.org\/ayuntamiento\/wp-json\/wp\/v2\/pages"}],"about":[{"href":"https:\/\/www.caudete.org\/ayuntamiento\/wp-json\/wp\/v2\/types\/page"}],"author":[{"embeddable":true,"href":"https:\/\/www.caudete.org\/ayuntamiento\/wp-json\/wp\/v2\/users\/1"}],"replies":[{"embeddable":true,"href":"https:\/\/www.caudete.org\/ayuntamiento\/wp-json\/wp\/v2\/comments?post=8800"}],"version-history":[{"count":4,"href":"https:\/\/www.caudete.org\/ayuntamiento\/wp-json\/wp\/v2\/pages\/8800\/revisions"}],"predecessor-version":[{"id":9869,"href":"https:\/\/www.caudete.org\/ayuntamiento\/wp-json\/wp\/v2\/pages\/8800\/revisions\/9869"}],"wp:attachment":[{"href":"https:\/\/www.caudete.org\/ayuntamiento\/wp-json\/wp\/v2\/media?parent=8800"}],"wp:term":[{"taxonomy":"category","embeddable":true,"href":"https:\/\/www.caudete.org\/ayuntamiento\/wp-json\/wp\/v2\/categories?post=8800"},{"taxonomy":"post_tag","embeddable":true,"href":"https:\/\/www.caudete.org\/ayuntamiento\/wp-json\/wp\/v2\/tags?post=8800"}],"curies":[{"name":"wp","href":"https:\/\/api.w.org\/{rel}","templated":true}]}}