{"id":8830,"date":"2020-12-12T22:09:28","date_gmt":"2020-12-12T21:09:28","guid":{"rendered":"http:\/\/www.caudete.org\/ayuntamiento\/?page_id=8830"},"modified":"2020-12-15T22:51:19","modified_gmt":"2020-12-15T21:51:19","slug":"departamento-de-deportes-la-inmortal","status":"publish","type":"page","link":"https:\/\/www.caudete.org\/ayuntamiento\/departamento-de-deportes-la-inmortal\/","title":{"rendered":"Departamento de Deportes &#8211; La Inmortal"},"content":{"rendered":"<p><strong>INTRODUCCI\u00d3N &#8211; LA INMORTAL &#8211; 2018<\/strong><\/p>\n<hr>\n<h5 style=\"text-align: justify;\">XV MARCHA DE BTT &#8220;LA INMORTAL&#8221; &#8212; MEMORIAL JOS\u00c9 A. L\u00d3PEZ CAMARASA \u201cGIUSEPPE\u201d DOMINGO 18 DE ABRIL DE 2018<\/h5>\n<p style=\"text-align: justify;\">La marcha de Btt \u201cLa Inmortal\u201d cumple con esta nueva edici\u00f3n 15 a\u00f1os, por eso queremos agradecer desde estas l\u00edneas a todas las personas, entidades y empresas que han hecho posible esta realidad. Participantes, voluntarios, patrocinadores, asociaciones y Diputaci\u00f3n Provincial de Albacete, muchas gracias por vuestro apoyo incondicional.<\/p>\n<p style=\"text-align: justify;\">\u201cLa Inmortal\u201d es una prueba de mountain-bike organizada por la Pe\u00f1a Mountain-bike de Caudete y la Concejal\u00eda de Deportes del M.I. Ayuntamiento de Caudete, con la especial colaboraci\u00f3n de Protecci\u00f3n Civil Caudete y Cruz Roja Caudete, dirigida a j\u00f3venes, adultos\/as y veteranos\/as..<\/p>\n<p style=\"text-align: justify;\">La distancia de la prueba es de 70 kil\u00f3metros para la carrera absoluta, consider\u00e1ndose como Marat\u00f3n, y de 19 kil\u00f3metros para el circuito alternativo, dise\u00f1ado para deportistas que est\u00e1n inici\u00e1ndose en el deporte de la bici de monta\u00f1a. La duraci\u00f3n media de la carrera se estima en 3 horas y 30 minutos, siendo completada en la edici\u00f3n anterior con un tiempo de 2 horas y 34 minutos por el corredor m\u00e1s r\u00e1pido: D. Yago Sardina Carrillo, del club MANZANARES-BERRIA-RACING TEAM. En la categor\u00eda de f\u00e9minas el mejor tiempo fue de 3 horas y 53 minutos a cargo de la corredora D\u00f1a. Almudena Jim\u00e9nez Mart\u00ednez, del club BIKE WILIER TEAM. En el circuito alternativo el mejor tiempo fue para D. Izar P\u00e9rez Wider, con un tiempo de 37 minutos, mientras que en la categor\u00eda femenina result\u00f3 vencedora D\u00f1a. Maribel Rodr\u00edguez S\u00e1nchez, del equipo DEPOR BIKE WILIER TEAM con un tiempo de 59 minutos.<\/p>\n<p><b>COLABORAN:<\/b><\/p>\n<p><img fetchpriority=\"high\" decoding=\"async\" class=\"aligncenter size-full wp-image-8843\" src=\"http:\/\/www.caudete.org\/ayuntamiento\/wp-content\/uploads\/2020\/12\/cr.jpg\" alt=\"\" width=\"354\" height=\"200\" srcset=\"https:\/\/www.caudete.org\/ayuntamiento\/wp-content\/uploads\/2020\/12\/cr.jpg 354w, https:\/\/www.caudete.org\/ayuntamiento\/wp-content\/uploads\/2020\/12\/cr-300x169.jpg 300w\" sizes=\"(max-width: 354px) 100vw, 354px\" \/><\/p>\n<p>&nbsp;<\/p>\n<table style=\"border-collapse: collapse; width: 98.3031%; height: 159px;\">\n<tbody>\n<tr>\n<td style=\"width: 25%;\"><img decoding=\"async\" class=\"aligncenter wp-image-8858 size-full\" src=\"http:\/\/www.caudete.org\/ayuntamiento\/wp-content\/uploads\/2020\/12\/cola.png\" alt=\"\" width=\"318\" height=\"159\" srcset=\"https:\/\/www.caudete.org\/ayuntamiento\/wp-content\/uploads\/2020\/12\/cola.png 318w, https:\/\/www.caudete.org\/ayuntamiento\/wp-content\/uploads\/2020\/12\/cola-300x150.png 300w\" sizes=\"(max-width: 318px) 100vw, 318px\" \/><\/td>\n<td style=\"width: 25%;\"><img decoding=\"async\" class=\"aligncenter size-full wp-image-8850\" src=\"http:\/\/www.caudete.org\/ayuntamiento\/wp-content\/uploads\/2020\/12\/akua.jpg\" alt=\"\" width=\"411\" height=\"411\" srcset=\"https:\/\/www.caudete.org\/ayuntamiento\/wp-content\/uploads\/2020\/12\/akua.jpg 411w, https:\/\/www.caudete.org\/ayuntamiento\/wp-content\/uploads\/2020\/12\/akua-300x300.jpg 300w, https:\/\/www.caudete.org\/ayuntamiento\/wp-content\/uploads\/2020\/12\/akua-150x150.jpg 150w, https:\/\/www.caudete.org\/ayuntamiento\/wp-content\/uploads\/2020\/12\/akua-60x60.jpg 60w\" sizes=\"(max-width: 411px) 100vw, 411px\" \/><\/td>\n<td style=\"width: 25%;\"><img loading=\"lazy\" decoding=\"async\" class=\"aligncenter size-full wp-image-8851\" src=\"http:\/\/www.caudete.org\/ayuntamiento\/wp-content\/uploads\/2020\/12\/pow.jpg\" alt=\"\" width=\"417\" height=\"417\" srcset=\"https:\/\/www.caudete.org\/ayuntamiento\/wp-content\/uploads\/2020\/12\/pow.jpg 417w, https:\/\/www.caudete.org\/ayuntamiento\/wp-content\/uploads\/2020\/12\/pow-300x300.jpg 300w, https:\/\/www.caudete.org\/ayuntamiento\/wp-content\/uploads\/2020\/12\/pow-150x150.jpg 150w, https:\/\/www.caudete.org\/ayuntamiento\/wp-content\/uploads\/2020\/12\/pow-60x60.jpg 60w\" sizes=\"(max-width: 417px) 100vw, 417px\" \/><\/td>\n<td style=\"width: 25%;\"><img loading=\"lazy\" decoding=\"async\" class=\"aligncenter size-full wp-image-8852\" src=\"http:\/\/www.caudete.org\/ayuntamiento\/wp-content\/uploads\/2020\/12\/abltc.jpg\" alt=\"\" width=\"381\" height=\"152\" srcset=\"https:\/\/www.caudete.org\/ayuntamiento\/wp-content\/uploads\/2020\/12\/abltc.jpg 381w, https:\/\/www.caudete.org\/ayuntamiento\/wp-content\/uploads\/2020\/12\/abltc-300x120.jpg 300w\" sizes=\"(max-width: 381px) 100vw, 381px\" \/><\/td>\n<\/tr>\n<tr>\n<td style=\"width: 25%;\"><img loading=\"lazy\" decoding=\"async\" class=\"aligncenter size-full wp-image-8853\" src=\"http:\/\/www.caudete.org\/ayuntamiento\/wp-content\/uploads\/2020\/12\/arrfran.jpg\" alt=\"\" width=\"800\" height=\"398\" srcset=\"https:\/\/www.caudete.org\/ayuntamiento\/wp-content\/uploads\/2020\/12\/arrfran.jpg 800w, https:\/\/www.caudete.org\/ayuntamiento\/wp-content\/uploads\/2020\/12\/arrfran-300x149.jpg 300w, https:\/\/www.caudete.org\/ayuntamiento\/wp-content\/uploads\/2020\/12\/arrfran-768x382.jpg 768w\" sizes=\"(max-width: 800px) 100vw, 800px\" \/><\/td>\n<td style=\"width: 25%;\"><img loading=\"lazy\" decoding=\"async\" class=\"aligncenter size-full wp-image-8854\" src=\"http:\/\/www.caudete.org\/ayuntamiento\/wp-content\/uploads\/2020\/12\/gener.jpg\" alt=\"\" width=\"400\" height=\"132\" srcset=\"https:\/\/www.caudete.org\/ayuntamiento\/wp-content\/uploads\/2020\/12\/gener.jpg 400w, https:\/\/www.caudete.org\/ayuntamiento\/wp-content\/uploads\/2020\/12\/gener-300x99.jpg 300w\" sizes=\"(max-width: 400px) 100vw, 400px\" \/><\/td>\n<td style=\"width: 25%;\"><img loading=\"lazy\" decoding=\"async\" class=\"aligncenter size-full wp-image-8856\" src=\"http:\/\/www.caudete.org\/ayuntamiento\/wp-content\/uploads\/2020\/12\/camac.jpg\" alt=\"\" width=\"504\" height=\"353\" srcset=\"https:\/\/www.caudete.org\/ayuntamiento\/wp-content\/uploads\/2020\/12\/camac.jpg 504w, https:\/\/www.caudete.org\/ayuntamiento\/wp-content\/uploads\/2020\/12\/camac-300x210.jpg 300w\" sizes=\"(max-width: 504px) 100vw, 504px\" \/><\/td>\n<td style=\"width: 25%;\"><img loading=\"lazy\" decoding=\"async\" class=\"aligncenter size-full wp-image-8857\" src=\"http:\/\/www.caudete.org\/ayuntamiento\/wp-content\/uploads\/2020\/12\/domenech-1.jpg\" alt=\"\" width=\"800\" height=\"354\" srcset=\"https:\/\/www.caudete.org\/ayuntamiento\/wp-content\/uploads\/2020\/12\/domenech-1.jpg 800w, https:\/\/www.caudete.org\/ayuntamiento\/wp-content\/uploads\/2020\/12\/domenech-1-300x133.jpg 300w, https:\/\/www.caudete.org\/ayuntamiento\/wp-content\/uploads\/2020\/12\/domenech-1-768x340.jpg 768w\" sizes=\"(max-width: 800px) 100vw, 800px\" \/><\/td>\n<\/tr>\n<\/tbody>\n<\/table>\n","protected":false},"excerpt":{"rendered":"<p>INTRODUCCI\u00d3N &#8211; LA INMORTAL &#8211; 2018 XV MARCHA DE BTT &#8220;LA INMORTAL&#8221; &#8212; MEMORIAL JOS\u00c9 A. L\u00d3PEZ CAMARASA \u201cGIUSEPPE\u201d DOMINGO 18 DE ABRIL DE 2018 La marcha de Btt \u201cLa Inmortal\u201d cumple con esta nueva edici\u00f3n 15 a\u00f1os, por eso queremos agradecer desde estas l\u00edneas a todas las personas, entidades y empresas que han hecho &hellip;<\/p>\n","protected":false},"author":1,"featured_media":8846,"parent":0,"menu_order":0,"comment_status":"closed","ping_status":"closed","template":"","meta":{"ngg_post_thumbnail":0,"footnotes":""},"categories":[122],"tags":[],"class_list":["post-8830","page","type-page","status-publish","has-post-thumbnail","hentry","category-deportes-2"],"yoast_head":"<!-- This site is optimized with the Yoast SEO plugin v27.4 - https:\/\/yoast.com\/product\/yoast-seo-wordpress\/ -->\n<title>Departamento de Deportes - La Inmortal - MI Ayuntamiento de Caudete<\/title>\n<meta name=\"description\" content=\"P\u00e1gina Oficial del Ayuntamiento de Caudete (Albacete)\" \/>\n<meta name=\"robots\" content=\"index, follow, max-snippet:-1, max-image-preview:large, max-video-preview:-1\" \/>\n<link rel=\"canonical\" href=\"https:\/\/www.caudete.org\/ayuntamiento\/departamento-de-deportes-la-inmortal\/\" \/>\n<meta property=\"og:locale\" content=\"es_ES\" \/>\n<meta property=\"og:type\" content=\"article\" \/>\n<meta property=\"og:title\" content=\"Departamento de Deportes - La Inmortal - MI Ayuntamiento de Caudete\" \/>\n<meta property=\"og:description\" content=\"P\u00e1gina Oficial del Ayuntamiento de Caudete (Albacete)\" \/>\n<meta property=\"og:url\" content=\"https:\/\/www.caudete.org\/ayuntamiento\/departamento-de-deportes-la-inmortal\/\" \/>\n<meta property=\"og:site_name\" content=\"MI Ayuntamiento de Caudete\" \/>\n<meta property=\"article:publisher\" content=\"https:\/\/www.facebook.com\/ayuntamientocaudete\/\" \/>\n<meta property=\"article:modified_time\" content=\"2020-12-15T21:51:19+00:00\" \/>\n<meta property=\"og:image\" content=\"https:\/\/www.caudete.org\/ayuntamiento\/wp-content\/uploads\/2020\/12\/inmortarlcaudete.jpg\" \/>\n\t<meta property=\"og:image:width\" content=\"368\" \/>\n\t<meta property=\"og:image:height\" content=\"597\" \/>\n\t<meta property=\"og:image:type\" content=\"image\/jpeg\" \/>\n<meta name=\"twitter:card\" content=\"summary_large_image\" \/>\n<meta name=\"twitter:label1\" content=\"Tiempo de lectura\" \/>\n\t<meta name=\"twitter:data1\" content=\"1 minuto\" \/>\n<script type=\"application\/ld+json\" class=\"yoast-schema-graph\">{\"@context\":\"https:\\\/\\\/schema.org\",\"@graph\":[{\"@type\":\"WebPage\",\"@id\":\"https:\\\/\\\/www.caudete.org\\\/ayuntamiento\\\/departamento-de-deportes-la-inmortal\\\/\",\"url\":\"https:\\\/\\\/www.caudete.org\\\/ayuntamiento\\\/departamento-de-deportes-la-inmortal\\\/\",\"name\":\"Departamento de Deportes - La Inmortal - MI Ayuntamiento de Caudete\",\"isPartOf\":{\"@id\":\"https:\\\/\\\/www.caudete.org\\\/ayuntamiento\\\/#website\"},\"primaryImageOfPage\":{\"@id\":\"https:\\\/\\\/www.caudete.org\\\/ayuntamiento\\\/departamento-de-deportes-la-inmortal\\\/#primaryimage\"},\"image\":{\"@id\":\"https:\\\/\\\/www.caudete.org\\\/ayuntamiento\\\/departamento-de-deportes-la-inmortal\\\/#primaryimage\"},\"thumbnailUrl\":\"https:\\\/\\\/www.caudete.org\\\/ayuntamiento\\\/wp-content\\\/uploads\\\/2020\\\/12\\\/inmortarlcaudete.jpg\",\"datePublished\":\"2020-12-12T21:09:28+00:00\",\"dateModified\":\"2020-12-15T21:51:19+00:00\",\"description\":\"P\u00e1gina Oficial del Ayuntamiento de Caudete (Albacete)\",\"breadcrumb\":{\"@id\":\"https:\\\/\\\/www.caudete.org\\\/ayuntamiento\\\/departamento-de-deportes-la-inmortal\\\/#breadcrumb\"},\"inLanguage\":\"es\",\"potentialAction\":[{\"@type\":\"ReadAction\",\"target\":[\"https:\\\/\\\/www.caudete.org\\\/ayuntamiento\\\/departamento-de-deportes-la-inmortal\\\/\"]}]},{\"@type\":\"ImageObject\",\"inLanguage\":\"es\",\"@id\":\"https:\\\/\\\/www.caudete.org\\\/ayuntamiento\\\/departamento-de-deportes-la-inmortal\\\/#primaryimage\",\"url\":\"https:\\\/\\\/www.caudete.org\\\/ayuntamiento\\\/wp-content\\\/uploads\\\/2020\\\/12\\\/inmortarlcaudete.jpg\",\"contentUrl\":\"https:\\\/\\\/www.caudete.org\\\/ayuntamiento\\\/wp-content\\\/uploads\\\/2020\\\/12\\\/inmortarlcaudete.jpg\",\"width\":368,\"height\":597},{\"@type\":\"BreadcrumbList\",\"@id\":\"https:\\\/\\\/www.caudete.org\\\/ayuntamiento\\\/departamento-de-deportes-la-inmortal\\\/#breadcrumb\",\"itemListElement\":[{\"@type\":\"ListItem\",\"position\":1,\"name\":\"Inicio\",\"item\":\"https:\\\/\\\/www.caudete.org\\\/ayuntamiento\\\/\"},{\"@type\":\"ListItem\",\"position\":2,\"name\":\"Departamento de Deportes &#8211; La Inmortal\"}]},{\"@type\":\"WebSite\",\"@id\":\"https:\\\/\\\/www.caudete.org\\\/ayuntamiento\\\/#website\",\"url\":\"https:\\\/\\\/www.caudete.org\\\/ayuntamiento\\\/\",\"name\":\"MI Ayuntamiento de Caudete\",\"description\":\"P\u00e1gina Oficial del MI Ayuntamiento de Caudete\",\"publisher\":{\"@id\":\"https:\\\/\\\/www.caudete.org\\\/ayuntamiento\\\/#organization\"},\"potentialAction\":[{\"@type\":\"SearchAction\",\"target\":{\"@type\":\"EntryPoint\",\"urlTemplate\":\"https:\\\/\\\/www.caudete.org\\\/ayuntamiento\\\/?s={search_term_string}\"},\"query-input\":{\"@type\":\"PropertyValueSpecification\",\"valueRequired\":true,\"valueName\":\"search_term_string\"}}],\"inLanguage\":\"es\"},{\"@type\":\"Organization\",\"@id\":\"https:\\\/\\\/www.caudete.org\\\/ayuntamiento\\\/#organization\",\"name\":\"Ayuntamiento de Caudete\",\"url\":\"https:\\\/\\\/www.caudete.org\\\/ayuntamiento\\\/\",\"logo\":{\"@type\":\"ImageObject\",\"inLanguage\":\"es\",\"@id\":\"https:\\\/\\\/www.caudete.org\\\/ayuntamiento\\\/#\\\/schema\\\/logo\\\/image\\\/\",\"url\":\"https:\\\/\\\/www.caudete.org\\\/ayuntamiento\\\/wp-content\\\/uploads\\\/2020\\\/11\\\/logo_ayuntamiento_caudete.jpg\",\"contentUrl\":\"https:\\\/\\\/www.caudete.org\\\/ayuntamiento\\\/wp-content\\\/uploads\\\/2020\\\/11\\\/logo_ayuntamiento_caudete.jpg\",\"width\":600,\"height\":150,\"caption\":\"Ayuntamiento de Caudete\"},\"image\":{\"@id\":\"https:\\\/\\\/www.caudete.org\\\/ayuntamiento\\\/#\\\/schema\\\/logo\\\/image\\\/\"},\"sameAs\":[\"https:\\\/\\\/www.facebook.com\\\/ayuntamientocaudete\\\/\",\"https:\\\/\\\/www.youtube.com\\\/channel\\\/UC6VztHaooNsGpw-tNoBEFnQ\"]}]}<\/script>\n<!-- \/ Yoast SEO plugin. -->","yoast_head_json":{"title":"Departamento de Deportes - La Inmortal - MI Ayuntamiento de Caudete","description":"P\u00e1gina Oficial del Ayuntamiento de Caudete (Albacete)","robots":{"index":"index","follow":"follow","max-snippet":"max-snippet:-1","max-image-preview":"max-image-preview:large","max-video-preview":"max-video-preview:-1"},"canonical":"https:\/\/www.caudete.org\/ayuntamiento\/departamento-de-deportes-la-inmortal\/","og_locale":"es_ES","og_type":"article","og_title":"Departamento de Deportes - La Inmortal - MI Ayuntamiento de Caudete","og_description":"P\u00e1gina Oficial del Ayuntamiento de Caudete (Albacete)","og_url":"https:\/\/www.caudete.org\/ayuntamiento\/departamento-de-deportes-la-inmortal\/","og_site_name":"MI Ayuntamiento de Caudete","article_publisher":"https:\/\/www.facebook.com\/ayuntamientocaudete\/","article_modified_time":"2020-12-15T21:51:19+00:00","og_image":[{"width":368,"height":597,"url":"https:\/\/www.caudete.org\/ayuntamiento\/wp-content\/uploads\/2020\/12\/inmortarlcaudete.jpg","type":"image\/jpeg"}],"twitter_card":"summary_large_image","twitter_misc":{"Tiempo de lectura":"1 minuto"},"schema":{"@context":"https:\/\/schema.org","@graph":[{"@type":"WebPage","@id":"https:\/\/www.caudete.org\/ayuntamiento\/departamento-de-deportes-la-inmortal\/","url":"https:\/\/www.caudete.org\/ayuntamiento\/departamento-de-deportes-la-inmortal\/","name":"Departamento de Deportes - La Inmortal - MI Ayuntamiento de Caudete","isPartOf":{"@id":"https:\/\/www.caudete.org\/ayuntamiento\/#website"},"primaryImageOfPage":{"@id":"https:\/\/www.caudete.org\/ayuntamiento\/departamento-de-deportes-la-inmortal\/#primaryimage"},"image":{"@id":"https:\/\/www.caudete.org\/ayuntamiento\/departamento-de-deportes-la-inmortal\/#primaryimage"},"thumbnailUrl":"https:\/\/www.caudete.org\/ayuntamiento\/wp-content\/uploads\/2020\/12\/inmortarlcaudete.jpg","datePublished":"2020-12-12T21:09:28+00:00","dateModified":"2020-12-15T21:51:19+00:00","description":"P\u00e1gina Oficial del Ayuntamiento de Caudete (Albacete)","breadcrumb":{"@id":"https:\/\/www.caudete.org\/ayuntamiento\/departamento-de-deportes-la-inmortal\/#breadcrumb"},"inLanguage":"es","potentialAction":[{"@type":"ReadAction","target":["https:\/\/www.caudete.org\/ayuntamiento\/departamento-de-deportes-la-inmortal\/"]}]},{"@type":"ImageObject","inLanguage":"es","@id":"https:\/\/www.caudete.org\/ayuntamiento\/departamento-de-deportes-la-inmortal\/#primaryimage","url":"https:\/\/www.caudete.org\/ayuntamiento\/wp-content\/uploads\/2020\/12\/inmortarlcaudete.jpg","contentUrl":"https:\/\/www.caudete.org\/ayuntamiento\/wp-content\/uploads\/2020\/12\/inmortarlcaudete.jpg","width":368,"height":597},{"@type":"BreadcrumbList","@id":"https:\/\/www.caudete.org\/ayuntamiento\/departamento-de-deportes-la-inmortal\/#breadcrumb","itemListElement":[{"@type":"ListItem","position":1,"name":"Inicio","item":"https:\/\/www.caudete.org\/ayuntamiento\/"},{"@type":"ListItem","position":2,"name":"Departamento de Deportes &#8211; La Inmortal"}]},{"@type":"WebSite","@id":"https:\/\/www.caudete.org\/ayuntamiento\/#website","url":"https:\/\/www.caudete.org\/ayuntamiento\/","name":"MI Ayuntamiento de Caudete","description":"P\u00e1gina Oficial del MI Ayuntamiento de Caudete","publisher":{"@id":"https:\/\/www.caudete.org\/ayuntamiento\/#organization"},"potentialAction":[{"@type":"SearchAction","target":{"@type":"EntryPoint","urlTemplate":"https:\/\/www.caudete.org\/ayuntamiento\/?s={search_term_string}"},"query-input":{"@type":"PropertyValueSpecification","valueRequired":true,"valueName":"search_term_string"}}],"inLanguage":"es"},{"@type":"Organization","@id":"https:\/\/www.caudete.org\/ayuntamiento\/#organization","name":"Ayuntamiento de Caudete","url":"https:\/\/www.caudete.org\/ayuntamiento\/","logo":{"@type":"ImageObject","inLanguage":"es","@id":"https:\/\/www.caudete.org\/ayuntamiento\/#\/schema\/logo\/image\/","url":"https:\/\/www.caudete.org\/ayuntamiento\/wp-content\/uploads\/2020\/11\/logo_ayuntamiento_caudete.jpg","contentUrl":"https:\/\/www.caudete.org\/ayuntamiento\/wp-content\/uploads\/2020\/11\/logo_ayuntamiento_caudete.jpg","width":600,"height":150,"caption":"Ayuntamiento de Caudete"},"image":{"@id":"https:\/\/www.caudete.org\/ayuntamiento\/#\/schema\/logo\/image\/"},"sameAs":["https:\/\/www.facebook.com\/ayuntamientocaudete\/","https:\/\/www.youtube.com\/channel\/UC6VztHaooNsGpw-tNoBEFnQ"]}]}},"_links":{"self":[{"href":"https:\/\/www.caudete.org\/ayuntamiento\/wp-json\/wp\/v2\/pages\/8830","targetHints":{"allow":["GET"]}}],"collection":[{"href":"https:\/\/www.caudete.org\/ayuntamiento\/wp-json\/wp\/v2\/pages"}],"about":[{"href":"https:\/\/www.caudete.org\/ayuntamiento\/wp-json\/wp\/v2\/types\/page"}],"author":[{"embeddable":true,"href":"https:\/\/www.caudete.org\/ayuntamiento\/wp-json\/wp\/v2\/users\/1"}],"replies":[{"embeddable":true,"href":"https:\/\/www.caudete.org\/ayuntamiento\/wp-json\/wp\/v2\/comments?post=8830"}],"version-history":[{"count":6,"href":"https:\/\/www.caudete.org\/ayuntamiento\/wp-json\/wp\/v2\/pages\/8830\/revisions"}],"predecessor-version":[{"id":9879,"href":"https:\/\/www.caudete.org\/ayuntamiento\/wp-json\/wp\/v2\/pages\/8830\/revisions\/9879"}],"wp:featuredmedia":[{"embeddable":true,"href":"https:\/\/www.caudete.org\/ayuntamiento\/wp-json\/wp\/v2\/media\/8846"}],"wp:attachment":[{"href":"https:\/\/www.caudete.org\/ayuntamiento\/wp-json\/wp\/v2\/media?parent=8830"}],"wp:term":[{"taxonomy":"category","embeddable":true,"href":"https:\/\/www.caudete.org\/ayuntamiento\/wp-json\/wp\/v2\/categories?post=8830"},{"taxonomy":"post_tag","embeddable":true,"href":"https:\/\/www.caudete.org\/ayuntamiento\/wp-json\/wp\/v2\/tags?post=8830"}],"curies":[{"name":"wp","href":"https:\/\/api.w.org\/{rel}","templated":true}]}}