{"id":9015,"date":"2020-12-13T14:58:13","date_gmt":"2020-12-13T13:58:13","guid":{"rendered":"http:\/\/www.caudete.org\/ayuntamiento\/?page_id=9015"},"modified":"2022-11-28T17:30:54","modified_gmt":"2022-11-28T16:30:54","slug":"departamento-de-deportes-reglamento","status":"publish","type":"page","link":"https:\/\/www.caudete.org\/ayuntamiento\/departamento-de-deportes-reglamento\/","title":{"rendered":"Departamento de Deportes &#8211; Reglamento"},"content":{"rendered":"<p style=\"text-align: justify;\"><b>Art\u00edculo 1.<\/b>-La organizaci\u00f3n de la San Silvestre Caudetana corresponde a la Concejal\u00eda de Deportes del M.I. Ayuntamiento de Caudete y C\u00e1ritas Caudete, junto con la colaboraci\u00f3n del Club de Atletismo Caudete Antonio Amor\u00f3s, con la especial implicaci\u00f3n de Protecci\u00f3n Civil Caudete y Cruz Roja Caudete. Podr\u00e1n participar todas las personas independientemente de su sexo, raza o edad. La prueba tendr\u00e1 lugar el s\u00e1bado 28 de diciembre de 2019 a las 19:00 horas.<\/p>\n<p style=\"text-align: justify;\"><b>Art\u00edculo 2.<\/b>-El recorrido tendr\u00e1 una distancia total de 3.400 m.<\/p>\n<p style=\"text-align: justify;\"><b>Art\u00edculo 3.<\/b>&#8211; La prueba se realizar\u00e1 sobre circuito urbano con salida y meta en la Pza. del Carmen. Las zonas t\u00e9cnicas y de servicios quedar\u00e1n ubicadas en la Pza. del Carmen.<\/p>\n<p style=\"text-align: justify;\"><b>Art\u00edculo 4.<\/b>&#8211; El recorrido estar\u00e1 debidamente se\u00f1alizado y cerrado al tr\u00e1fico.<\/p>\n<p style=\"text-align: justify;\"><b>Art\u00edculo 5.<\/b>&#8211; La descalificaci\u00f3n de un atleta en la prueba supone no optar a los premios de la misma. Puede ser por los siguientes motivos.<br \/>\n&#8211; Por deterioro f\u00edsico del atleta.<br \/>\n&#8211; No llevar el dorsal perfectamente colocado en toda su extensi\u00f3n (en el pecho durante todo el recorrido) hasta su entrada a Meta.<br \/>\n&#8211; No atender las indicaciones de la Organizaci\u00f3n o jueces.<br \/>\n&#8211; Entrar fuera de control; previamente establecido.<br \/>\n&#8211; No inscribirse en la prueba y participar en la misma.<br \/>\n&#8211; No realizar el recorrido completo.<br \/>\n&#8211; Correr con el dorsal de otra persona.<br \/>\n&#8211; Por conductas antideportivas o contra el medio ambiente o el patrimonio municipal.<\/p>\n<p style=\"text-align: justify;\"><b>Art\u00edculo 6.<\/b>Procedimiento ante una descalificaci\u00f3n:<br \/>\n\u2022 Se establece un plazo de 5 d\u00edas h\u00e1biles a partir de la celebraci\u00f3n de la prueba, para interponer cualquier reclamaci\u00f3n o denuncia. Dicha reclamaci\u00f3n se efectuar\u00e1 por escrito ante el Comit\u00e9 de Competici\u00f3n de la Prueba, por cualquier medio admitido en derecho.<br \/>\n\u2022 Examinada la denuncia y si el Comit\u00e9 lo estima oportuno, se dar\u00e1 traslado al interesado, dando el plazo improrrogable de 5 d\u00edas h\u00e1biles siguientes a la recepci\u00f3n, para que \u00e9ste conteste a dicho tr\u00e1mite de alegaciones, aportando cuantas pruebas considere oportunas.<br \/>\n\u2022 Transcurrido dicho plazo, con o sin presentaci\u00f3n de alegaciones, el Comit\u00e9 resolver\u00e1 lo que proceda, siendo su decisi\u00f3n \u00fanica e inapelable.<br \/>\n\u2022 El Comit\u00e9 se reserva el derecho de actuar de oficio cuando concurran causas excepcionales que as\u00ed lo aconsejen, siendo el tr\u00e1mite el mismo que para las reclamaciones o sanciones.<\/p>\n<p style=\"text-align: justify;\"><b>Art\u00edculo 7.<\/b>&#8211; La organizaci\u00f3n se reserva la facultad de que, comprobada cualquier irregularidad, como falsificaci\u00f3n de datos, no completar el recorrido, etc, impedir la participaci\u00f3n en ediciones sucesivas, as\u00ed como comunicarlo al resto de organizaciones nacionales.<\/p>\n<p style=\"text-align: justify;\"><b>Art\u00edculo 8.<\/b>&#8211; Los \u00fanicos veh\u00edculos autorizados a seguir la prueba son los designados por la Organizaci\u00f3n. Queda totalmente prohibido seguir a los corredores en cualquier veh\u00edculo no autorizado.<\/p>\n<p style=\"text-align: justify;\"><b>Art\u00edculo 9.<\/b>&#8211; .- Las inscripciones se podr\u00e1n realizar hasta el 29 de diciembre del 2022 o al llegar a los 450 inscritos. A la retirada del dorsal se solicitar\u00e1 el D.N.I o documento an\u00e1logo.<\/p>\n<p style=\"text-align: justify;\"><b>Art\u00edculo 10.<\/b>&#8211; La entrega de dorsales se efectuar\u00e1 en la Pza. del Carmen el viernes 30 de diciembre a partir de las 18:00h.<\/p>\n<p style=\"text-align: justify;\"><b>Art\u00edculo 11.<\/b>&#8211; Para lo no previsto en este reglamento ser\u00e1 resuelto con arreglo a los reglamentos de la I.A.A.F. y de la R.F.E.A.<\/p>\n<p style=\"text-align: justify;\"><b>Art\u00edculo 12.<\/b>&#8211; La organizaci\u00f3n dispone de un seguro de responsabilidad civil. Asimismo la organizaci\u00f3n estar\u00e1 cubierta por un seguro de accidentes que cubrir\u00e1 los accidentes deportivos que se produzcan como consecuencia directa del desarrollo de la prueba, y nunca como derivaci\u00f3n de un padecimiento o tara latente, imprudencia, negligencia, inobservancia de las leyes y del articulado del reglamento&#8230;, ni las producidas en los desplazamientos hasta el lugar en que se desarrolle la prueba.<\/p>\n<p style=\"text-align: justify;\"><b>Art\u00edculo 13.<\/b>&#8211; Una vez la inscripci\u00f3n sea aceptada, la cuota de inscripci\u00f3n no ser\u00e1 reembolsada, excepto en los siguientes casos:<br \/>\n\u2022 Porque la prueba no se desarrolle.<br \/>\n\u2022 Por no haber participado en la prueba al estar cubierto el cupo de participantes.<br \/>\n\u2022 Por ingresos indebidos como consecuencia de errores de pago.<\/p>\n<p style=\"text-align: justify;\"><b>Art\u00edculo 14.<\/b>&#8211; Todo atleta por el mero hecho de su inscripci\u00f3n, conoce y acepta todas las normas de reglamentos de esta competici\u00f3n y reconoce que se encuentra en perfectas condiciones f\u00edsicas, no padeciendo ninguna enfermedad que suponga riesgo para su persona o le incapacite para su participaci\u00f3n. De igual modo se hace responsable de los da\u00f1os que pudiera ocasionarse por su participaci\u00f3n.<\/p>\n<p style=\"text-align: justify;\"><b>Art\u00edculo 15.<\/b>-Todos los participantes, por el hecho de inscribirse, declaran conocer y aceptar el presente Reglamento y el Pliego de Descargo de Responsabilidades y Protecci\u00f3n de Datos. En caso de duda prevalecer\u00e1 el criterio de la Organizaci\u00f3n.<\/p>\n<p style=\"text-align: justify;\"><b>Art\u00edculo 16.<\/b>Los datos recabados en el proceso de inscripciones estar\u00e1n sujetos a la la normativa vigente en Protecci\u00f3n de Datos, los usuarios podr\u00e1n ejercer los derechos de acceso, rectificaci\u00f3n, supresi\u00f3n, limitaci\u00f3n de tratamiento, portabilidad y oposici\u00f3n al tratamiento de sus datos de car\u00e1cter personal, as\u00ed como del consentimiento prestado para el tratamiento de estos, dirigiendo su petici\u00f3n a la direcci\u00f3n postal m\u00e1s arriba referenciada o al correo electr\u00f3nico <a href=\"mailto:administracion@deportes.caudete.org\" target=\"_blank\" rel=\"nofollow\">administracion@deportes.caudete.org <\/a>Los usuarios podr\u00e1n dirigirse a la Autoridad de Control competente para presentar las reclamaciones que consideren oportunas.<\/p>\n<p style=\"text-align: justify;\"><b>PLIEGO DE DESCARGO DE RESPONSABILIDADES Y PROTECCI\u00d3N<\/b><br \/>\nPor el s\u00f3lo hecho de inscribirse, el participante declara lo siguiente: \u201cMe encuentro en estado de salud \u00f3ptimo para participar en la VI San Silvestre Caudetana 2019. Adem\u00e1s, eximo de toda responsabilidad a la Organizaci\u00f3n, patrocinadores u otras instituciones participantes ante cualquier accidente o lesi\u00f3n que pudiera sufrir antes, durante y\/o despu\u00e9s del evento deportivo, renunciando desde ya a cualquier acci\u00f3n legal contra de cualquiera de dichas entidades.<\/p>\n<p style=\"text-align: justify;\">Durante el desarrollo de la competici\u00f3n contribuir\u00e9 en lo posible con la Organizaci\u00f3n, para evitar accidentes personales.<\/p>\n<p style=\"text-align: justify;\">Autorizo adem\u00e1s a que la Organizaci\u00f3n haga uso publicitario de fotos, videos y cualquier otro tipo de material audiovisual en el que pueda figurar, aceptando la publicaci\u00f3n de mi nombre en la clasificaci\u00f3n de la prueba, en los medios de comunicaci\u00f3n y\/o Internet, sin esperar pago, compensaci\u00f3n o retribuci\u00f3n alguna por este concepto.<\/p>\n<p style=\"text-align: justify;\"><b>CL\u00c1USULAS ADICIONALES<\/b><br \/>\n<b>Primera:<\/b>La organizaci\u00f3n se reserva la potestad de cambiar los recorridos definidos, servicios ofertados o modificar el reglamento, circunstancias que ser\u00e1n comunicadas a los participantes.<\/p>\n<p style=\"text-align: justify;\"><b>Segunda:<\/b>La organizaci\u00f3n de la Prueba declina toda responsabilidad de los da\u00f1os que los atletas pudieran ocasionar, ocasionarse o derivasen de la participaci\u00f3n de \u00e9stos en las pruebas.<\/p>\n<p style=\"text-align: justify;\"><b>Tercera:<\/b>La inscripci\u00f3n a la Prueba supone la autorizaci\u00f3n para el uso de cualquier imagen del corredor en el entorno de la prueba.<\/p>\n<p style=\"text-align: justify;\"><b>Todos los atletas inscritos aceptan el presente Reglamento.<\/b><\/p>\n","protected":false},"excerpt":{"rendered":"<p>Art\u00edculo 1.-La organizaci\u00f3n de la San Silvestre Caudetana corresponde a la Concejal\u00eda de Deportes del M.I. Ayuntamiento de Caudete y C\u00e1ritas Caudete, junto con la colaboraci\u00f3n del Club de Atletismo Caudete Antonio Amor\u00f3s, con la especial implicaci\u00f3n de Protecci\u00f3n Civil Caudete y Cruz Roja Caudete. Podr\u00e1n participar todas las personas independientemente de su sexo, raza &hellip;<\/p>\n","protected":false},"author":1,"featured_media":9017,"parent":0,"menu_order":0,"comment_status":"closed","ping_status":"closed","template":"","meta":{"ngg_post_thumbnail":0,"footnotes":""},"categories":[122],"tags":[],"class_list":["post-9015","page","type-page","status-publish","has-post-thumbnail","hentry","category-deportes-2"],"yoast_head":"<!-- This site is optimized with the Yoast SEO plugin v27.4 - https:\/\/yoast.com\/product\/yoast-seo-wordpress\/ -->\n<title>Departamento de Deportes - Reglamento - MI Ayuntamiento de Caudete<\/title>\n<meta name=\"description\" content=\"P\u00e1gina Oficial del Ayuntamiento de Caudete (Albacete)\" \/>\n<meta name=\"robots\" content=\"index, follow, max-snippet:-1, max-image-preview:large, max-video-preview:-1\" \/>\n<link rel=\"canonical\" href=\"https:\/\/www.caudete.org\/ayuntamiento\/departamento-de-deportes-reglamento\/\" \/>\n<meta property=\"og:locale\" content=\"es_ES\" \/>\n<meta property=\"og:type\" content=\"article\" \/>\n<meta property=\"og:title\" content=\"Departamento de Deportes - Reglamento - MI Ayuntamiento de Caudete\" \/>\n<meta property=\"og:description\" content=\"P\u00e1gina Oficial del Ayuntamiento de Caudete (Albacete)\" \/>\n<meta property=\"og:url\" content=\"https:\/\/www.caudete.org\/ayuntamiento\/departamento-de-deportes-reglamento\/\" \/>\n<meta property=\"og:site_name\" content=\"MI Ayuntamiento de Caudete\" \/>\n<meta property=\"article:publisher\" content=\"https:\/\/www.facebook.com\/ayuntamientocaudete\/\" \/>\n<meta property=\"article:modified_time\" content=\"2022-11-28T16:30:54+00:00\" \/>\n<meta property=\"og:image\" content=\"https:\/\/www.caudete.org\/ayuntamiento\/wp-content\/uploads\/2020\/12\/san-silv-caudregla.jpg\" \/>\n\t<meta property=\"og:image:width\" content=\"800\" \/>\n\t<meta property=\"og:image:height\" content=\"600\" \/>\n\t<meta property=\"og:image:type\" content=\"image\/jpeg\" \/>\n<meta name=\"twitter:card\" content=\"summary_large_image\" \/>\n<meta name=\"twitter:label1\" content=\"Tiempo de lectura\" \/>\n\t<meta name=\"twitter:data1\" content=\"5 minutos\" \/>\n<script type=\"application\/ld+json\" class=\"yoast-schema-graph\">{\"@context\":\"https:\\\/\\\/schema.org\",\"@graph\":[{\"@type\":\"WebPage\",\"@id\":\"https:\\\/\\\/www.caudete.org\\\/ayuntamiento\\\/departamento-de-deportes-reglamento\\\/\",\"url\":\"https:\\\/\\\/www.caudete.org\\\/ayuntamiento\\\/departamento-de-deportes-reglamento\\\/\",\"name\":\"Departamento de Deportes - Reglamento - MI Ayuntamiento de Caudete\",\"isPartOf\":{\"@id\":\"https:\\\/\\\/www.caudete.org\\\/ayuntamiento\\\/#website\"},\"primaryImageOfPage\":{\"@id\":\"https:\\\/\\\/www.caudete.org\\\/ayuntamiento\\\/departamento-de-deportes-reglamento\\\/#primaryimage\"},\"image\":{\"@id\":\"https:\\\/\\\/www.caudete.org\\\/ayuntamiento\\\/departamento-de-deportes-reglamento\\\/#primaryimage\"},\"thumbnailUrl\":\"https:\\\/\\\/www.caudete.org\\\/ayuntamiento\\\/wp-content\\\/uploads\\\/2020\\\/12\\\/san-silv-caudregla.jpg\",\"datePublished\":\"2020-12-13T13:58:13+00:00\",\"dateModified\":\"2022-11-28T16:30:54+00:00\",\"description\":\"P\u00e1gina Oficial del Ayuntamiento de Caudete (Albacete)\",\"breadcrumb\":{\"@id\":\"https:\\\/\\\/www.caudete.org\\\/ayuntamiento\\\/departamento-de-deportes-reglamento\\\/#breadcrumb\"},\"inLanguage\":\"es\",\"potentialAction\":[{\"@type\":\"ReadAction\",\"target\":[\"https:\\\/\\\/www.caudete.org\\\/ayuntamiento\\\/departamento-de-deportes-reglamento\\\/\"]}]},{\"@type\":\"ImageObject\",\"inLanguage\":\"es\",\"@id\":\"https:\\\/\\\/www.caudete.org\\\/ayuntamiento\\\/departamento-de-deportes-reglamento\\\/#primaryimage\",\"url\":\"https:\\\/\\\/www.caudete.org\\\/ayuntamiento\\\/wp-content\\\/uploads\\\/2020\\\/12\\\/san-silv-caudregla.jpg\",\"contentUrl\":\"https:\\\/\\\/www.caudete.org\\\/ayuntamiento\\\/wp-content\\\/uploads\\\/2020\\\/12\\\/san-silv-caudregla.jpg\",\"width\":800,\"height\":600},{\"@type\":\"BreadcrumbList\",\"@id\":\"https:\\\/\\\/www.caudete.org\\\/ayuntamiento\\\/departamento-de-deportes-reglamento\\\/#breadcrumb\",\"itemListElement\":[{\"@type\":\"ListItem\",\"position\":1,\"name\":\"Inicio\",\"item\":\"https:\\\/\\\/www.caudete.org\\\/ayuntamiento\\\/\"},{\"@type\":\"ListItem\",\"position\":2,\"name\":\"Departamento de Deportes &#8211; Reglamento\"}]},{\"@type\":\"WebSite\",\"@id\":\"https:\\\/\\\/www.caudete.org\\\/ayuntamiento\\\/#website\",\"url\":\"https:\\\/\\\/www.caudete.org\\\/ayuntamiento\\\/\",\"name\":\"MI Ayuntamiento de Caudete\",\"description\":\"P\u00e1gina Oficial del MI Ayuntamiento de Caudete\",\"publisher\":{\"@id\":\"https:\\\/\\\/www.caudete.org\\\/ayuntamiento\\\/#organization\"},\"potentialAction\":[{\"@type\":\"SearchAction\",\"target\":{\"@type\":\"EntryPoint\",\"urlTemplate\":\"https:\\\/\\\/www.caudete.org\\\/ayuntamiento\\\/?s={search_term_string}\"},\"query-input\":{\"@type\":\"PropertyValueSpecification\",\"valueRequired\":true,\"valueName\":\"search_term_string\"}}],\"inLanguage\":\"es\"},{\"@type\":\"Organization\",\"@id\":\"https:\\\/\\\/www.caudete.org\\\/ayuntamiento\\\/#organization\",\"name\":\"Ayuntamiento de Caudete\",\"url\":\"https:\\\/\\\/www.caudete.org\\\/ayuntamiento\\\/\",\"logo\":{\"@type\":\"ImageObject\",\"inLanguage\":\"es\",\"@id\":\"https:\\\/\\\/www.caudete.org\\\/ayuntamiento\\\/#\\\/schema\\\/logo\\\/image\\\/\",\"url\":\"https:\\\/\\\/www.caudete.org\\\/ayuntamiento\\\/wp-content\\\/uploads\\\/2020\\\/11\\\/logo_ayuntamiento_caudete.jpg\",\"contentUrl\":\"https:\\\/\\\/www.caudete.org\\\/ayuntamiento\\\/wp-content\\\/uploads\\\/2020\\\/11\\\/logo_ayuntamiento_caudete.jpg\",\"width\":600,\"height\":150,\"caption\":\"Ayuntamiento de Caudete\"},\"image\":{\"@id\":\"https:\\\/\\\/www.caudete.org\\\/ayuntamiento\\\/#\\\/schema\\\/logo\\\/image\\\/\"},\"sameAs\":[\"https:\\\/\\\/www.facebook.com\\\/ayuntamientocaudete\\\/\",\"https:\\\/\\\/www.youtube.com\\\/channel\\\/UC6VztHaooNsGpw-tNoBEFnQ\"]}]}<\/script>\n<!-- \/ Yoast SEO plugin. -->","yoast_head_json":{"title":"Departamento de Deportes - Reglamento - MI Ayuntamiento de Caudete","description":"P\u00e1gina Oficial del Ayuntamiento de Caudete (Albacete)","robots":{"index":"index","follow":"follow","max-snippet":"max-snippet:-1","max-image-preview":"max-image-preview:large","max-video-preview":"max-video-preview:-1"},"canonical":"https:\/\/www.caudete.org\/ayuntamiento\/departamento-de-deportes-reglamento\/","og_locale":"es_ES","og_type":"article","og_title":"Departamento de Deportes - Reglamento - MI Ayuntamiento de Caudete","og_description":"P\u00e1gina Oficial del Ayuntamiento de Caudete (Albacete)","og_url":"https:\/\/www.caudete.org\/ayuntamiento\/departamento-de-deportes-reglamento\/","og_site_name":"MI Ayuntamiento de Caudete","article_publisher":"https:\/\/www.facebook.com\/ayuntamientocaudete\/","article_modified_time":"2022-11-28T16:30:54+00:00","og_image":[{"width":800,"height":600,"url":"https:\/\/www.caudete.org\/ayuntamiento\/wp-content\/uploads\/2020\/12\/san-silv-caudregla.jpg","type":"image\/jpeg"}],"twitter_card":"summary_large_image","twitter_misc":{"Tiempo de lectura":"5 minutos"},"schema":{"@context":"https:\/\/schema.org","@graph":[{"@type":"WebPage","@id":"https:\/\/www.caudete.org\/ayuntamiento\/departamento-de-deportes-reglamento\/","url":"https:\/\/www.caudete.org\/ayuntamiento\/departamento-de-deportes-reglamento\/","name":"Departamento de Deportes - Reglamento - MI Ayuntamiento de Caudete","isPartOf":{"@id":"https:\/\/www.caudete.org\/ayuntamiento\/#website"},"primaryImageOfPage":{"@id":"https:\/\/www.caudete.org\/ayuntamiento\/departamento-de-deportes-reglamento\/#primaryimage"},"image":{"@id":"https:\/\/www.caudete.org\/ayuntamiento\/departamento-de-deportes-reglamento\/#primaryimage"},"thumbnailUrl":"https:\/\/www.caudete.org\/ayuntamiento\/wp-content\/uploads\/2020\/12\/san-silv-caudregla.jpg","datePublished":"2020-12-13T13:58:13+00:00","dateModified":"2022-11-28T16:30:54+00:00","description":"P\u00e1gina Oficial del Ayuntamiento de Caudete (Albacete)","breadcrumb":{"@id":"https:\/\/www.caudete.org\/ayuntamiento\/departamento-de-deportes-reglamento\/#breadcrumb"},"inLanguage":"es","potentialAction":[{"@type":"ReadAction","target":["https:\/\/www.caudete.org\/ayuntamiento\/departamento-de-deportes-reglamento\/"]}]},{"@type":"ImageObject","inLanguage":"es","@id":"https:\/\/www.caudete.org\/ayuntamiento\/departamento-de-deportes-reglamento\/#primaryimage","url":"https:\/\/www.caudete.org\/ayuntamiento\/wp-content\/uploads\/2020\/12\/san-silv-caudregla.jpg","contentUrl":"https:\/\/www.caudete.org\/ayuntamiento\/wp-content\/uploads\/2020\/12\/san-silv-caudregla.jpg","width":800,"height":600},{"@type":"BreadcrumbList","@id":"https:\/\/www.caudete.org\/ayuntamiento\/departamento-de-deportes-reglamento\/#breadcrumb","itemListElement":[{"@type":"ListItem","position":1,"name":"Inicio","item":"https:\/\/www.caudete.org\/ayuntamiento\/"},{"@type":"ListItem","position":2,"name":"Departamento de Deportes &#8211; Reglamento"}]},{"@type":"WebSite","@id":"https:\/\/www.caudete.org\/ayuntamiento\/#website","url":"https:\/\/www.caudete.org\/ayuntamiento\/","name":"MI Ayuntamiento de Caudete","description":"P\u00e1gina Oficial del MI Ayuntamiento de Caudete","publisher":{"@id":"https:\/\/www.caudete.org\/ayuntamiento\/#organization"},"potentialAction":[{"@type":"SearchAction","target":{"@type":"EntryPoint","urlTemplate":"https:\/\/www.caudete.org\/ayuntamiento\/?s={search_term_string}"},"query-input":{"@type":"PropertyValueSpecification","valueRequired":true,"valueName":"search_term_string"}}],"inLanguage":"es"},{"@type":"Organization","@id":"https:\/\/www.caudete.org\/ayuntamiento\/#organization","name":"Ayuntamiento de Caudete","url":"https:\/\/www.caudete.org\/ayuntamiento\/","logo":{"@type":"ImageObject","inLanguage":"es","@id":"https:\/\/www.caudete.org\/ayuntamiento\/#\/schema\/logo\/image\/","url":"https:\/\/www.caudete.org\/ayuntamiento\/wp-content\/uploads\/2020\/11\/logo_ayuntamiento_caudete.jpg","contentUrl":"https:\/\/www.caudete.org\/ayuntamiento\/wp-content\/uploads\/2020\/11\/logo_ayuntamiento_caudete.jpg","width":600,"height":150,"caption":"Ayuntamiento de Caudete"},"image":{"@id":"https:\/\/www.caudete.org\/ayuntamiento\/#\/schema\/logo\/image\/"},"sameAs":["https:\/\/www.facebook.com\/ayuntamientocaudete\/","https:\/\/www.youtube.com\/channel\/UC6VztHaooNsGpw-tNoBEFnQ"]}]}},"_links":{"self":[{"href":"https:\/\/www.caudete.org\/ayuntamiento\/wp-json\/wp\/v2\/pages\/9015","targetHints":{"allow":["GET"]}}],"collection":[{"href":"https:\/\/www.caudete.org\/ayuntamiento\/wp-json\/wp\/v2\/pages"}],"about":[{"href":"https:\/\/www.caudete.org\/ayuntamiento\/wp-json\/wp\/v2\/types\/page"}],"author":[{"embeddable":true,"href":"https:\/\/www.caudete.org\/ayuntamiento\/wp-json\/wp\/v2\/users\/1"}],"replies":[{"embeddable":true,"href":"https:\/\/www.caudete.org\/ayuntamiento\/wp-json\/wp\/v2\/comments?post=9015"}],"version-history":[{"count":5,"href":"https:\/\/www.caudete.org\/ayuntamiento\/wp-json\/wp\/v2\/pages\/9015\/revisions"}],"predecessor-version":[{"id":20715,"href":"https:\/\/www.caudete.org\/ayuntamiento\/wp-json\/wp\/v2\/pages\/9015\/revisions\/20715"}],"wp:featuredmedia":[{"embeddable":true,"href":"https:\/\/www.caudete.org\/ayuntamiento\/wp-json\/wp\/v2\/media\/9017"}],"wp:attachment":[{"href":"https:\/\/www.caudete.org\/ayuntamiento\/wp-json\/wp\/v2\/media?parent=9015"}],"wp:term":[{"taxonomy":"category","embeddable":true,"href":"https:\/\/www.caudete.org\/ayuntamiento\/wp-json\/wp\/v2\/categories?post=9015"},{"taxonomy":"post_tag","embeddable":true,"href":"https:\/\/www.caudete.org\/ayuntamiento\/wp-json\/wp\/v2\/tags?post=9015"}],"curies":[{"name":"wp","href":"https:\/\/api.w.org\/{rel}","templated":true}]}}