{"id":9060,"date":"2020-12-13T15:27:12","date_gmt":"2020-12-13T14:27:12","guid":{"rendered":"http:\/\/www.caudete.org\/ayuntamiento\/?page_id=9060"},"modified":"2020-12-15T22:49:39","modified_gmt":"2020-12-15T21:49:39","slug":"departamento-de-deportes-inscripciones-extreme","status":"publish","type":"page","link":"https:\/\/www.caudete.org\/ayuntamiento\/departamento-de-deportes-inscripciones-extreme\/","title":{"rendered":"Departamento de Deportes &#8211; Inscripciones"},"content":{"rendered":"<p style=\"text-align: justify;\"><b>Plazo de Inscripci\u00f3n:<\/b>hasta las 14:00 horas del mi\u00e9rcoles 29 de enero de 2020. No se admiten inscripciones el d\u00eda de la prueba.<\/p>\n<p style=\"text-align: justify;\">Cada participante realizar\u00e1 la inscripci\u00f3n dependiendo del recorrido en el que va a participar (largo o corto). Los cortos, son recorridos alternativos para quienes est\u00e9n empezando en este deporte y quieran tener una primera toma de contacto con el circuito, sin las exigencias que algunos recorridos largos tienen. Si te inscribes en un recorrido debe de ser el que realices, si te cambias de recorrido durante la prueba perder\u00e1s el derecho a recibir cualquier premio o puntos obtenidos.<\/p>\n<p style=\"text-align: justify;\">Los participantes en los recorridos cortos no entrar\u00e1n en la clasificaci\u00f3n final de la prueba dentro de las categor\u00edas del Circuito, pero si se contabilizar\u00e1 como prueba disputada para llegar a las m\u00ednimas exigidas para obtener el premio final y se tendr\u00e1n en cuenta en la clasificaci\u00f3n \u00fanica creada para quienes opten por participar en estos recorridos.<\/p>\n<p style=\"text-align: justify;\"><b>Cuota de Inscripci\u00f3n:<\/b><\/p>\n<p style=\"text-align: justify;\">\u202213 \u20ac para los corredores que se encuentren inscritos en el XIV Circuito Provincial de Btt. No se tramitar\u00e1 la inscripci\u00f3n de ning\u00fan corredor con el precio de 13 \u20ac que previamente no est\u00e9 inscrito en el XIV Circuito Provincial de Btt de la Diputaci\u00f3n de Albacete.<br \/>\n\u202216 \u20ac para los corredores no inscritos en el XIV Circuito Provincial de Btt de la Diputaci\u00f3n de Albacete.<\/p>\n<p style=\"text-align: justify;\">Las inscripciones se podr\u00e1n realizar a trav\u00e9s de los siguientes medios:<\/p>\n<p style=\"text-align: justify;\">&nbsp;<\/p>\n<table cellspacing=\"0\" cellpadding=\"2\" border=\"1\">\n<tbody>\n<tr>\n<td><center><b>M\u00c9TODO<\/b><\/center><\/td>\n<td><b><br \/>\n<\/b><center>HERRAMIENTA<\/center><\/td>\n<\/tr>\n<tr>\n<td>Internet \/ On-Line \/ TPV<\/td>\n<td><a href=\"http:\/\/www.circuitobtt.com\/cbtt2020\" target=\"_blank\" rel=\"nofollow\">WEB CIRCUITO PROVINCIAL BTT 2020<\/a><\/td>\n<\/tr>\n<tr>\n<td>Trasferencia<\/td>\n<td>GlobalCaja: ES62 3190 0090 76 0254410723<\/td>\n<\/tr>\n<tr>\n<td>Fax<\/td>\n<td>967675055<\/td>\n<\/tr>\n<tr>\n<td>Email<\/td>\n<td><a href=\"http:\/\/caudete.org\/ayuntamiento\/inscripciones@prodepor.es\" target=\"_blank\" rel=\"nofollow\">inscripciones@prodepor.es<\/a><\/td>\n<\/tr>\n<tr>\n<td>Atenci\u00f3n telef\u00f3nica<\/td>\n<td>Tfno: 967675291 (de 10 a 13:30 y 16:00 a 18:30 horas de Lunes a Viernes)<\/td>\n<\/tr>\n<\/tbody>\n<\/table>\n<p style=\"text-align: justify;\">En el ordenante deber\u00e1 figurar la persona que se inscribe en la prueba. En el concepto deber\u00e1 figurar la referencia de compra (si ha realizado el proceso por internet). Si no fuera as\u00ed deber\u00e1 indicar DNI y la prueba a la que se inscribe.<\/p>\n<p style=\"text-align: justify;\"><b>Si el pago de la inscripci\u00f3n se hace a trav\u00e9s de transferencia, hay que enviar el justificante de pago junto con los datos personales al correo electr\u00f3nico o al n\u00famero de Fax arriba indicado. <\/b><\/p>\n","protected":false},"excerpt":{"rendered":"<p>Plazo de Inscripci\u00f3n:hasta las 14:00 horas del mi\u00e9rcoles 29 de enero de 2020. No se admiten inscripciones el d\u00eda de la prueba. Cada participante realizar\u00e1 la inscripci\u00f3n dependiendo del recorrido en el que va a participar (largo o corto). Los cortos, son recorridos alternativos para quienes est\u00e9n empezando en este deporte y quieran tener una &hellip;<\/p>\n","protected":false},"author":1,"featured_media":8846,"parent":0,"menu_order":0,"comment_status":"closed","ping_status":"closed","template":"","meta":{"ngg_post_thumbnail":0,"footnotes":""},"categories":[122],"tags":[],"class_list":["post-9060","page","type-page","status-publish","has-post-thumbnail","hentry","category-deportes-2"],"yoast_head":"<!-- This site is optimized with the Yoast SEO plugin v27.4 - https:\/\/yoast.com\/product\/yoast-seo-wordpress\/ -->\n<title>Departamento de Deportes - Inscripciones - MI Ayuntamiento de Caudete<\/title>\n<meta name=\"description\" content=\"P\u00e1gina Oficial del Ayuntamiento de Caudete (Albacete)\" \/>\n<meta name=\"robots\" content=\"index, follow, max-snippet:-1, max-image-preview:large, max-video-preview:-1\" \/>\n<link rel=\"canonical\" href=\"https:\/\/www.caudete.org\/ayuntamiento\/departamento-de-deportes-inscripciones-extreme\/\" \/>\n<meta property=\"og:locale\" content=\"es_ES\" \/>\n<meta property=\"og:type\" content=\"article\" \/>\n<meta property=\"og:title\" content=\"Departamento de Deportes - Inscripciones - MI Ayuntamiento de Caudete\" \/>\n<meta property=\"og:description\" content=\"P\u00e1gina Oficial del Ayuntamiento de Caudete (Albacete)\" \/>\n<meta property=\"og:url\" content=\"https:\/\/www.caudete.org\/ayuntamiento\/departamento-de-deportes-inscripciones-extreme\/\" \/>\n<meta property=\"og:site_name\" content=\"MI Ayuntamiento de Caudete\" \/>\n<meta property=\"article:publisher\" content=\"https:\/\/www.facebook.com\/ayuntamientocaudete\/\" \/>\n<meta property=\"article:modified_time\" content=\"2020-12-15T21:49:39+00:00\" \/>\n<meta property=\"og:image\" content=\"https:\/\/www.caudete.org\/ayuntamiento\/wp-content\/uploads\/2020\/12\/inmortarlcaudete.jpg\" \/>\n\t<meta property=\"og:image:width\" content=\"368\" \/>\n\t<meta property=\"og:image:height\" content=\"597\" \/>\n\t<meta property=\"og:image:type\" content=\"image\/jpeg\" \/>\n<meta name=\"twitter:card\" content=\"summary_large_image\" \/>\n<meta name=\"twitter:label1\" content=\"Tiempo de lectura\" \/>\n\t<meta name=\"twitter:data1\" content=\"2 minutos\" \/>\n<script type=\"application\/ld+json\" class=\"yoast-schema-graph\">{\"@context\":\"https:\\\/\\\/schema.org\",\"@graph\":[{\"@type\":\"WebPage\",\"@id\":\"https:\\\/\\\/www.caudete.org\\\/ayuntamiento\\\/departamento-de-deportes-inscripciones-extreme\\\/\",\"url\":\"https:\\\/\\\/www.caudete.org\\\/ayuntamiento\\\/departamento-de-deportes-inscripciones-extreme\\\/\",\"name\":\"Departamento de Deportes - Inscripciones - MI Ayuntamiento de Caudete\",\"isPartOf\":{\"@id\":\"https:\\\/\\\/www.caudete.org\\\/ayuntamiento\\\/#website\"},\"primaryImageOfPage\":{\"@id\":\"https:\\\/\\\/www.caudete.org\\\/ayuntamiento\\\/departamento-de-deportes-inscripciones-extreme\\\/#primaryimage\"},\"image\":{\"@id\":\"https:\\\/\\\/www.caudete.org\\\/ayuntamiento\\\/departamento-de-deportes-inscripciones-extreme\\\/#primaryimage\"},\"thumbnailUrl\":\"https:\\\/\\\/www.caudete.org\\\/ayuntamiento\\\/wp-content\\\/uploads\\\/2020\\\/12\\\/inmortarlcaudete.jpg\",\"datePublished\":\"2020-12-13T14:27:12+00:00\",\"dateModified\":\"2020-12-15T21:49:39+00:00\",\"description\":\"P\u00e1gina Oficial del Ayuntamiento de Caudete (Albacete)\",\"breadcrumb\":{\"@id\":\"https:\\\/\\\/www.caudete.org\\\/ayuntamiento\\\/departamento-de-deportes-inscripciones-extreme\\\/#breadcrumb\"},\"inLanguage\":\"es\",\"potentialAction\":[{\"@type\":\"ReadAction\",\"target\":[\"https:\\\/\\\/www.caudete.org\\\/ayuntamiento\\\/departamento-de-deportes-inscripciones-extreme\\\/\"]}]},{\"@type\":\"ImageObject\",\"inLanguage\":\"es\",\"@id\":\"https:\\\/\\\/www.caudete.org\\\/ayuntamiento\\\/departamento-de-deportes-inscripciones-extreme\\\/#primaryimage\",\"url\":\"https:\\\/\\\/www.caudete.org\\\/ayuntamiento\\\/wp-content\\\/uploads\\\/2020\\\/12\\\/inmortarlcaudete.jpg\",\"contentUrl\":\"https:\\\/\\\/www.caudete.org\\\/ayuntamiento\\\/wp-content\\\/uploads\\\/2020\\\/12\\\/inmortarlcaudete.jpg\",\"width\":368,\"height\":597},{\"@type\":\"BreadcrumbList\",\"@id\":\"https:\\\/\\\/www.caudete.org\\\/ayuntamiento\\\/departamento-de-deportes-inscripciones-extreme\\\/#breadcrumb\",\"itemListElement\":[{\"@type\":\"ListItem\",\"position\":1,\"name\":\"Inicio\",\"item\":\"https:\\\/\\\/www.caudete.org\\\/ayuntamiento\\\/\"},{\"@type\":\"ListItem\",\"position\":2,\"name\":\"Departamento de Deportes &#8211; Inscripciones\"}]},{\"@type\":\"WebSite\",\"@id\":\"https:\\\/\\\/www.caudete.org\\\/ayuntamiento\\\/#website\",\"url\":\"https:\\\/\\\/www.caudete.org\\\/ayuntamiento\\\/\",\"name\":\"MI Ayuntamiento de Caudete\",\"description\":\"P\u00e1gina Oficial del MI Ayuntamiento de Caudete\",\"publisher\":{\"@id\":\"https:\\\/\\\/www.caudete.org\\\/ayuntamiento\\\/#organization\"},\"potentialAction\":[{\"@type\":\"SearchAction\",\"target\":{\"@type\":\"EntryPoint\",\"urlTemplate\":\"https:\\\/\\\/www.caudete.org\\\/ayuntamiento\\\/?s={search_term_string}\"},\"query-input\":{\"@type\":\"PropertyValueSpecification\",\"valueRequired\":true,\"valueName\":\"search_term_string\"}}],\"inLanguage\":\"es\"},{\"@type\":\"Organization\",\"@id\":\"https:\\\/\\\/www.caudete.org\\\/ayuntamiento\\\/#organization\",\"name\":\"Ayuntamiento de Caudete\",\"url\":\"https:\\\/\\\/www.caudete.org\\\/ayuntamiento\\\/\",\"logo\":{\"@type\":\"ImageObject\",\"inLanguage\":\"es\",\"@id\":\"https:\\\/\\\/www.caudete.org\\\/ayuntamiento\\\/#\\\/schema\\\/logo\\\/image\\\/\",\"url\":\"https:\\\/\\\/www.caudete.org\\\/ayuntamiento\\\/wp-content\\\/uploads\\\/2020\\\/11\\\/logo_ayuntamiento_caudete.jpg\",\"contentUrl\":\"https:\\\/\\\/www.caudete.org\\\/ayuntamiento\\\/wp-content\\\/uploads\\\/2020\\\/11\\\/logo_ayuntamiento_caudete.jpg\",\"width\":600,\"height\":150,\"caption\":\"Ayuntamiento de Caudete\"},\"image\":{\"@id\":\"https:\\\/\\\/www.caudete.org\\\/ayuntamiento\\\/#\\\/schema\\\/logo\\\/image\\\/\"},\"sameAs\":[\"https:\\\/\\\/www.facebook.com\\\/ayuntamientocaudete\\\/\",\"https:\\\/\\\/www.youtube.com\\\/channel\\\/UC6VztHaooNsGpw-tNoBEFnQ\"]}]}<\/script>\n<!-- \/ Yoast SEO plugin. -->","yoast_head_json":{"title":"Departamento de Deportes - Inscripciones - MI Ayuntamiento de Caudete","description":"P\u00e1gina Oficial del Ayuntamiento de Caudete (Albacete)","robots":{"index":"index","follow":"follow","max-snippet":"max-snippet:-1","max-image-preview":"max-image-preview:large","max-video-preview":"max-video-preview:-1"},"canonical":"https:\/\/www.caudete.org\/ayuntamiento\/departamento-de-deportes-inscripciones-extreme\/","og_locale":"es_ES","og_type":"article","og_title":"Departamento de Deportes - Inscripciones - MI Ayuntamiento de Caudete","og_description":"P\u00e1gina Oficial del Ayuntamiento de Caudete (Albacete)","og_url":"https:\/\/www.caudete.org\/ayuntamiento\/departamento-de-deportes-inscripciones-extreme\/","og_site_name":"MI Ayuntamiento de Caudete","article_publisher":"https:\/\/www.facebook.com\/ayuntamientocaudete\/","article_modified_time":"2020-12-15T21:49:39+00:00","og_image":[{"width":368,"height":597,"url":"https:\/\/www.caudete.org\/ayuntamiento\/wp-content\/uploads\/2020\/12\/inmortarlcaudete.jpg","type":"image\/jpeg"}],"twitter_card":"summary_large_image","twitter_misc":{"Tiempo de lectura":"2 minutos"},"schema":{"@context":"https:\/\/schema.org","@graph":[{"@type":"WebPage","@id":"https:\/\/www.caudete.org\/ayuntamiento\/departamento-de-deportes-inscripciones-extreme\/","url":"https:\/\/www.caudete.org\/ayuntamiento\/departamento-de-deportes-inscripciones-extreme\/","name":"Departamento de Deportes - Inscripciones - MI Ayuntamiento de Caudete","isPartOf":{"@id":"https:\/\/www.caudete.org\/ayuntamiento\/#website"},"primaryImageOfPage":{"@id":"https:\/\/www.caudete.org\/ayuntamiento\/departamento-de-deportes-inscripciones-extreme\/#primaryimage"},"image":{"@id":"https:\/\/www.caudete.org\/ayuntamiento\/departamento-de-deportes-inscripciones-extreme\/#primaryimage"},"thumbnailUrl":"https:\/\/www.caudete.org\/ayuntamiento\/wp-content\/uploads\/2020\/12\/inmortarlcaudete.jpg","datePublished":"2020-12-13T14:27:12+00:00","dateModified":"2020-12-15T21:49:39+00:00","description":"P\u00e1gina Oficial del Ayuntamiento de Caudete (Albacete)","breadcrumb":{"@id":"https:\/\/www.caudete.org\/ayuntamiento\/departamento-de-deportes-inscripciones-extreme\/#breadcrumb"},"inLanguage":"es","potentialAction":[{"@type":"ReadAction","target":["https:\/\/www.caudete.org\/ayuntamiento\/departamento-de-deportes-inscripciones-extreme\/"]}]},{"@type":"ImageObject","inLanguage":"es","@id":"https:\/\/www.caudete.org\/ayuntamiento\/departamento-de-deportes-inscripciones-extreme\/#primaryimage","url":"https:\/\/www.caudete.org\/ayuntamiento\/wp-content\/uploads\/2020\/12\/inmortarlcaudete.jpg","contentUrl":"https:\/\/www.caudete.org\/ayuntamiento\/wp-content\/uploads\/2020\/12\/inmortarlcaudete.jpg","width":368,"height":597},{"@type":"BreadcrumbList","@id":"https:\/\/www.caudete.org\/ayuntamiento\/departamento-de-deportes-inscripciones-extreme\/#breadcrumb","itemListElement":[{"@type":"ListItem","position":1,"name":"Inicio","item":"https:\/\/www.caudete.org\/ayuntamiento\/"},{"@type":"ListItem","position":2,"name":"Departamento de Deportes &#8211; Inscripciones"}]},{"@type":"WebSite","@id":"https:\/\/www.caudete.org\/ayuntamiento\/#website","url":"https:\/\/www.caudete.org\/ayuntamiento\/","name":"MI Ayuntamiento de Caudete","description":"P\u00e1gina Oficial del MI Ayuntamiento de Caudete","publisher":{"@id":"https:\/\/www.caudete.org\/ayuntamiento\/#organization"},"potentialAction":[{"@type":"SearchAction","target":{"@type":"EntryPoint","urlTemplate":"https:\/\/www.caudete.org\/ayuntamiento\/?s={search_term_string}"},"query-input":{"@type":"PropertyValueSpecification","valueRequired":true,"valueName":"search_term_string"}}],"inLanguage":"es"},{"@type":"Organization","@id":"https:\/\/www.caudete.org\/ayuntamiento\/#organization","name":"Ayuntamiento de Caudete","url":"https:\/\/www.caudete.org\/ayuntamiento\/","logo":{"@type":"ImageObject","inLanguage":"es","@id":"https:\/\/www.caudete.org\/ayuntamiento\/#\/schema\/logo\/image\/","url":"https:\/\/www.caudete.org\/ayuntamiento\/wp-content\/uploads\/2020\/11\/logo_ayuntamiento_caudete.jpg","contentUrl":"https:\/\/www.caudete.org\/ayuntamiento\/wp-content\/uploads\/2020\/11\/logo_ayuntamiento_caudete.jpg","width":600,"height":150,"caption":"Ayuntamiento de Caudete"},"image":{"@id":"https:\/\/www.caudete.org\/ayuntamiento\/#\/schema\/logo\/image\/"},"sameAs":["https:\/\/www.facebook.com\/ayuntamientocaudete\/","https:\/\/www.youtube.com\/channel\/UC6VztHaooNsGpw-tNoBEFnQ"]}]}},"_links":{"self":[{"href":"https:\/\/www.caudete.org\/ayuntamiento\/wp-json\/wp\/v2\/pages\/9060","targetHints":{"allow":["GET"]}}],"collection":[{"href":"https:\/\/www.caudete.org\/ayuntamiento\/wp-json\/wp\/v2\/pages"}],"about":[{"href":"https:\/\/www.caudete.org\/ayuntamiento\/wp-json\/wp\/v2\/types\/page"}],"author":[{"embeddable":true,"href":"https:\/\/www.caudete.org\/ayuntamiento\/wp-json\/wp\/v2\/users\/1"}],"replies":[{"embeddable":true,"href":"https:\/\/www.caudete.org\/ayuntamiento\/wp-json\/wp\/v2\/comments?post=9060"}],"version-history":[{"count":7,"href":"https:\/\/www.caudete.org\/ayuntamiento\/wp-json\/wp\/v2\/pages\/9060\/revisions"}],"predecessor-version":[{"id":9876,"href":"https:\/\/www.caudete.org\/ayuntamiento\/wp-json\/wp\/v2\/pages\/9060\/revisions\/9876"}],"wp:featuredmedia":[{"embeddable":true,"href":"https:\/\/www.caudete.org\/ayuntamiento\/wp-json\/wp\/v2\/media\/8846"}],"wp:attachment":[{"href":"https:\/\/www.caudete.org\/ayuntamiento\/wp-json\/wp\/v2\/media?parent=9060"}],"wp:term":[{"taxonomy":"category","embeddable":true,"href":"https:\/\/www.caudete.org\/ayuntamiento\/wp-json\/wp\/v2\/categories?post=9060"},{"taxonomy":"post_tag","embeddable":true,"href":"https:\/\/www.caudete.org\/ayuntamiento\/wp-json\/wp\/v2\/tags?post=9060"}],"curies":[{"name":"wp","href":"https:\/\/api.w.org\/{rel}","templated":true}]}}