{"id":9108,"date":"2020-12-13T16:01:23","date_gmt":"2020-12-13T15:01:23","guid":{"rendered":"http:\/\/www.caudete.org\/ayuntamiento\/?page_id=9108"},"modified":"2020-12-15T22:42:34","modified_gmt":"2020-12-15T21:42:34","slug":"departamento-de-deportes-circuito-extreme","status":"publish","type":"page","link":"https:\/\/www.caudete.org\/ayuntamiento\/departamento-de-deportes-circuito-extreme\/","title":{"rendered":"Departamento de Deportes &#8211; Circuito"},"content":{"rendered":"<p style=\"text-align: justify;\">Con motivo de la desaparici\u00f3n de la marcha de BTT \u201cLa Inmortal\u201d y la incorporaci\u00f3n de la prueba \u201cCaudete Extreme\u201d se produce tambi\u00e9n una modificaci\u00f3n del tradicional recorrido que se ven\u00eda realizando en los \u00faltimos a\u00f1os.<br \/>\nEl circuito absoluto es un recorrido de dificultad f\u00edsica y t\u00e9cnica media, caracterizado por tener que completar una distancia total de 41 kil\u00f3metros, consider\u00e1ndose como de media distancia.<\/p>\n<p style=\"text-align: justify;\">El trayecto trascurre por tres parajes naturales del municipio de Caudete; \u201cLa Toconera, Sierra Al\u00e1cera y Las Lomas. Se trata de un recorrido que combina constantemente pistas forestales, caminos rurales y sendas, haciendo que el itinerario sea muy entretenido, a la vez que exigente. A partir del kil\u00f3metro 5 hasta el 14, se llevara a cabo la subida y bajada de tres picos con una diferencia de altitud de 150 m. Desde este punto se comenzar\u00e1 un descenso serpenteante para, a partir del kil\u00f3metro 18, empezar a dar m\u00e1ximo desarrollo con el fin de enfrentarse a la zona de las canteras para acto seguido realizar un perfil de cresta hasta llegar al kil\u00f3metro 35, que ser\u00e1 el pico m\u00e1s alto de todo el circuito con una altitud de 750 m. Tras este \u00faltimo ascenso al corredor le restar\u00e1 7 km de bajada hasta cruzar la l\u00ednea de meta la cual quedar\u00e1 ubicada en las pistas de atletismo de la Ciudad Deportiva Antonio Amor\u00f3s.<\/p>\n<p style=\"text-align: justify;\">En el recorrido absoluto se dispondr\u00e1n de dos avituallamientos s\u00f3lidos y l\u00edquidos en los kil\u00f3metros 20 y 30.<\/p>\n<p style=\"text-align: justify;\">El circuito alternativo comparte con el absoluto el mismo itinerario hasta el kil\u00f3metro 18, restando tan s\u00f3lo 2 km de ligero descenso hasta la l\u00ednea de meta.<\/p>\n<p style=\"text-align: justify;\">Se trata por tanto de un recorrido exigente f\u00edsicamente y t\u00e9cnicamente con el paso por tres parajes naturales distintos que generan una gran satisfacci\u00f3n al corredor tras su finalizaci\u00f3n.<\/p>\n<p><a href=\"http:\/\/caudete.org\/ayuntamiento\/eniusimg\/enius146\/2020\/01\/adjuntos_fichero_bedc07ee400333fd.gpx\" target=\"_blank\" rel=\"noopener nofollow\">Track Caudete Extreme 2020 &#8211; recorrido corto <\/a><\/p>\n<p><a href=\"http:\/\/caudete.org\/ayuntamiento\/eniusimg\/enius146\/2020\/01\/adjuntos_fichero_5ef0ee56d8960c3c.gpx\" target=\"_blank\" rel=\"noopener nofollow\">Track Caudete Extreme 2020 &#8211; recorrido largo<\/a><\/p>\n<p><img fetchpriority=\"high\" decoding=\"async\" class=\"aligncenter size-full wp-image-9112\" src=\"http:\/\/www.caudete.org\/ayuntamiento\/wp-content\/uploads\/2020\/12\/circuoitext2.jpg\" alt=\"\" width=\"800\" height=\"499\" srcset=\"https:\/\/www.caudete.org\/ayuntamiento\/wp-content\/uploads\/2020\/12\/circuoitext2.jpg 800w, https:\/\/www.caudete.org\/ayuntamiento\/wp-content\/uploads\/2020\/12\/circuoitext2-300x187.jpg 300w, https:\/\/www.caudete.org\/ayuntamiento\/wp-content\/uploads\/2020\/12\/circuoitext2-768x479.jpg 768w\" sizes=\"(max-width: 800px) 100vw, 800px\" \/><\/p>\n<p><img decoding=\"async\" class=\"aligncenter size-full wp-image-9113\" src=\"http:\/\/www.caudete.org\/ayuntamiento\/wp-content\/uploads\/2020\/12\/circuoitext3.jpg\" alt=\"\" width=\"800\" height=\"375\" srcset=\"https:\/\/www.caudete.org\/ayuntamiento\/wp-content\/uploads\/2020\/12\/circuoitext3.jpg 800w, https:\/\/www.caudete.org\/ayuntamiento\/wp-content\/uploads\/2020\/12\/circuoitext3-300x141.jpg 300w, https:\/\/www.caudete.org\/ayuntamiento\/wp-content\/uploads\/2020\/12\/circuoitext3-768x360.jpg 768w\" sizes=\"(max-width: 800px) 100vw, 800px\" \/><\/p>\n","protected":false},"excerpt":{"rendered":"<p>Con motivo de la desaparici\u00f3n de la marcha de BTT \u201cLa Inmortal\u201d y la incorporaci\u00f3n de la prueba \u201cCaudete Extreme\u201d se produce tambi\u00e9n una modificaci\u00f3n del tradicional recorrido que se ven\u00eda realizando en los \u00faltimos a\u00f1os. El circuito absoluto es un recorrido de dificultad f\u00edsica y t\u00e9cnica media, caracterizado por tener que completar una distancia &hellip;<\/p>\n","protected":false},"author":1,"featured_media":9114,"parent":0,"menu_order":0,"comment_status":"closed","ping_status":"closed","template":"","meta":{"ngg_post_thumbnail":0,"footnotes":""},"categories":[122],"tags":[],"class_list":["post-9108","page","type-page","status-publish","has-post-thumbnail","hentry","category-deportes-2"],"yoast_head":"<!-- This site is optimized with the Yoast SEO plugin v27.4 - https:\/\/yoast.com\/product\/yoast-seo-wordpress\/ -->\n<title>Departamento de Deportes - Circuito - MI Ayuntamiento de Caudete<\/title>\n<meta name=\"description\" content=\"P\u00e1gina Oficial del Ayuntamiento de Caudete (Albacete)\" \/>\n<meta name=\"robots\" content=\"index, follow, max-snippet:-1, max-image-preview:large, max-video-preview:-1\" \/>\n<link rel=\"canonical\" href=\"https:\/\/www.caudete.org\/ayuntamiento\/departamento-de-deportes-circuito-extreme\/\" \/>\n<meta property=\"og:locale\" content=\"es_ES\" \/>\n<meta property=\"og:type\" content=\"article\" \/>\n<meta property=\"og:title\" content=\"Departamento de Deportes - Circuito - MI Ayuntamiento de Caudete\" \/>\n<meta property=\"og:description\" content=\"P\u00e1gina Oficial del Ayuntamiento de Caudete (Albacete)\" \/>\n<meta property=\"og:url\" content=\"https:\/\/www.caudete.org\/ayuntamiento\/departamento-de-deportes-circuito-extreme\/\" \/>\n<meta property=\"og:site_name\" content=\"MI Ayuntamiento de Caudete\" \/>\n<meta property=\"article:publisher\" content=\"https:\/\/www.facebook.com\/ayuntamientocaudete\/\" \/>\n<meta property=\"article:modified_time\" content=\"2020-12-15T21:42:34+00:00\" \/>\n<meta property=\"og:image\" content=\"https:\/\/www.caudete.org\/ayuntamiento\/wp-content\/uploads\/2020\/12\/circuoitext1.jpg\" \/>\n\t<meta property=\"og:image:width\" content=\"800\" \/>\n\t<meta property=\"og:image:height\" content=\"533\" \/>\n\t<meta property=\"og:image:type\" content=\"image\/jpeg\" \/>\n<meta name=\"twitter:card\" content=\"summary_large_image\" \/>\n<meta name=\"twitter:label1\" content=\"Tiempo de lectura\" \/>\n\t<meta name=\"twitter:data1\" content=\"2 minutos\" \/>\n<script type=\"application\/ld+json\" class=\"yoast-schema-graph\">{\"@context\":\"https:\\\/\\\/schema.org\",\"@graph\":[{\"@type\":\"WebPage\",\"@id\":\"https:\\\/\\\/www.caudete.org\\\/ayuntamiento\\\/departamento-de-deportes-circuito-extreme\\\/\",\"url\":\"https:\\\/\\\/www.caudete.org\\\/ayuntamiento\\\/departamento-de-deportes-circuito-extreme\\\/\",\"name\":\"Departamento de Deportes - Circuito - MI Ayuntamiento de Caudete\",\"isPartOf\":{\"@id\":\"https:\\\/\\\/www.caudete.org\\\/ayuntamiento\\\/#website\"},\"primaryImageOfPage\":{\"@id\":\"https:\\\/\\\/www.caudete.org\\\/ayuntamiento\\\/departamento-de-deportes-circuito-extreme\\\/#primaryimage\"},\"image\":{\"@id\":\"https:\\\/\\\/www.caudete.org\\\/ayuntamiento\\\/departamento-de-deportes-circuito-extreme\\\/#primaryimage\"},\"thumbnailUrl\":\"https:\\\/\\\/www.caudete.org\\\/ayuntamiento\\\/wp-content\\\/uploads\\\/2020\\\/12\\\/circuoitext1.jpg\",\"datePublished\":\"2020-12-13T15:01:23+00:00\",\"dateModified\":\"2020-12-15T21:42:34+00:00\",\"description\":\"P\u00e1gina Oficial del Ayuntamiento de Caudete (Albacete)\",\"breadcrumb\":{\"@id\":\"https:\\\/\\\/www.caudete.org\\\/ayuntamiento\\\/departamento-de-deportes-circuito-extreme\\\/#breadcrumb\"},\"inLanguage\":\"es\",\"potentialAction\":[{\"@type\":\"ReadAction\",\"target\":[\"https:\\\/\\\/www.caudete.org\\\/ayuntamiento\\\/departamento-de-deportes-circuito-extreme\\\/\"]}]},{\"@type\":\"ImageObject\",\"inLanguage\":\"es\",\"@id\":\"https:\\\/\\\/www.caudete.org\\\/ayuntamiento\\\/departamento-de-deportes-circuito-extreme\\\/#primaryimage\",\"url\":\"https:\\\/\\\/www.caudete.org\\\/ayuntamiento\\\/wp-content\\\/uploads\\\/2020\\\/12\\\/circuoitext1.jpg\",\"contentUrl\":\"https:\\\/\\\/www.caudete.org\\\/ayuntamiento\\\/wp-content\\\/uploads\\\/2020\\\/12\\\/circuoitext1.jpg\",\"width\":800,\"height\":533},{\"@type\":\"BreadcrumbList\",\"@id\":\"https:\\\/\\\/www.caudete.org\\\/ayuntamiento\\\/departamento-de-deportes-circuito-extreme\\\/#breadcrumb\",\"itemListElement\":[{\"@type\":\"ListItem\",\"position\":1,\"name\":\"Inicio\",\"item\":\"https:\\\/\\\/www.caudete.org\\\/ayuntamiento\\\/\"},{\"@type\":\"ListItem\",\"position\":2,\"name\":\"Departamento de Deportes &#8211; Circuito\"}]},{\"@type\":\"WebSite\",\"@id\":\"https:\\\/\\\/www.caudete.org\\\/ayuntamiento\\\/#website\",\"url\":\"https:\\\/\\\/www.caudete.org\\\/ayuntamiento\\\/\",\"name\":\"MI Ayuntamiento de Caudete\",\"description\":\"P\u00e1gina Oficial del MI Ayuntamiento de Caudete\",\"publisher\":{\"@id\":\"https:\\\/\\\/www.caudete.org\\\/ayuntamiento\\\/#organization\"},\"potentialAction\":[{\"@type\":\"SearchAction\",\"target\":{\"@type\":\"EntryPoint\",\"urlTemplate\":\"https:\\\/\\\/www.caudete.org\\\/ayuntamiento\\\/?s={search_term_string}\"},\"query-input\":{\"@type\":\"PropertyValueSpecification\",\"valueRequired\":true,\"valueName\":\"search_term_string\"}}],\"inLanguage\":\"es\"},{\"@type\":\"Organization\",\"@id\":\"https:\\\/\\\/www.caudete.org\\\/ayuntamiento\\\/#organization\",\"name\":\"Ayuntamiento de Caudete\",\"url\":\"https:\\\/\\\/www.caudete.org\\\/ayuntamiento\\\/\",\"logo\":{\"@type\":\"ImageObject\",\"inLanguage\":\"es\",\"@id\":\"https:\\\/\\\/www.caudete.org\\\/ayuntamiento\\\/#\\\/schema\\\/logo\\\/image\\\/\",\"url\":\"https:\\\/\\\/www.caudete.org\\\/ayuntamiento\\\/wp-content\\\/uploads\\\/2020\\\/11\\\/logo_ayuntamiento_caudete.jpg\",\"contentUrl\":\"https:\\\/\\\/www.caudete.org\\\/ayuntamiento\\\/wp-content\\\/uploads\\\/2020\\\/11\\\/logo_ayuntamiento_caudete.jpg\",\"width\":600,\"height\":150,\"caption\":\"Ayuntamiento de Caudete\"},\"image\":{\"@id\":\"https:\\\/\\\/www.caudete.org\\\/ayuntamiento\\\/#\\\/schema\\\/logo\\\/image\\\/\"},\"sameAs\":[\"https:\\\/\\\/www.facebook.com\\\/ayuntamientocaudete\\\/\",\"https:\\\/\\\/www.youtube.com\\\/channel\\\/UC6VztHaooNsGpw-tNoBEFnQ\"]}]}<\/script>\n<!-- \/ Yoast SEO plugin. -->","yoast_head_json":{"title":"Departamento de Deportes - Circuito - MI Ayuntamiento de Caudete","description":"P\u00e1gina Oficial del Ayuntamiento de Caudete (Albacete)","robots":{"index":"index","follow":"follow","max-snippet":"max-snippet:-1","max-image-preview":"max-image-preview:large","max-video-preview":"max-video-preview:-1"},"canonical":"https:\/\/www.caudete.org\/ayuntamiento\/departamento-de-deportes-circuito-extreme\/","og_locale":"es_ES","og_type":"article","og_title":"Departamento de Deportes - Circuito - MI Ayuntamiento de Caudete","og_description":"P\u00e1gina Oficial del Ayuntamiento de Caudete (Albacete)","og_url":"https:\/\/www.caudete.org\/ayuntamiento\/departamento-de-deportes-circuito-extreme\/","og_site_name":"MI Ayuntamiento de Caudete","article_publisher":"https:\/\/www.facebook.com\/ayuntamientocaudete\/","article_modified_time":"2020-12-15T21:42:34+00:00","og_image":[{"width":800,"height":533,"url":"https:\/\/www.caudete.org\/ayuntamiento\/wp-content\/uploads\/2020\/12\/circuoitext1.jpg","type":"image\/jpeg"}],"twitter_card":"summary_large_image","twitter_misc":{"Tiempo de lectura":"2 minutos"},"schema":{"@context":"https:\/\/schema.org","@graph":[{"@type":"WebPage","@id":"https:\/\/www.caudete.org\/ayuntamiento\/departamento-de-deportes-circuito-extreme\/","url":"https:\/\/www.caudete.org\/ayuntamiento\/departamento-de-deportes-circuito-extreme\/","name":"Departamento de Deportes - Circuito - MI Ayuntamiento de Caudete","isPartOf":{"@id":"https:\/\/www.caudete.org\/ayuntamiento\/#website"},"primaryImageOfPage":{"@id":"https:\/\/www.caudete.org\/ayuntamiento\/departamento-de-deportes-circuito-extreme\/#primaryimage"},"image":{"@id":"https:\/\/www.caudete.org\/ayuntamiento\/departamento-de-deportes-circuito-extreme\/#primaryimage"},"thumbnailUrl":"https:\/\/www.caudete.org\/ayuntamiento\/wp-content\/uploads\/2020\/12\/circuoitext1.jpg","datePublished":"2020-12-13T15:01:23+00:00","dateModified":"2020-12-15T21:42:34+00:00","description":"P\u00e1gina Oficial del Ayuntamiento de Caudete (Albacete)","breadcrumb":{"@id":"https:\/\/www.caudete.org\/ayuntamiento\/departamento-de-deportes-circuito-extreme\/#breadcrumb"},"inLanguage":"es","potentialAction":[{"@type":"ReadAction","target":["https:\/\/www.caudete.org\/ayuntamiento\/departamento-de-deportes-circuito-extreme\/"]}]},{"@type":"ImageObject","inLanguage":"es","@id":"https:\/\/www.caudete.org\/ayuntamiento\/departamento-de-deportes-circuito-extreme\/#primaryimage","url":"https:\/\/www.caudete.org\/ayuntamiento\/wp-content\/uploads\/2020\/12\/circuoitext1.jpg","contentUrl":"https:\/\/www.caudete.org\/ayuntamiento\/wp-content\/uploads\/2020\/12\/circuoitext1.jpg","width":800,"height":533},{"@type":"BreadcrumbList","@id":"https:\/\/www.caudete.org\/ayuntamiento\/departamento-de-deportes-circuito-extreme\/#breadcrumb","itemListElement":[{"@type":"ListItem","position":1,"name":"Inicio","item":"https:\/\/www.caudete.org\/ayuntamiento\/"},{"@type":"ListItem","position":2,"name":"Departamento de Deportes &#8211; Circuito"}]},{"@type":"WebSite","@id":"https:\/\/www.caudete.org\/ayuntamiento\/#website","url":"https:\/\/www.caudete.org\/ayuntamiento\/","name":"MI Ayuntamiento de Caudete","description":"P\u00e1gina Oficial del MI Ayuntamiento de Caudete","publisher":{"@id":"https:\/\/www.caudete.org\/ayuntamiento\/#organization"},"potentialAction":[{"@type":"SearchAction","target":{"@type":"EntryPoint","urlTemplate":"https:\/\/www.caudete.org\/ayuntamiento\/?s={search_term_string}"},"query-input":{"@type":"PropertyValueSpecification","valueRequired":true,"valueName":"search_term_string"}}],"inLanguage":"es"},{"@type":"Organization","@id":"https:\/\/www.caudete.org\/ayuntamiento\/#organization","name":"Ayuntamiento de Caudete","url":"https:\/\/www.caudete.org\/ayuntamiento\/","logo":{"@type":"ImageObject","inLanguage":"es","@id":"https:\/\/www.caudete.org\/ayuntamiento\/#\/schema\/logo\/image\/","url":"https:\/\/www.caudete.org\/ayuntamiento\/wp-content\/uploads\/2020\/11\/logo_ayuntamiento_caudete.jpg","contentUrl":"https:\/\/www.caudete.org\/ayuntamiento\/wp-content\/uploads\/2020\/11\/logo_ayuntamiento_caudete.jpg","width":600,"height":150,"caption":"Ayuntamiento de Caudete"},"image":{"@id":"https:\/\/www.caudete.org\/ayuntamiento\/#\/schema\/logo\/image\/"},"sameAs":["https:\/\/www.facebook.com\/ayuntamientocaudete\/","https:\/\/www.youtube.com\/channel\/UC6VztHaooNsGpw-tNoBEFnQ"]}]}},"_links":{"self":[{"href":"https:\/\/www.caudete.org\/ayuntamiento\/wp-json\/wp\/v2\/pages\/9108","targetHints":{"allow":["GET"]}}],"collection":[{"href":"https:\/\/www.caudete.org\/ayuntamiento\/wp-json\/wp\/v2\/pages"}],"about":[{"href":"https:\/\/www.caudete.org\/ayuntamiento\/wp-json\/wp\/v2\/types\/page"}],"author":[{"embeddable":true,"href":"https:\/\/www.caudete.org\/ayuntamiento\/wp-json\/wp\/v2\/users\/1"}],"replies":[{"embeddable":true,"href":"https:\/\/www.caudete.org\/ayuntamiento\/wp-json\/wp\/v2\/comments?post=9108"}],"version-history":[{"count":6,"href":"https:\/\/www.caudete.org\/ayuntamiento\/wp-json\/wp\/v2\/pages\/9108\/revisions"}],"predecessor-version":[{"id":9862,"href":"https:\/\/www.caudete.org\/ayuntamiento\/wp-json\/wp\/v2\/pages\/9108\/revisions\/9862"}],"wp:featuredmedia":[{"embeddable":true,"href":"https:\/\/www.caudete.org\/ayuntamiento\/wp-json\/wp\/v2\/media\/9114"}],"wp:attachment":[{"href":"https:\/\/www.caudete.org\/ayuntamiento\/wp-json\/wp\/v2\/media?parent=9108"}],"wp:term":[{"taxonomy":"category","embeddable":true,"href":"https:\/\/www.caudete.org\/ayuntamiento\/wp-json\/wp\/v2\/categories?post=9108"},{"taxonomy":"post_tag","embeddable":true,"href":"https:\/\/www.caudete.org\/ayuntamiento\/wp-json\/wp\/v2\/tags?post=9108"}],"curies":[{"name":"wp","href":"https:\/\/api.w.org\/{rel}","templated":true}]}}