{"id":9994,"date":"2020-12-16T15:33:43","date_gmt":"2020-12-16T14:33:43","guid":{"rendered":"http:\/\/www.caudete.org\/ayuntamiento\/?page_id=9994"},"modified":"2020-12-16T15:35:05","modified_gmt":"2020-12-16T14:35:05","slug":"turismo-artesania-local","status":"publish","type":"page","link":"https:\/\/www.caudete.org\/ayuntamiento\/turismo-artesania-local\/","title":{"rendered":"Turismo &#8211; Artesan\u00eda Local"},"content":{"rendered":"<p style=\"text-align: justify;\">El municipio de Caudete destaca por la singularidad de su artesan\u00eda, vinculada a la elaboraci\u00f3n de armas decorativas y de avancarga.<\/p>\n<p style=\"text-align: justify;\">En esta localidad encontramos un <b>taller artesano \u00fanico en Espa\u00f1a<\/b>, que se dedica a la reproducci\u00f3n de armas antiguas de todas las \u00e9pocas.<\/p>\n<p style=\"text-align: justify;\">Artesan\u00eda Trabucos El Rojo&#8221; tiene su actividad principal en la fabricaci\u00f3n y venta de <b>Armas de Arcabucer\u00eda <\/b>tales como arcabuces, espingardas, mosquetes y trabucos.<\/p>\n<p style=\"text-align: justify;\">Tambi\u00e9n se fabrican metales y complementos, como cascos, lanzas, manoplas, navajas de contrabandistas, etc., para las <b>fiestas de Moros y Cristianos<\/b>, adem\u00e1s de Colla de Trabucaires, <b>romanos <\/b>, o incluso la reproducci\u00f3n exacta de cualquier arma de \u00e9poca.<\/p>\n<p style=\"text-align: justify;\">Uno de sus encargos m\u00e1s afamados fueron las armas utilizadas en el rodaje de la pel\u00edcula <b>\u201cEl Capit\u00e1n Alatriste\u201d<\/b>, basada en el libro del escritor Arturo P\u00e9rez Reverte, llevada al cine por el director Agust\u00edn D\u00edaz Yames y protagonizada por <b>Viggo Mortensen y Eduardo Noriega <\/b>entre otros.<\/p>\n<p style=\"text-align: justify;\">Esta fant\u00e1stica producci\u00f3n de cine hist\u00f3rico cont\u00f3 con el taller Trabucos El Rojo para la fabricaci\u00f3n de todas las armas que aparecen en la pel\u00edcula. Cada una de ellas fue una recreaci\u00f3n perfecta de <b>las armas de los soldados espa\u00f1oles en el s. XVII,<\/b>incluido el disparo con mecha.<\/p>\n<p style=\"text-align: justify;\">Este taller tambi\u00e9n elabora armas destinadas a eventos de recreaci\u00f3n hist\u00f3rica de batallas, como es el caso de la <b>Batalla de Bail\u00e9n, El Sitio de Zaragoza, la Batalla de Almansa (Espa\u00f1a), <\/b>y otros celebrados en Saint Tropez o Niza (Francia) y donde tambi\u00e9n se exhiben armas fabricadas por Trabucos El Rojo.<\/p>\n<p style=\"text-align: justify;\">Este negocio, de 80 a\u00f1os de antiguedad, ofrece visitas guiadas a todos aquellos interesados en saber m\u00e1s sobre el fascinante mundo de las armas antiguas.<\/p>\n<p style=\"text-align: justify;\">Asimismo, en Caudete se dise\u00f1an y confeccionan de forma artesanal bell\u00edsimos <b>trajes para las diferentes comparsas de moros y cristianos,<\/b><b>trajes y mantones de Manila utilizados en los Bailes de Ni\u00f1o<\/b>y mantos para im\u00e1genes religiosas.<\/p>\n<p style=\"text-align: justify;\">Texto: Oficina Municipal de Turismo de Caudete.<\/p>\nngg_shortcode_0_placeholder\n","protected":false},"excerpt":{"rendered":"<p>El municipio de Caudete destaca por la singularidad de su artesan\u00eda, vinculada a la elaboraci\u00f3n de armas decorativas y de avancarga. En esta localidad encontramos un taller artesano \u00fanico en Espa\u00f1a, que se dedica a la reproducci\u00f3n de armas antiguas de todas las \u00e9pocas. Artesan\u00eda Trabucos El Rojo&#8221; tiene su actividad principal en la fabricaci\u00f3n &hellip;<\/p>\n","protected":false},"author":1,"featured_media":0,"parent":0,"menu_order":0,"comment_status":"closed","ping_status":"closed","template":"","meta":{"ngg_post_thumbnail":0,"footnotes":""},"categories":[135],"tags":[],"class_list":["post-9994","page","type-page","status-publish","hentry","category-turismo-2"],"yoast_head":"<!-- This site is optimized with the Yoast SEO plugin v27.5 - https:\/\/yoast.com\/product\/yoast-seo-wordpress\/ -->\n<title>Turismo - Artesan\u00eda Local - MI Ayuntamiento de Caudete<\/title>\n<meta name=\"description\" content=\"P\u00e1gina Oficial del Ayuntamiento de Caudete (Albacete)\" \/>\n<meta name=\"robots\" content=\"index, follow, max-snippet:-1, max-image-preview:large, max-video-preview:-1\" \/>\n<link rel=\"canonical\" href=\"https:\/\/www.caudete.org\/ayuntamiento\/turismo-artesania-local\/\" \/>\n<meta property=\"og:locale\" content=\"es_ES\" \/>\n<meta property=\"og:type\" content=\"article\" \/>\n<meta property=\"og:title\" content=\"Turismo - Artesan\u00eda Local - MI Ayuntamiento de Caudete\" \/>\n<meta property=\"og:description\" content=\"P\u00e1gina Oficial del Ayuntamiento de Caudete (Albacete)\" \/>\n<meta property=\"og:url\" content=\"https:\/\/www.caudete.org\/ayuntamiento\/turismo-artesania-local\/\" \/>\n<meta property=\"og:site_name\" content=\"MI Ayuntamiento de Caudete\" \/>\n<meta property=\"article:publisher\" content=\"https:\/\/www.facebook.com\/ayuntamientocaudete\/\" \/>\n<meta property=\"article:modified_time\" content=\"2020-12-16T14:35:05+00:00\" \/>\n<meta name=\"twitter:card\" content=\"summary_large_image\" \/>\n<meta name=\"twitter:label1\" content=\"Tiempo de lectura\" \/>\n\t<meta name=\"twitter:data1\" content=\"2 minutos\" \/>\n<script type=\"application\/ld+json\" class=\"yoast-schema-graph\">{\"@context\":\"https:\\\/\\\/schema.org\",\"@graph\":[{\"@type\":\"WebPage\",\"@id\":\"https:\\\/\\\/www.caudete.org\\\/ayuntamiento\\\/turismo-artesania-local\\\/\",\"url\":\"https:\\\/\\\/www.caudete.org\\\/ayuntamiento\\\/turismo-artesania-local\\\/\",\"name\":\"Turismo - Artesan\u00eda Local - MI Ayuntamiento de Caudete\",\"isPartOf\":{\"@id\":\"https:\\\/\\\/www.caudete.org\\\/ayuntamiento\\\/#website\"},\"datePublished\":\"2020-12-16T14:33:43+00:00\",\"dateModified\":\"2020-12-16T14:35:05+00:00\",\"description\":\"P\u00e1gina Oficial del Ayuntamiento de Caudete (Albacete)\",\"breadcrumb\":{\"@id\":\"https:\\\/\\\/www.caudete.org\\\/ayuntamiento\\\/turismo-artesania-local\\\/#breadcrumb\"},\"inLanguage\":\"es\",\"potentialAction\":[{\"@type\":\"ReadAction\",\"target\":[\"https:\\\/\\\/www.caudete.org\\\/ayuntamiento\\\/turismo-artesania-local\\\/\"]}]},{\"@type\":\"BreadcrumbList\",\"@id\":\"https:\\\/\\\/www.caudete.org\\\/ayuntamiento\\\/turismo-artesania-local\\\/#breadcrumb\",\"itemListElement\":[{\"@type\":\"ListItem\",\"position\":1,\"name\":\"Inicio\",\"item\":\"https:\\\/\\\/www.caudete.org\\\/ayuntamiento\\\/\"},{\"@type\":\"ListItem\",\"position\":2,\"name\":\"Turismo &#8211; Artesan\u00eda Local\"}]},{\"@type\":\"WebSite\",\"@id\":\"https:\\\/\\\/www.caudete.org\\\/ayuntamiento\\\/#website\",\"url\":\"https:\\\/\\\/www.caudete.org\\\/ayuntamiento\\\/\",\"name\":\"MI Ayuntamiento de Caudete\",\"description\":\"P\u00e1gina Oficial del MI Ayuntamiento de Caudete\",\"potentialAction\":[{\"@type\":\"SearchAction\",\"target\":{\"@type\":\"EntryPoint\",\"urlTemplate\":\"https:\\\/\\\/www.caudete.org\\\/ayuntamiento\\\/?s={search_term_string}\"},\"query-input\":{\"@type\":\"PropertyValueSpecification\",\"valueRequired\":true,\"valueName\":\"search_term_string\"}}],\"inLanguage\":\"es\"}]}<\/script>\n<!-- \/ Yoast SEO plugin. -->","yoast_head_json":{"title":"Turismo - Artesan\u00eda Local - MI Ayuntamiento de Caudete","description":"P\u00e1gina Oficial del Ayuntamiento de Caudete (Albacete)","robots":{"index":"index","follow":"follow","max-snippet":"max-snippet:-1","max-image-preview":"max-image-preview:large","max-video-preview":"max-video-preview:-1"},"canonical":"https:\/\/www.caudete.org\/ayuntamiento\/turismo-artesania-local\/","og_locale":"es_ES","og_type":"article","og_title":"Turismo - Artesan\u00eda Local - MI Ayuntamiento de Caudete","og_description":"P\u00e1gina Oficial del Ayuntamiento de Caudete (Albacete)","og_url":"https:\/\/www.caudete.org\/ayuntamiento\/turismo-artesania-local\/","og_site_name":"MI Ayuntamiento de Caudete","article_publisher":"https:\/\/www.facebook.com\/ayuntamientocaudete\/","article_modified_time":"2020-12-16T14:35:05+00:00","twitter_card":"summary_large_image","twitter_misc":{"Tiempo de lectura":"2 minutos"},"schema":{"@context":"https:\/\/schema.org","@graph":[{"@type":"WebPage","@id":"https:\/\/www.caudete.org\/ayuntamiento\/turismo-artesania-local\/","url":"https:\/\/www.caudete.org\/ayuntamiento\/turismo-artesania-local\/","name":"Turismo - Artesan\u00eda Local - MI Ayuntamiento de Caudete","isPartOf":{"@id":"https:\/\/www.caudete.org\/ayuntamiento\/#website"},"datePublished":"2020-12-16T14:33:43+00:00","dateModified":"2020-12-16T14:35:05+00:00","description":"P\u00e1gina Oficial del Ayuntamiento de Caudete (Albacete)","breadcrumb":{"@id":"https:\/\/www.caudete.org\/ayuntamiento\/turismo-artesania-local\/#breadcrumb"},"inLanguage":"es","potentialAction":[{"@type":"ReadAction","target":["https:\/\/www.caudete.org\/ayuntamiento\/turismo-artesania-local\/"]}]},{"@type":"BreadcrumbList","@id":"https:\/\/www.caudete.org\/ayuntamiento\/turismo-artesania-local\/#breadcrumb","itemListElement":[{"@type":"ListItem","position":1,"name":"Inicio","item":"https:\/\/www.caudete.org\/ayuntamiento\/"},{"@type":"ListItem","position":2,"name":"Turismo &#8211; Artesan\u00eda Local"}]},{"@type":"WebSite","@id":"https:\/\/www.caudete.org\/ayuntamiento\/#website","url":"https:\/\/www.caudete.org\/ayuntamiento\/","name":"MI Ayuntamiento de Caudete","description":"P\u00e1gina Oficial del MI Ayuntamiento de Caudete","potentialAction":[{"@type":"SearchAction","target":{"@type":"EntryPoint","urlTemplate":"https:\/\/www.caudete.org\/ayuntamiento\/?s={search_term_string}"},"query-input":{"@type":"PropertyValueSpecification","valueRequired":true,"valueName":"search_term_string"}}],"inLanguage":"es"}]}},"_links":{"self":[{"href":"https:\/\/www.caudete.org\/ayuntamiento\/wp-json\/wp\/v2\/pages\/9994","targetHints":{"allow":["GET"]}}],"collection":[{"href":"https:\/\/www.caudete.org\/ayuntamiento\/wp-json\/wp\/v2\/pages"}],"about":[{"href":"https:\/\/www.caudete.org\/ayuntamiento\/wp-json\/wp\/v2\/types\/page"}],"author":[{"embeddable":true,"href":"https:\/\/www.caudete.org\/ayuntamiento\/wp-json\/wp\/v2\/users\/1"}],"replies":[{"embeddable":true,"href":"https:\/\/www.caudete.org\/ayuntamiento\/wp-json\/wp\/v2\/comments?post=9994"}],"version-history":[{"count":4,"href":"https:\/\/www.caudete.org\/ayuntamiento\/wp-json\/wp\/v2\/pages\/9994\/revisions"}],"predecessor-version":[{"id":9998,"href":"https:\/\/www.caudete.org\/ayuntamiento\/wp-json\/wp\/v2\/pages\/9994\/revisions\/9998"}],"wp:attachment":[{"href":"https:\/\/www.caudete.org\/ayuntamiento\/wp-json\/wp\/v2\/media?parent=9994"}],"wp:term":[{"taxonomy":"category","embeddable":true,"href":"https:\/\/www.caudete.org\/ayuntamiento\/wp-json\/wp\/v2\/categories?post=9994"},{"taxonomy":"post_tag","embeddable":true,"href":"https:\/\/www.caudete.org\/ayuntamiento\/wp-json\/wp\/v2\/tags?post=9994"}],"curies":[{"name":"wp","href":"https:\/\/api.w.org\/{rel}","templated":true}]}}